{"id":298,"date":"2023-01-11T10:39:53","date_gmt":"2023-01-11T10:39:53","guid":{"rendered":"https:\/\/cms.easyhvs.de\/zsofiacsakany\/?page_id=298"},"modified":"2025-08-25T16:34:33","modified_gmt":"2025-08-25T16:34:33","slug":"kritik","status":"publish","type":"page","link":"https:\/\/cms.easyhvs.de\/zsofiacsakany\/kritik\/","title":{"rendered":"Kritik"},"content":{"rendered":"\n<div data-wp-interactive=\"core\/file\" class=\"wp-block-file\"><object data-wp-bind--hidden=\"!state.hasPdfPreview\" hidden class=\"wp-block-file__embed\" data=\"https:\/\/cms.easyhvs.de\/zsofiacsakany\/wp-content\/uploads\/sites\/22\/2025\/08\/badische_zeitung_2025-07-02_Gesangverein-Sulzburg.pdf\" type=\"application\/pdf\" style=\"width:100%;height:600px\" aria-label=\"Embed of badische_zeitung_2025-07-02_Gesangverein-Sulzburg.\"><\/object><a id=\"wp-block-file--media-9272fd41-ef00-4967-a181-7a58595fea00\" href=\"https:\/\/cms.easyhvs.de\/zsofiacsakany\/wp-content\/uploads\/sites\/22\/2025\/08\/badische_zeitung_2025-07-02_Gesangverein-Sulzburg.pdf\">badische_zeitung_2025-07-02_Gesangverein-Sulzburg<\/a><a href=\"https:\/\/cms.easyhvs.de\/zsofiacsakany\/wp-content\/uploads\/sites\/22\/2025\/08\/badische_zeitung_2025-07-02_Gesangverein-Sulzburg.pdf\" class=\"wp-block-file__button wp-element-button\" download aria-describedby=\"wp-block-file--media-9272fd41-ef00-4967-a181-7a58595fea00\">Download<\/a><\/div>\n\n\n\n<div data-wp-interactive=\"core\/file\" class=\"wp-block-file\"><object data-wp-bind--hidden=\"!state.hasPdfPreview\" hidden class=\"wp-block-file__embed\" data=\"https:\/\/cms.easyhvs.de\/zsofiacsakany\/wp-content\/uploads\/sites\/22\/2025\/08\/badische_zeitung_2025-06-16_Menschen-im-Markgraflerland.pdf\" type=\"application\/pdf\" style=\"width:100%;height:600px\" aria-label=\"Embed of badische_zeitung_2025-06-16_Menschen-im-Markgraflerland.\"><\/object><a id=\"wp-block-file--media-8e601992-68cf-4e1d-b483-07e31a3f0274\" href=\"https:\/\/cms.easyhvs.de\/zsofiacsakany\/wp-content\/uploads\/sites\/22\/2025\/08\/badische_zeitung_2025-06-16_Menschen-im-Markgraflerland.pdf\">badische_zeitung_2025-06-16_Menschen-im-Markgraflerland<\/a><a href=\"https:\/\/cms.easyhvs.de\/zsofiacsakany\/wp-content\/uploads\/sites\/22\/2025\/08\/badische_zeitung_2025-06-16_Menschen-im-Markgraflerland.pdf\" class=\"wp-block-file__button wp-element-button\" download aria-describedby=\"wp-block-file--media-8e601992-68cf-4e1d-b483-07e31a3f0274\">Download<\/a><\/div>\n\n\n\n<div data-wp-interactive=\"core\/file\" class=\"wp-block-file\"><object data-wp-bind--hidden=\"!state.hasPdfPreview\" hidden class=\"wp-block-file__embed\" data=\"https:\/\/cms.easyhvs.de\/zsofiacsakany\/wp-content\/uploads\/sites\/22\/2025\/08\/badische_zeitung_2025-04-07_Augustinum-Ensemble-Berthilo.pdf\" type=\"application\/pdf\" style=\"width:100%;height:600px\" aria-label=\"Embed of badische_zeitung_2025-04-07_Augustinum-Ensemble-Berthilo.\"><\/object><a id=\"wp-block-file--media-771ede31-55ce-407e-95f8-7c7f9a79ef39\" href=\"https:\/\/cms.easyhvs.de\/zsofiacsakany\/wp-content\/uploads\/sites\/22\/2025\/08\/badische_zeitung_2025-04-07_Augustinum-Ensemble-Berthilo.pdf\">badische_zeitung_2025-04-07_Augustinum-Ensemble-Berthilo<\/a><a href=\"https:\/\/cms.easyhvs.de\/zsofiacsakany\/wp-content\/uploads\/sites\/22\/2025\/08\/badische_zeitung_2025-04-07_Augustinum-Ensemble-Berthilo.pdf\" class=\"wp-block-file__button wp-element-button\" download aria-describedby=\"wp-block-file--media-771ede31-55ce-407e-95f8-7c7f9a79ef39\">Download<\/a><\/div>\n\n\n\n<div data-wp-interactive=\"core\/file\" class=\"wp-block-file\"><object data-wp-bind--hidden=\"!state.hasPdfPreview\" hidden class=\"wp-block-file__embed\" data=\"https:\/\/cms.easyhvs.de\/zsofiacsakany\/wp-content\/uploads\/sites\/22\/2025\/08\/badische_zeitung_2025-03-15_musica-pura.pdf\" type=\"application\/pdf\" style=\"width:100%;height:600px\" aria-label=\"Embed of badische_zeitung_2025-03-15_musica pura.\"><\/object><a id=\"wp-block-file--media-ea1b928f-1c6f-4209-be4f-9ceeb3f0e46e\" href=\"https:\/\/cms.easyhvs.de\/zsofiacsakany\/wp-content\/uploads\/sites\/22\/2025\/08\/badische_zeitung_2025-03-15_musica-pura.pdf\">badische_zeitung_2025-03-15_musica pura<\/a><a href=\"https:\/\/cms.easyhvs.de\/zsofiacsakany\/wp-content\/uploads\/sites\/22\/2025\/08\/badische_zeitung_2025-03-15_musica-pura.pdf\" class=\"wp-block-file__button wp-element-button\" download aria-describedby=\"wp-block-file--media-ea1b928f-1c6f-4209-be4f-9ceeb3f0e46e\">Download<\/a><\/div>\n\n\n\n<div data-wp-interactive=\"core\/file\" class=\"wp-block-file\"><object data-wp-bind--hidden=\"!state.hasPdfPreview\" hidden class=\"wp-block-file__embed\" data=\"https:\/\/cms.easyhvs.de\/zsofiacsakany\/wp-content\/uploads\/sites\/22\/2025\/02\/badische_zeitung_2025-01-09_399913762.pdf\" type=\"application\/pdf\" style=\"width:100%;height:600px\" aria-label=\"Embed of badische_zeitung_2025-01-09_399913762.\"><\/object><a id=\"wp-block-file--media-7054905d-7a82-4f9f-abc8-93e41b7feb8c\" href=\"https:\/\/cms.easyhvs.de\/zsofiacsakany\/wp-content\/uploads\/sites\/22\/2025\/02\/badische_zeitung_2025-01-09_399913762.pdf\">badische_zeitung_2025-01-09_399913762<\/a><a href=\"https:\/\/cms.easyhvs.de\/zsofiacsakany\/wp-content\/uploads\/sites\/22\/2025\/02\/badische_zeitung_2025-01-09_399913762.pdf\" class=\"wp-block-file__button wp-element-button\" download aria-describedby=\"wp-block-file--media-7054905d-7a82-4f9f-abc8-93e41b7feb8c\">Download<\/a><\/div>\n\n\n\n<p><\/p>\n\n\n\n<h1 class=\"wp-block-heading\">Ergreifende Vokalmusik auf dem &#8220;Weg der Liebe&#8221;<\/h1>\n\n\n\n<p>Von <a href=\"https:\/\/www.badische-zeitung.de\/bianca-flier--152021406.html\">Bianca Flier<\/a><\/p>\n\n\n\n<p><a href=\"https:\/\/www.badische-zeitung.de\/archiv\/2023\/04\/05\">Mi, 05. April 2023<\/a><\/p>\n\n\n\n<p><a href=\"https:\/\/www.badische-zeitung.de\/sulzburg\">Sulzburg<\/a><\/p>\n\n\n\n<p><strong>Spiritualit\u00e4t und Musik sind bei einem Konzert mit dem Vokalensemble Berthilo eine eindrucksvolle Verbindung eingegangen. Dazu trug auch der Konzertort, die Klosterkirche St. Cyriak in Sulzburg, bei.<\/strong><\/p>\n\n\n\n<figure class=\"wp-block-image size-large\"><a href=\"https:\/\/www.badische-zeitung.de\/ergreifende-vokalmusik-auf-dem-weg-der-liebe\" target=\"_blank\" rel=\"noreferrer noopener\"><img loading=\"lazy\" decoding=\"async\" width=\"1024\" height=\"601\" src=\"https:\/\/cms.easyhvs.de\/zsofiacsakany\/wp-content\/uploads\/sites\/22\/2023\/04\/2023-01-06_Berthilo_Kritik-1024x601.jpg\" alt=\"\" class=\"wp-image-341\" srcset=\"https:\/\/cms.easyhvs.de\/zsofiacsakany\/wp-content\/uploads\/sites\/22\/2023\/04\/2023-01-06_Berthilo_Kritik-1024x601.jpg 1024w, https:\/\/cms.easyhvs.de\/zsofiacsakany\/wp-content\/uploads\/sites\/22\/2023\/04\/2023-01-06_Berthilo_Kritik-300x176.jpg 300w, https:\/\/cms.easyhvs.de\/zsofiacsakany\/wp-content\/uploads\/sites\/22\/2023\/04\/2023-01-06_Berthilo_Kritik-768x451.jpg 768w, https:\/\/cms.easyhvs.de\/zsofiacsakany\/wp-content\/uploads\/sites\/22\/2023\/04\/2023-01-06_Berthilo_Kritik.jpg 1227w\" sizes=\"auto, (max-width: 1024px) 100vw, 1024px\" \/><\/a><figcaption class=\"wp-element-caption\"><a href=\"https:\/\/www.badische-zeitung.de\/ergreifende-vokalmusik-auf-dem-weg-der-liebe\" target=\"_blank\" rel=\"noreferrer noopener\">Das Vokalensemble Berthilo unter der Leitung von Kantorin und Organistin Zs\u00f3fia Cs\u00e1k\u00e1ny Foto:&nbsp;Bianca&nbsp;Flier<\/a><\/figcaption><\/figure>\n\n\n\n<p>&#8220;Der Weg der Liebe&#8221; lautete das Motto zu einem Konzert, das am Palmsonntag vom Vokalensemble Berthilo und Kantorin Zs\u00f3fia Cs\u00e1k\u00e1ny in der ehemaligen Klosterkirche St. Cyriak gegeben wurde. Im Mittelpunkt der Auff\u00fchrung stand die &#8220;Missa Brevis&#8221; von Palestrina. Pfarrerin Eva B\u00f6hme bereicherte die Musik mit geistlichen Impulsen zum Thema &#8220;Glaube und Liebe&#8221;.<\/p>\n\n\n\n<p>Zum Auftakt pr\u00e4sentierte Zs\u00f3fia Cs\u00e1k\u00e1ny an der Orgel eine virtuos gespielte Interpretation von Johann Sebastian Bachs &#8220;Fantasie in G&#8221; (BWV 572). Mit gro\u00dfem Einf\u00fchlungsverm\u00f6gen lotete sie die hellen und heiteren Kl\u00e4nge sowie die machtvollen und feierlichen Aspekte der Komposition aus.<br><br>Giovanni Pierluigis &#8220;Missa Brevis&#8221; wurde vom Ensemble Berthilo unter der Cs\u00e1k\u00e1nys Leitung mit akribischer A-cappella-Disziplin und bester Interpretationskunst dargeboten. Schon beim &#8220;Kyrie&#8221; bestach die perfekte polyphonische Ausgewogenheit, die sich in den weiteren liturgischen S\u00e4tzen fortsetzte. Das in vitalen, triumphierenden Klangbildern gesungene &#8220;Gloria&#8221;, die ergreifende Innigkeit des &#8220;Credo&#8221; und das feierlich getragene &#8220;Sanctus&#8221; verrieten nicht nur technisches K\u00f6nnen, sondern auch das Verm\u00f6gen des Ensembles, sich in die spirituelle Sch\u00f6nheit der Komposition hineinzudenken. Voll frommer Hingabe wurden das &#8220;Benedictus&#8221; und die beiden &#8220;Agnus Dei&#8221; in Szene gesetzt. Die gesamte Darbietung hatte eine anr\u00fchrende Wirkung, der man sich nicht entziehen konnte. Dabei nutzte das Ensemble die hervorragende Akustik des erh\u00f6hten Chorraums.<br><br>F\u00fcr den Vortrag des &#8220;Ave verum&#8221; von Alexandre Guilmant wechselte das Ensemble zur Orgelempore. Gesang und Orgelbegleitung verbanden sich bei dieser Interpretation mit sakraler Intensit\u00e4t zu einer ergreifenden Ganzheit. Sorgf\u00e4ltig ausgearbeitet war auch die Gestaltung des A-cappella-Vortrags von Ola Gjeilos zeitgen\u00f6ssischem &#8220;Ubi caritas&#8221;.<\/p>\n\n\n\n<p>Beim Orgelintermezzo mit Johann Kuhnaus &#8220;Biblische Sonate&#8221; Nr. 4 demonstrierte Zs\u00f3fia Cs\u00e1k\u00e1ny noch einmal ihre Interpretationsf\u00e4higkeit. Mit opulenten Klangbildern lie\u00df sie vor dem geistigen Auge des H\u00f6rers die biblische Geschichte des todkranken Hiskias und seiner wundersamen Gesundung entstehen. Das sich im Werk wiederholende Thema des Karfreitagshymnus &#8220;O Haupt voll Blut und Wunden&#8221; wurde von ihr in melancholisch-d\u00fcsteren, tr\u00f6stlichen, fr\u00f6hlichen und schlie\u00dflich triumphierenden Kl\u00e4ngen variiert. F\u00fcr das Konzertfinale positionierte sich das Vokalensemble direkt vor dem Altar, wo es in hingebungsvoller Manier Rihard Dubras&#8221; &#8220;O Crux ave&#8221; erklingen lie\u00df. Beim herzergreifenden Schlusslied &#8220;Der Weg der Liebe&#8221; von Jerker Leijon bereicherte dann die Schola, die sich bisher im Publikum &#8220;versteckt&#8221; gehalten hatte, den Gesang.<br><br>Zwischen den musikalischen Darbietungen lie\u00df Pfarrerin Eva B\u00f6hme die Zuh\u00f6rer immer wieder mit Impulsen zum Thema &#8220;Glaube und Liebe&#8221; aufhorchen. Mit teilweise dramatischen Appellen und bewegenden Zitaten sprach sie von Frieden, Verzeihung und Feindesliebe statt Hass und Krieg. Worte, welche die tr\u00f6stende Kraft Gottes als ein liebender Vater und eine f\u00fcrsorgliche Mutter beschworen. Es gab lange anhaltenden Applaus, woraufhin das Ensemble Berthilo die H\u00f6rer mit dem wundersch\u00f6nen Gutenachtlied &#8220;Du l\u00e4sst den Tag, o Gott, nun enden&#8221; in den Abend entlie\u00df.<\/p>\n\n\n\n<div style=\"height:100px\" aria-hidden=\"true\" class=\"wp-block-spacer\"><\/div>\n\n\n\n<p><\/p>\n\n\n\n<div data-wp-interactive=\"core\/file\" class=\"wp-block-file\"><object data-wp-bind--hidden=\"!state.hasPdfPreview\" hidden class=\"wp-block-file__embed\" data=\"https:\/\/cms.easyhvs.de\/zsofiacsakany\/wp-content\/uploads\/sites\/22\/2023\/01\/badische_zeitung_2023-01-09_235768986.pdf\" type=\"application\/pdf\" style=\"width:100%;height:600px\" aria-label=\"Embed of badische_zeitung_2023-01-09_235768986.\"><\/object><a id=\"wp-block-file--media-61bb8e14-a820-414f-be14-4245aa5f5d27\" href=\"https:\/\/cms.easyhvs.de\/zsofiacsakany\/wp-content\/uploads\/sites\/22\/2023\/01\/badische_zeitung_2023-01-09_235768986.pdf\">badische_zeitung_2023-01-09_235768986<\/a><a href=\"https:\/\/cms.easyhvs.de\/zsofiacsakany\/wp-content\/uploads\/sites\/22\/2023\/01\/badische_zeitung_2023-01-09_235768986.pdf\" class=\"wp-block-file__button wp-element-button\" download aria-describedby=\"wp-block-file--media-61bb8e14-a820-414f-be14-4245aa5f5d27\">Download<\/a><\/div>\n","protected":false},"excerpt":{"rendered":"<p>Ergreifende Vokalmusik auf dem &#8220;Weg der Liebe&#8221; Von Bianca Flier Mi, 05. April 2023 Sulzburg Spiritualit\u00e4t und Musik sind bei einem Konzert mit dem Vokalensemble Berthilo eine eindrucksvolle Verbindung eingegangen. Dazu trug auch der Konzertort, die Klosterkirche St. Cyriak in Sulzburg, bei. &#8220;Der Weg der Liebe&#8221; lautete das Motto zu einem Konzert, das am Palmsonntag [&hellip;]<\/p>\n","protected":false},"author":2,"featured_media":0,"parent":0,"menu_order":0,"comment_status":"closed","ping_status":"closed","template":"","meta":{"ocean_post_layout":"","ocean_both_sidebars_style":"","ocean_both_sidebars_content_width":0,"ocean_both_sidebars_sidebars_width":0,"ocean_sidebar":"0","ocean_second_sidebar":"0","ocean_disable_margins":"enable","ocean_add_body_class":"","ocean_shortcode_before_top_bar":"","ocean_shortcode_after_top_bar":"","ocean_shortcode_before_header":"","ocean_shortcode_after_header":"","ocean_has_shortcode":"","ocean_shortcode_after_title":"","ocean_shortcode_before_footer_widgets":"","ocean_shortcode_after_footer_widgets":"","ocean_shortcode_before_footer_bottom":"","ocean_shortcode_after_footer_bottom":"","ocean_display_top_bar":"default","ocean_display_header":"default","ocean_header_style":"","ocean_center_header_left_menu":"0","ocean_custom_header_template":"0","ocean_custom_logo":0,"ocean_custom_retina_logo":0,"ocean_custom_logo_max_width":0,"ocean_custom_logo_tablet_max_width":0,"ocean_custom_logo_mobile_max_width":0,"ocean_custom_logo_max_height":0,"ocean_custom_logo_tablet_max_height":0,"ocean_custom_logo_mobile_max_height":0,"ocean_header_custom_menu":"0","ocean_menu_typo_font_family":"0","ocean_menu_typo_font_subset":"","ocean_menu_typo_font_size":0,"ocean_menu_typo_font_size_tablet":0,"ocean_menu_typo_font_size_mobile":0,"ocean_menu_typo_font_size_unit":"px","ocean_menu_typo_font_weight":"","ocean_menu_typo_font_weight_tablet":"","ocean_menu_typo_font_weight_mobile":"","ocean_menu_typo_transform":"","ocean_menu_typo_transform_tablet":"","ocean_menu_typo_transform_mobile":"","ocean_menu_typo_line_height":0,"ocean_menu_typo_line_height_tablet":0,"ocean_menu_typo_line_height_mobile":0,"ocean_menu_typo_line_height_unit":"","ocean_menu_typo_spacing":0,"ocean_menu_typo_spacing_tablet":0,"ocean_menu_typo_spacing_mobile":0,"ocean_menu_typo_spacing_unit":"","ocean_menu_link_color":"","ocean_menu_link_color_hover":"","ocean_menu_link_color_active":"","ocean_menu_link_background":"","ocean_menu_link_hover_background":"","ocean_menu_link_active_background":"","ocean_menu_social_links_bg":"","ocean_menu_social_hover_links_bg":"","ocean_menu_social_links_color":"","ocean_menu_social_hover_links_color":"","ocean_disable_title":"default","ocean_disable_heading":"default","ocean_post_title":"","ocean_post_subheading":"","ocean_post_title_style":"","ocean_post_title_background_color":"","ocean_post_title_background":0,"ocean_post_title_bg_image_position":"","ocean_post_title_bg_image_attachment":"","ocean_post_title_bg_image_repeat":"","ocean_post_title_bg_image_size":"","ocean_post_title_height":0,"ocean_post_title_bg_overlay":0.5,"ocean_post_title_bg_overlay_color":"","ocean_disable_breadcrumbs":"default","ocean_breadcrumbs_color":"","ocean_breadcrumbs_separator_color":"","ocean_breadcrumbs_links_color":"","ocean_breadcrumbs_links_hover_color":"","ocean_display_footer_widgets":"default","ocean_display_footer_bottom":"default","ocean_custom_footer_template":"0","footnotes":""},"class_list":["post-298","page","type-page","status-publish","hentry","entry"],"yoast_head":"<!-- This site is optimized with the Yoast SEO plugin v27.4 - https:\/\/yoast.com\/product\/yoast-seo-wordpress\/ -->\n<title>Kritik - Zsofia Csakany<\/title>\n<meta name=\"robots\" content=\"index, follow, max-snippet:-1, max-image-preview:large, max-video-preview:-1\" \/>\n<link rel=\"canonical\" href=\"https:\/\/cms.easyhvs.de\/zsofiacsakany\/kritik\/\" \/>\n<meta property=\"og:locale\" content=\"en_US\" \/>\n<meta property=\"og:type\" content=\"article\" \/>\n<meta property=\"og:title\" content=\"Kritik - Zsofia Csakany\" \/>\n<meta property=\"og:description\" content=\"Ergreifende Vokalmusik auf dem &#8220;Weg der Liebe&#8221; Von Bianca Flier Mi, 05. April 2023 Sulzburg Spiritualit\u00e4t und Musik sind bei einem Konzert mit dem Vokalensemble Berthilo eine eindrucksvolle Verbindung eingegangen. Dazu trug auch der Konzertort, die Klosterkirche St. Cyriak in Sulzburg, bei. &#8220;Der Weg der Liebe&#8221; lautete das Motto zu einem Konzert, das am Palmsonntag [&hellip;]\" \/>\n<meta property=\"og:url\" content=\"https:\/\/cms.easyhvs.de\/zsofiacsakany\/kritik\/\" \/>\n<meta property=\"og:site_name\" content=\"Zsofia Csakany\" \/>\n<meta property=\"article:modified_time\" content=\"2025-08-25T16:34:33+00:00\" \/>\n<meta property=\"og:image\" content=\"https:\/\/cms.easyhvs.de\/zsofiacsakany\/wp-content\/uploads\/sites\/22\/2023\/04\/2023-01-06_Berthilo_Kritik-1024x601.jpg\" \/>\n<meta name=\"twitter:card\" content=\"summary_large_image\" \/>\n<meta name=\"twitter:label1\" content=\"Est. reading time\" \/>\n\t<meta name=\"twitter:data1\" content=\"3 minutes\" \/>\n<script type=\"application\/ld+json\" class=\"yoast-schema-graph\">{\"@context\":\"https:\\\/\\\/schema.org\",\"@graph\":[{\"@type\":\"WebPage\",\"@id\":\"https:\\\/\\\/cms.easyhvs.de\\\/zsofiacsakany\\\/kritik\\\/\",\"url\":\"https:\\\/\\\/cms.easyhvs.de\\\/zsofiacsakany\\\/kritik\\\/\",\"name\":\"Kritik - Zsofia Csakany\",\"isPartOf\":{\"@id\":\"https:\\\/\\\/cms.easyhvs.de\\\/zsofiacsakany\\\/#website\"},\"primaryImageOfPage\":{\"@id\":\"https:\\\/\\\/cms.easyhvs.de\\\/zsofiacsakany\\\/kritik\\\/#primaryimage\"},\"image\":{\"@id\":\"https:\\\/\\\/cms.easyhvs.de\\\/zsofiacsakany\\\/kritik\\\/#primaryimage\"},\"thumbnailUrl\":\"https:\\\/\\\/cms.easyhvs.de\\\/zsofiacsakany\\\/wp-content\\\/uploads\\\/sites\\\/22\\\/2023\\\/04\\\/2023-01-06_Berthilo_Kritik-1024x601.jpg\",\"datePublished\":\"2023-01-11T10:39:53+00:00\",\"dateModified\":\"2025-08-25T16:34:33+00:00\",\"breadcrumb\":{\"@id\":\"https:\\\/\\\/cms.easyhvs.de\\\/zsofiacsakany\\\/kritik\\\/#breadcrumb\"},\"inLanguage\":\"en-US\",\"potentialAction\":[{\"@type\":\"ReadAction\",\"target\":[\"https:\\\/\\\/cms.easyhvs.de\\\/zsofiacsakany\\\/kritik\\\/\"]}]},{\"@type\":\"ImageObject\",\"inLanguage\":\"en-US\",\"@id\":\"https:\\\/\\\/cms.easyhvs.de\\\/zsofiacsakany\\\/kritik\\\/#primaryimage\",\"url\":\"https:\\\/\\\/cms.easyhvs.de\\\/zsofiacsakany\\\/wp-content\\\/uploads\\\/sites\\\/22\\\/2023\\\/04\\\/2023-01-06_Berthilo_Kritik.jpg\",\"contentUrl\":\"https:\\\/\\\/cms.easyhvs.de\\\/zsofiacsakany\\\/wp-content\\\/uploads\\\/sites\\\/22\\\/2023\\\/04\\\/2023-01-06_Berthilo_Kritik.jpg\",\"width\":1227,\"height\":720},{\"@type\":\"BreadcrumbList\",\"@id\":\"https:\\\/\\\/cms.easyhvs.de\\\/zsofiacsakany\\\/kritik\\\/#breadcrumb\",\"itemListElement\":[{\"@type\":\"ListItem\",\"position\":1,\"name\":\"Home\",\"item\":\"https:\\\/\\\/cms.easyhvs.de\\\/zsofiacsakany\\\/\"},{\"@type\":\"ListItem\",\"position\":2,\"name\":\"Kritik\"}]},{\"@type\":\"WebSite\",\"@id\":\"https:\\\/\\\/cms.easyhvs.de\\\/zsofiacsakany\\\/#website\",\"url\":\"https:\\\/\\\/cms.easyhvs.de\\\/zsofiacsakany\\\/\",\"name\":\"Zsofia Csakany\",\"description\":\"aktuelle Konzerte\",\"publisher\":{\"@id\":\"https:\\\/\\\/cms.easyhvs.de\\\/zsofiacsakany\\\/#organization\"},\"potentialAction\":[{\"@type\":\"SearchAction\",\"target\":{\"@type\":\"EntryPoint\",\"urlTemplate\":\"https:\\\/\\\/cms.easyhvs.de\\\/zsofiacsakany\\\/?s={search_term_string}\"},\"query-input\":{\"@type\":\"PropertyValueSpecification\",\"valueRequired\":true,\"valueName\":\"search_term_string\"}}],\"inLanguage\":\"en-US\"},{\"@type\":\"Organization\",\"@id\":\"https:\\\/\\\/cms.easyhvs.de\\\/zsofiacsakany\\\/#organization\",\"name\":\"Zsofia Csakany\",\"url\":\"https:\\\/\\\/cms.easyhvs.de\\\/zsofiacsakany\\\/\",\"logo\":{\"@type\":\"ImageObject\",\"inLanguage\":\"en-US\",\"@id\":\"https:\\\/\\\/cms.easyhvs.de\\\/zsofiacsakany\\\/#\\\/schema\\\/logo\\\/image\\\/\",\"url\":\"https:\\\/\\\/cms.easyhvs.de\\\/zsofiacsakany\\\/wp-content\\\/uploads\\\/sites\\\/22\\\/2022\\\/08\\\/Logo_Cyriak_schwarz-1.png\",\"contentUrl\":\"https:\\\/\\\/cms.easyhvs.de\\\/zsofiacsakany\\\/wp-content\\\/uploads\\\/sites\\\/22\\\/2022\\\/08\\\/Logo_Cyriak_schwarz-1.png\",\"width\":264,\"height\":337,\"caption\":\"Zsofia Csakany\"},\"image\":{\"@id\":\"https:\\\/\\\/cms.easyhvs.de\\\/zsofiacsakany\\\/#\\\/schema\\\/logo\\\/image\\\/\"}}]}<\/script>\n<!-- \/ Yoast SEO plugin. -->","yoast_head_json":{"title":"Kritik - Zsofia Csakany","robots":{"index":"index","follow":"follow","max-snippet":"max-snippet:-1","max-image-preview":"max-image-preview:large","max-video-preview":"max-video-preview:-1"},"canonical":"https:\/\/cms.easyhvs.de\/zsofiacsakany\/kritik\/","og_locale":"en_US","og_type":"article","og_title":"Kritik - Zsofia Csakany","og_description":"Ergreifende Vokalmusik auf dem &#8220;Weg der Liebe&#8221; Von Bianca Flier Mi, 05. April 2023 Sulzburg Spiritualit\u00e4t und Musik sind bei einem Konzert mit dem Vokalensemble Berthilo eine eindrucksvolle Verbindung eingegangen. Dazu trug auch der Konzertort, die Klosterkirche St. Cyriak in Sulzburg, bei. &#8220;Der Weg der Liebe&#8221; lautete das Motto zu einem Konzert, das am Palmsonntag [&hellip;]","og_url":"https:\/\/cms.easyhvs.de\/zsofiacsakany\/kritik\/","og_site_name":"Zsofia Csakany","article_modified_time":"2025-08-25T16:34:33+00:00","og_image":[{"url":"https:\/\/cms.easyhvs.de\/zsofiacsakany\/wp-content\/uploads\/sites\/22\/2023\/04\/2023-01-06_Berthilo_Kritik-1024x601.jpg","type":"","width":"","height":""}],"twitter_card":"summary_large_image","twitter_misc":{"Est. reading time":"3 minutes"},"schema":{"@context":"https:\/\/schema.org","@graph":[{"@type":"WebPage","@id":"https:\/\/cms.easyhvs.de\/zsofiacsakany\/kritik\/","url":"https:\/\/cms.easyhvs.de\/zsofiacsakany\/kritik\/","name":"Kritik - Zsofia Csakany","isPartOf":{"@id":"https:\/\/cms.easyhvs.de\/zsofiacsakany\/#website"},"primaryImageOfPage":{"@id":"https:\/\/cms.easyhvs.de\/zsofiacsakany\/kritik\/#primaryimage"},"image":{"@id":"https:\/\/cms.easyhvs.de\/zsofiacsakany\/kritik\/#primaryimage"},"thumbnailUrl":"https:\/\/cms.easyhvs.de\/zsofiacsakany\/wp-content\/uploads\/sites\/22\/2023\/04\/2023-01-06_Berthilo_Kritik-1024x601.jpg","datePublished":"2023-01-11T10:39:53+00:00","dateModified":"2025-08-25T16:34:33+00:00","breadcrumb":{"@id":"https:\/\/cms.easyhvs.de\/zsofiacsakany\/kritik\/#breadcrumb"},"inLanguage":"en-US","potentialAction":[{"@type":"ReadAction","target":["https:\/\/cms.easyhvs.de\/zsofiacsakany\/kritik\/"]}]},{"@type":"ImageObject","inLanguage":"en-US","@id":"https:\/\/cms.easyhvs.de\/zsofiacsakany\/kritik\/#primaryimage","url":"https:\/\/cms.easyhvs.de\/zsofiacsakany\/wp-content\/uploads\/sites\/22\/2023\/04\/2023-01-06_Berthilo_Kritik.jpg","contentUrl":"https:\/\/cms.easyhvs.de\/zsofiacsakany\/wp-content\/uploads\/sites\/22\/2023\/04\/2023-01-06_Berthilo_Kritik.jpg","width":1227,"height":720},{"@type":"BreadcrumbList","@id":"https:\/\/cms.easyhvs.de\/zsofiacsakany\/kritik\/#breadcrumb","itemListElement":[{"@type":"ListItem","position":1,"name":"Home","item":"https:\/\/cms.easyhvs.de\/zsofiacsakany\/"},{"@type":"ListItem","position":2,"name":"Kritik"}]},{"@type":"WebSite","@id":"https:\/\/cms.easyhvs.de\/zsofiacsakany\/#website","url":"https:\/\/cms.easyhvs.de\/zsofiacsakany\/","name":"Zsofia Csakany","description":"aktuelle Konzerte","publisher":{"@id":"https:\/\/cms.easyhvs.de\/zsofiacsakany\/#organization"},"potentialAction":[{"@type":"SearchAction","target":{"@type":"EntryPoint","urlTemplate":"https:\/\/cms.easyhvs.de\/zsofiacsakany\/?s={search_term_string}"},"query-input":{"@type":"PropertyValueSpecification","valueRequired":true,"valueName":"search_term_string"}}],"inLanguage":"en-US"},{"@type":"Organization","@id":"https:\/\/cms.easyhvs.de\/zsofiacsakany\/#organization","name":"Zsofia Csakany","url":"https:\/\/cms.easyhvs.de\/zsofiacsakany\/","logo":{"@type":"ImageObject","inLanguage":"en-US","@id":"https:\/\/cms.easyhvs.de\/zsofiacsakany\/#\/schema\/logo\/image\/","url":"https:\/\/cms.easyhvs.de\/zsofiacsakany\/wp-content\/uploads\/sites\/22\/2022\/08\/Logo_Cyriak_schwarz-1.png","contentUrl":"https:\/\/cms.easyhvs.de\/zsofiacsakany\/wp-content\/uploads\/sites\/22\/2022\/08\/Logo_Cyriak_schwarz-1.png","width":264,"height":337,"caption":"Zsofia Csakany"},"image":{"@id":"https:\/\/cms.easyhvs.de\/zsofiacsakany\/#\/schema\/logo\/image\/"}}]}},"_links":{"self":[{"href":"https:\/\/cms.easyhvs.de\/zsofiacsakany\/wp-json\/wp\/v2\/pages\/298","targetHints":{"allow":["GET"]}}],"collection":[{"href":"https:\/\/cms.easyhvs.de\/zsofiacsakany\/wp-json\/wp\/v2\/pages"}],"about":[{"href":"https:\/\/cms.easyhvs.de\/zsofiacsakany\/wp-json\/wp\/v2\/types\/page"}],"author":[{"embeddable":true,"href":"https:\/\/cms.easyhvs.de\/zsofiacsakany\/wp-json\/wp\/v2\/users\/2"}],"replies":[{"embeddable":true,"href":"https:\/\/cms.easyhvs.de\/zsofiacsakany\/wp-json\/wp\/v2\/comments?post=298"}],"version-history":[{"count":10,"href":"https:\/\/cms.easyhvs.de\/zsofiacsakany\/wp-json\/wp\/v2\/pages\/298\/revisions"}],"predecessor-version":[{"id":530,"href":"https:\/\/cms.easyhvs.de\/zsofiacsakany\/wp-json\/wp\/v2\/pages\/298\/revisions\/530"}],"wp:attachment":[{"href":"https:\/\/cms.easyhvs.de\/zsofiacsakany\/wp-json\/wp\/v2\/media?parent=298"}],"curies":[{"name":"wp","href":"https:\/\/api.w.org\/{rel}","templated":true}]}}