{"id":187,"date":"2022-08-05T10:05:48","date_gmt":"2022-08-05T10:05:48","guid":{"rendered":"https:\/\/cms.easyhvs.de\/zsofiacsakany\/?page_id=187"},"modified":"2024-04-08T09:50:52","modified_gmt":"2024-04-08T09:50:52","slug":"zc","status":"publish","type":"page","link":"https:\/\/cms.easyhvs.de\/zsofiacsakany\/zc\/","title":{"rendered":"Zs\u00f3fia Cs\u00e1k\u00e1ny"},"content":{"rendered":"\n<div class=\"wp-block-columns is-layout-flex wp-container-core-columns-is-layout-9d6595d7 wp-block-columns-is-layout-flex\">\n<div class=\"wp-block-column is-layout-flow wp-block-column-is-layout-flow\"><\/div>\n<\/div>\n\n\n\n<div class=\"wp-block-columns is-layout-flex wp-container-core-columns-is-layout-9d6595d7 wp-block-columns-is-layout-flex\">\n<div class=\"wp-block-column is-layout-flow wp-block-column-is-layout-flow\" style=\"flex-basis:33.33%\">\n<figure class=\"wp-block-image size-large\"><img loading=\"lazy\" decoding=\"async\" width=\"683\" height=\"1024\" src=\"https:\/\/cms.easyhvs.de\/zsofiacsakany\/wp-content\/uploads\/sites\/22\/2024\/03\/profil.jobbra_1280_vilagos-683x1024.jpg\" alt=\"\" class=\"wp-image-431\" srcset=\"https:\/\/cms.easyhvs.de\/zsofiacsakany\/wp-content\/uploads\/sites\/22\/2024\/03\/profil.jobbra_1280_vilagos-683x1024.jpg 683w, https:\/\/cms.easyhvs.de\/zsofiacsakany\/wp-content\/uploads\/sites\/22\/2024\/03\/profil.jobbra_1280_vilagos-200x300.jpg 200w, https:\/\/cms.easyhvs.de\/zsofiacsakany\/wp-content\/uploads\/sites\/22\/2024\/03\/profil.jobbra_1280_vilagos-768x1152.jpg 768w, https:\/\/cms.easyhvs.de\/zsofiacsakany\/wp-content\/uploads\/sites\/22\/2024\/03\/profil.jobbra_1280_vilagos-1024x1536.jpg 1024w, https:\/\/cms.easyhvs.de\/zsofiacsakany\/wp-content\/uploads\/sites\/22\/2024\/03\/profil.jobbra_1280_vilagos.jpg 1280w\" sizes=\"auto, (max-width: 683px) 100vw, 683px\" \/><\/figure>\n<\/div>\n\n\n\n<div class=\"wp-block-column is-layout-flow wp-block-column-is-layout-flow\" style=\"flex-basis:66.66%\">\n<p><strong>Zs\u00f3fia Cs\u00e1k\u00e1ny<\/strong> geb\u00fcrtige Ungarin aus Siebenb\u00fcrgen (Rum\u00e4nien) studierte Orgel, Klavier, Musikwissenschaft und Chorleitung an der Musikhochschule Gheorghe Dima in Cluj, Rum\u00e4nien.<\/p>\n\n\n\n<p>Ihr musikalischer Weg f\u00fchrte sie nach Deutschland zur Orgelklasse des Max Reger und Johann Sebastian Bach Spezialisten, Prof. Christoph Bossert an der Hochschule f\u00fcr Musik Trossingen. Nach dem Master in K\u00fcnstlerische Ausbildung Orgel erfolgte noch ein Master in Alte Musik, historische Tasteninstrumente.<\/p>\n\n\n\n<p>Zu ihren Mentoren geh\u00f6ren Judit G\u00e1bos, J\u00f3zsef Birtalan, Istv\u00e1n Angi, Christoph Bossert, Hans-Ola Ericsson und Edoardo Bellotti. Ihr k\u00fcnstlerischer Werdegang wurde auch von zahlreiche Meisterkursen f\u00fcr Chorleitung und Orgel mit Paolo Crivellaro, Luigi Ferdinando Tagliavini, Harald Vogel, Jean-Claude Zehnder, Zsigmond Szathm\u00e1ry, Eric Ericson und Helmut Rilling gepr\u00e4gt.<\/p>\n\n\n\n<p>Ihre Konzertreisen f\u00fchrten sie neben Deutschland nach Italien, Ungarn, Rum\u00e4nien, Algerien, Schweden, Norwegen, Serbien und Frankreich. Seit Juli 2019 ist sie Kantorin in St. Cyriak, Sulzburg.<\/p>\n<\/div>\n<\/div>\n","protected":false},"excerpt":{"rendered":"<p>Zs\u00f3fia Cs\u00e1k\u00e1ny geb\u00fcrtige Ungarin aus Siebenb\u00fcrgen (Rum\u00e4nien) studierte Orgel, Klavier, Musikwissenschaft und Chorleitung an der Musikhochschule Gheorghe Dima in Cluj, Rum\u00e4nien. Ihr musikalischer Weg f\u00fchrte sie nach Deutschland zur Orgelklasse des Max Reger und Johann Sebastian Bach Spezialisten, Prof. Christoph Bossert an der Hochschule f\u00fcr Musik Trossingen. Nach dem Master in K\u00fcnstlerische Ausbildung Orgel erfolgte [&hellip;]<\/p>\n","protected":false},"author":2,"featured_media":0,"parent":0,"menu_order":0,"comment_status":"closed","ping_status":"closed","template":"","meta":{"ocean_post_layout":"","ocean_both_sidebars_style":"","ocean_both_sidebars_content_width":0,"ocean_both_sidebars_sidebars_width":0,"ocean_sidebar":"0","ocean_second_sidebar":"0","ocean_disable_margins":"enable","ocean_add_body_class":"","ocean_shortcode_before_top_bar":"","ocean_shortcode_after_top_bar":"","ocean_shortcode_before_header":"","ocean_shortcode_after_header":"","ocean_has_shortcode":"","ocean_shortcode_after_title":"","ocean_shortcode_before_footer_widgets":"","ocean_shortcode_after_footer_widgets":"","ocean_shortcode_before_footer_bottom":"","ocean_shortcode_after_footer_bottom":"","ocean_display_top_bar":"default","ocean_display_header":"default","ocean_header_style":"","ocean_center_header_left_menu":"0","ocean_custom_header_template":"0","ocean_custom_logo":0,"ocean_custom_retina_logo":0,"ocean_custom_logo_max_width":0,"ocean_custom_logo_tablet_max_width":0,"ocean_custom_logo_mobile_max_width":0,"ocean_custom_logo_max_height":0,"ocean_custom_logo_tablet_max_height":0,"ocean_custom_logo_mobile_max_height":0,"ocean_header_custom_menu":"0","ocean_menu_typo_font_family":"0","ocean_menu_typo_font_subset":"","ocean_menu_typo_font_size":0,"ocean_menu_typo_font_size_tablet":0,"ocean_menu_typo_font_size_mobile":0,"ocean_menu_typo_font_size_unit":"px","ocean_menu_typo_font_weight":"","ocean_menu_typo_font_weight_tablet":"","ocean_menu_typo_font_weight_mobile":"","ocean_menu_typo_transform":"","ocean_menu_typo_transform_tablet":"","ocean_menu_typo_transform_mobile":"","ocean_menu_typo_line_height":0,"ocean_menu_typo_line_height_tablet":0,"ocean_menu_typo_line_height_mobile":0,"ocean_menu_typo_line_height_unit":"","ocean_menu_typo_spacing":0,"ocean_menu_typo_spacing_tablet":0,"ocean_menu_typo_spacing_mobile":0,"ocean_menu_typo_spacing_unit":"","ocean_menu_link_color":"","ocean_menu_link_color_hover":"","ocean_menu_link_color_active":"","ocean_menu_link_background":"","ocean_menu_link_hover_background":"","ocean_menu_link_active_background":"","ocean_menu_social_links_bg":"","ocean_menu_social_hover_links_bg":"","ocean_menu_social_links_color":"","ocean_menu_social_hover_links_color":"","ocean_disable_title":"default","ocean_disable_heading":"default","ocean_post_title":"","ocean_post_subheading":"","ocean_post_title_style":"","ocean_post_title_background_color":"","ocean_post_title_background":0,"ocean_post_title_bg_image_position":"","ocean_post_title_bg_image_attachment":"","ocean_post_title_bg_image_repeat":"","ocean_post_title_bg_image_size":"","ocean_post_title_height":0,"ocean_post_title_bg_overlay":0.5,"ocean_post_title_bg_overlay_color":"","ocean_disable_breadcrumbs":"default","ocean_breadcrumbs_color":"","ocean_breadcrumbs_separator_color":"","ocean_breadcrumbs_links_color":"","ocean_breadcrumbs_links_hover_color":"","ocean_display_footer_widgets":"default","ocean_display_footer_bottom":"default","ocean_custom_footer_template":"0","footnotes":""},"class_list":["post-187","page","type-page","status-publish","hentry","entry"],"yoast_head":"<!-- This site is optimized with the Yoast SEO plugin v27.4 - https:\/\/yoast.com\/product\/yoast-seo-wordpress\/ -->\n<title>Zs\u00f3fia Cs\u00e1k\u00e1ny - Zsofia Csakany<\/title>\n<meta name=\"robots\" content=\"index, follow, max-snippet:-1, max-image-preview:large, max-video-preview:-1\" \/>\n<link rel=\"canonical\" href=\"https:\/\/cms.easyhvs.de\/zsofiacsakany\/zc\/\" \/>\n<meta property=\"og:locale\" content=\"en_US\" \/>\n<meta property=\"og:type\" content=\"article\" \/>\n<meta property=\"og:title\" content=\"Zs\u00f3fia Cs\u00e1k\u00e1ny - Zsofia Csakany\" \/>\n<meta property=\"og:description\" content=\"Zs\u00f3fia Cs\u00e1k\u00e1ny geb\u00fcrtige Ungarin aus Siebenb\u00fcrgen (Rum\u00e4nien) studierte Orgel, Klavier, Musikwissenschaft und Chorleitung an der Musikhochschule Gheorghe Dima in Cluj, Rum\u00e4nien. Ihr musikalischer Weg f\u00fchrte sie nach Deutschland zur Orgelklasse des Max Reger und Johann Sebastian Bach Spezialisten, Prof. Christoph Bossert an der Hochschule f\u00fcr Musik Trossingen. Nach dem Master in K\u00fcnstlerische Ausbildung Orgel erfolgte [&hellip;]\" \/>\n<meta property=\"og:url\" content=\"https:\/\/cms.easyhvs.de\/zsofiacsakany\/zc\/\" \/>\n<meta property=\"og:site_name\" content=\"Zsofia Csakany\" \/>\n<meta property=\"article:modified_time\" content=\"2024-04-08T09:50:52+00:00\" \/>\n<meta property=\"og:image\" content=\"https:\/\/cms.easyhvs.de\/zsofiacsakany\/wp-content\/uploads\/sites\/22\/2024\/03\/profil.jobbra_1280_vilagos-683x1024.jpg\" \/>\n<meta name=\"twitter:card\" content=\"summary_large_image\" \/>\n<meta name=\"twitter:label1\" content=\"Est. reading time\" \/>\n\t<meta name=\"twitter:data1\" content=\"1 minute\" \/>\n<script type=\"application\/ld+json\" class=\"yoast-schema-graph\">{\"@context\":\"https:\\\/\\\/schema.org\",\"@graph\":[{\"@type\":\"WebPage\",\"@id\":\"https:\\\/\\\/cms.easyhvs.de\\\/zsofiacsakany\\\/zc\\\/\",\"url\":\"https:\\\/\\\/cms.easyhvs.de\\\/zsofiacsakany\\\/zc\\\/\",\"name\":\"Zs\u00f3fia Cs\u00e1k\u00e1ny - Zsofia Csakany\",\"isPartOf\":{\"@id\":\"https:\\\/\\\/cms.easyhvs.de\\\/zsofiacsakany\\\/#website\"},\"primaryImageOfPage\":{\"@id\":\"https:\\\/\\\/cms.easyhvs.de\\\/zsofiacsakany\\\/zc\\\/#primaryimage\"},\"image\":{\"@id\":\"https:\\\/\\\/cms.easyhvs.de\\\/zsofiacsakany\\\/zc\\\/#primaryimage\"},\"thumbnailUrl\":\"https:\\\/\\\/cms.easyhvs.de\\\/zsofiacsakany\\\/wp-content\\\/uploads\\\/sites\\\/22\\\/2024\\\/03\\\/profil.jobbra_1280_vilagos-683x1024.jpg\",\"datePublished\":\"2022-08-05T10:05:48+00:00\",\"dateModified\":\"2024-04-08T09:50:52+00:00\",\"breadcrumb\":{\"@id\":\"https:\\\/\\\/cms.easyhvs.de\\\/zsofiacsakany\\\/zc\\\/#breadcrumb\"},\"inLanguage\":\"en-US\",\"potentialAction\":[{\"@type\":\"ReadAction\",\"target\":[\"https:\\\/\\\/cms.easyhvs.de\\\/zsofiacsakany\\\/zc\\\/\"]}]},{\"@type\":\"ImageObject\",\"inLanguage\":\"en-US\",\"@id\":\"https:\\\/\\\/cms.easyhvs.de\\\/zsofiacsakany\\\/zc\\\/#primaryimage\",\"url\":\"https:\\\/\\\/cms.easyhvs.de\\\/zsofiacsakany\\\/wp-content\\\/uploads\\\/sites\\\/22\\\/2024\\\/03\\\/profil.jobbra_1280_vilagos.jpg\",\"contentUrl\":\"https:\\\/\\\/cms.easyhvs.de\\\/zsofiacsakany\\\/wp-content\\\/uploads\\\/sites\\\/22\\\/2024\\\/03\\\/profil.jobbra_1280_vilagos.jpg\",\"width\":1280,\"height\":1920},{\"@type\":\"BreadcrumbList\",\"@id\":\"https:\\\/\\\/cms.easyhvs.de\\\/zsofiacsakany\\\/zc\\\/#breadcrumb\",\"itemListElement\":[{\"@type\":\"ListItem\",\"position\":1,\"name\":\"Home\",\"item\":\"https:\\\/\\\/cms.easyhvs.de\\\/zsofiacsakany\\\/\"},{\"@type\":\"ListItem\",\"position\":2,\"name\":\"Zs\u00f3fia Cs\u00e1k\u00e1ny\"}]},{\"@type\":\"WebSite\",\"@id\":\"https:\\\/\\\/cms.easyhvs.de\\\/zsofiacsakany\\\/#website\",\"url\":\"https:\\\/\\\/cms.easyhvs.de\\\/zsofiacsakany\\\/\",\"name\":\"Zsofia Csakany\",\"description\":\"aktuelle Konzerte\",\"publisher\":{\"@id\":\"https:\\\/\\\/cms.easyhvs.de\\\/zsofiacsakany\\\/#organization\"},\"potentialAction\":[{\"@type\":\"SearchAction\",\"target\":{\"@type\":\"EntryPoint\",\"urlTemplate\":\"https:\\\/\\\/cms.easyhvs.de\\\/zsofiacsakany\\\/?s={search_term_string}\"},\"query-input\":{\"@type\":\"PropertyValueSpecification\",\"valueRequired\":true,\"valueName\":\"search_term_string\"}}],\"inLanguage\":\"en-US\"},{\"@type\":\"Organization\",\"@id\":\"https:\\\/\\\/cms.easyhvs.de\\\/zsofiacsakany\\\/#organization\",\"name\":\"Zsofia Csakany\",\"url\":\"https:\\\/\\\/cms.easyhvs.de\\\/zsofiacsakany\\\/\",\"logo\":{\"@type\":\"ImageObject\",\"inLanguage\":\"en-US\",\"@id\":\"https:\\\/\\\/cms.easyhvs.de\\\/zsofiacsakany\\\/#\\\/schema\\\/logo\\\/image\\\/\",\"url\":\"https:\\\/\\\/cms.easyhvs.de\\\/zsofiacsakany\\\/wp-content\\\/uploads\\\/sites\\\/22\\\/2022\\\/08\\\/Logo_Cyriak_schwarz-1.png\",\"contentUrl\":\"https:\\\/\\\/cms.easyhvs.de\\\/zsofiacsakany\\\/wp-content\\\/uploads\\\/sites\\\/22\\\/2022\\\/08\\\/Logo_Cyriak_schwarz-1.png\",\"width\":264,\"height\":337,\"caption\":\"Zsofia Csakany\"},\"image\":{\"@id\":\"https:\\\/\\\/cms.easyhvs.de\\\/zsofiacsakany\\\/#\\\/schema\\\/logo\\\/image\\\/\"}}]}<\/script>\n<!-- \/ Yoast SEO plugin. -->","yoast_head_json":{"title":"Zs\u00f3fia Cs\u00e1k\u00e1ny - Zsofia Csakany","robots":{"index":"index","follow":"follow","max-snippet":"max-snippet:-1","max-image-preview":"max-image-preview:large","max-video-preview":"max-video-preview:-1"},"canonical":"https:\/\/cms.easyhvs.de\/zsofiacsakany\/zc\/","og_locale":"en_US","og_type":"article","og_title":"Zs\u00f3fia Cs\u00e1k\u00e1ny - Zsofia Csakany","og_description":"Zs\u00f3fia Cs\u00e1k\u00e1ny geb\u00fcrtige Ungarin aus Siebenb\u00fcrgen (Rum\u00e4nien) studierte Orgel, Klavier, Musikwissenschaft und Chorleitung an der Musikhochschule Gheorghe Dima in Cluj, Rum\u00e4nien. Ihr musikalischer Weg f\u00fchrte sie nach Deutschland zur Orgelklasse des Max Reger und Johann Sebastian Bach Spezialisten, Prof. Christoph Bossert an der Hochschule f\u00fcr Musik Trossingen. Nach dem Master in K\u00fcnstlerische Ausbildung Orgel erfolgte [&hellip;]","og_url":"https:\/\/cms.easyhvs.de\/zsofiacsakany\/zc\/","og_site_name":"Zsofia Csakany","article_modified_time":"2024-04-08T09:50:52+00:00","og_image":[{"url":"https:\/\/cms.easyhvs.de\/zsofiacsakany\/wp-content\/uploads\/sites\/22\/2024\/03\/profil.jobbra_1280_vilagos-683x1024.jpg","type":"","width":"","height":""}],"twitter_card":"summary_large_image","twitter_misc":{"Est. reading time":"1 minute"},"schema":{"@context":"https:\/\/schema.org","@graph":[{"@type":"WebPage","@id":"https:\/\/cms.easyhvs.de\/zsofiacsakany\/zc\/","url":"https:\/\/cms.easyhvs.de\/zsofiacsakany\/zc\/","name":"Zs\u00f3fia Cs\u00e1k\u00e1ny - Zsofia Csakany","isPartOf":{"@id":"https:\/\/cms.easyhvs.de\/zsofiacsakany\/#website"},"primaryImageOfPage":{"@id":"https:\/\/cms.easyhvs.de\/zsofiacsakany\/zc\/#primaryimage"},"image":{"@id":"https:\/\/cms.easyhvs.de\/zsofiacsakany\/zc\/#primaryimage"},"thumbnailUrl":"https:\/\/cms.easyhvs.de\/zsofiacsakany\/wp-content\/uploads\/sites\/22\/2024\/03\/profil.jobbra_1280_vilagos-683x1024.jpg","datePublished":"2022-08-05T10:05:48+00:00","dateModified":"2024-04-08T09:50:52+00:00","breadcrumb":{"@id":"https:\/\/cms.easyhvs.de\/zsofiacsakany\/zc\/#breadcrumb"},"inLanguage":"en-US","potentialAction":[{"@type":"ReadAction","target":["https:\/\/cms.easyhvs.de\/zsofiacsakany\/zc\/"]}]},{"@type":"ImageObject","inLanguage":"en-US","@id":"https:\/\/cms.easyhvs.de\/zsofiacsakany\/zc\/#primaryimage","url":"https:\/\/cms.easyhvs.de\/zsofiacsakany\/wp-content\/uploads\/sites\/22\/2024\/03\/profil.jobbra_1280_vilagos.jpg","contentUrl":"https:\/\/cms.easyhvs.de\/zsofiacsakany\/wp-content\/uploads\/sites\/22\/2024\/03\/profil.jobbra_1280_vilagos.jpg","width":1280,"height":1920},{"@type":"BreadcrumbList","@id":"https:\/\/cms.easyhvs.de\/zsofiacsakany\/zc\/#breadcrumb","itemListElement":[{"@type":"ListItem","position":1,"name":"Home","item":"https:\/\/cms.easyhvs.de\/zsofiacsakany\/"},{"@type":"ListItem","position":2,"name":"Zs\u00f3fia Cs\u00e1k\u00e1ny"}]},{"@type":"WebSite","@id":"https:\/\/cms.easyhvs.de\/zsofiacsakany\/#website","url":"https:\/\/cms.easyhvs.de\/zsofiacsakany\/","name":"Zsofia Csakany","description":"aktuelle Konzerte","publisher":{"@id":"https:\/\/cms.easyhvs.de\/zsofiacsakany\/#organization"},"potentialAction":[{"@type":"SearchAction","target":{"@type":"EntryPoint","urlTemplate":"https:\/\/cms.easyhvs.de\/zsofiacsakany\/?s={search_term_string}"},"query-input":{"@type":"PropertyValueSpecification","valueRequired":true,"valueName":"search_term_string"}}],"inLanguage":"en-US"},{"@type":"Organization","@id":"https:\/\/cms.easyhvs.de\/zsofiacsakany\/#organization","name":"Zsofia Csakany","url":"https:\/\/cms.easyhvs.de\/zsofiacsakany\/","logo":{"@type":"ImageObject","inLanguage":"en-US","@id":"https:\/\/cms.easyhvs.de\/zsofiacsakany\/#\/schema\/logo\/image\/","url":"https:\/\/cms.easyhvs.de\/zsofiacsakany\/wp-content\/uploads\/sites\/22\/2022\/08\/Logo_Cyriak_schwarz-1.png","contentUrl":"https:\/\/cms.easyhvs.de\/zsofiacsakany\/wp-content\/uploads\/sites\/22\/2022\/08\/Logo_Cyriak_schwarz-1.png","width":264,"height":337,"caption":"Zsofia Csakany"},"image":{"@id":"https:\/\/cms.easyhvs.de\/zsofiacsakany\/#\/schema\/logo\/image\/"}}]}},"_links":{"self":[{"href":"https:\/\/cms.easyhvs.de\/zsofiacsakany\/wp-json\/wp\/v2\/pages\/187","targetHints":{"allow":["GET"]}}],"collection":[{"href":"https:\/\/cms.easyhvs.de\/zsofiacsakany\/wp-json\/wp\/v2\/pages"}],"about":[{"href":"https:\/\/cms.easyhvs.de\/zsofiacsakany\/wp-json\/wp\/v2\/types\/page"}],"author":[{"embeddable":true,"href":"https:\/\/cms.easyhvs.de\/zsofiacsakany\/wp-json\/wp\/v2\/users\/2"}],"replies":[{"embeddable":true,"href":"https:\/\/cms.easyhvs.de\/zsofiacsakany\/wp-json\/wp\/v2\/comments?post=187"}],"version-history":[{"count":16,"href":"https:\/\/cms.easyhvs.de\/zsofiacsakany\/wp-json\/wp\/v2\/pages\/187\/revisions"}],"predecessor-version":[{"id":436,"href":"https:\/\/cms.easyhvs.de\/zsofiacsakany\/wp-json\/wp\/v2\/pages\/187\/revisions\/436"}],"wp:attachment":[{"href":"https:\/\/cms.easyhvs.de\/zsofiacsakany\/wp-json\/wp\/v2\/media?parent=187"}],"curies":[{"name":"wp","href":"https:\/\/api.w.org\/{rel}","templated":true}]}}