{"id":806,"date":"2022-11-05T15:42:33","date_gmt":"2022-11-05T15:42:33","guid":{"rendered":"https:\/\/cms.easyhvs.de\/startfreinew\/?page_id=806"},"modified":"2022-11-05T15:48:22","modified_gmt":"2022-11-05T15:48:22","slug":"schweiz-2","status":"publish","type":"page","link":"https:\/\/cms.easyhvs.de\/startfreinew\/schweiz-2\/","title":{"rendered":"Schweiz"},"content":{"rendered":"\n<p><strong>Advent und Weihnachten in der Schweiz<\/strong><\/p>\n\n\n\n<p>Es ist Samstag, der 8. Dezember 2018. Seit gut zwei Wochen hat sich die Stadt Basel bereits ihr festliches Gewand \u00fcbergezogen. Auf dem Barf\u00fcsserplatz inmitten der Innenstadt zieht der \u00e4lteste Weihnachtsmarkt der Schweiz G\u00e4ste von weither an. An den St\u00e4nden bieten Hutmacher, Mineralienh\u00e4ndler, Zinngie\u00dfer, Glasbl\u00e4ser, Holzschnitzer und T\u00f6pferer, Gew\u00fcrzh\u00e4ndler und Spielwarenhersteller, Waffelb\u00e4cker und Grillmeister ihre Waren zum Verkauf an. Jeder Basler kennt sie, die typischen Produkte der Basler Weihnachtszeit: die Basler Brunsli und L\u00e4ckerli, die beliebten Gr\u00e4ttim\u00e4nner, die Weihnachtspl\u00e4tzchen oder -guetzli, die Mail\u00e4nderli und die verschiedenen Sorten von Lebkuchen, die es \u00fcberall gibt. Es wird emsig geschaut, gekauft \u2013 und alle Sinne werden geweckt. Da pl\u00f6tzlich \u00fcbert\u00f6nt ein durchdringendes, tiefes Brummen und Grollen die Festidylle. &#8230; <\/p>\n\n\n\n<p>Unter dem Rufen und Winken der Spalier stehenden Weihnachtsmarktbesucher schiebt sich ein rollender Tross aus \u00fcber und \u00fcber mit Girlanden und Glitzerschmuck beh\u00e4ngten Motorr\u00e4dern durch die Gassen. &#8230; Sie ziehen alle Aufmerksamkeit auf sich: die M\u00e4nner in den Santiglaus-Kost\u00fcmen \u2013 wie die Schweizer den heiligen Sankt Nikolaus nennen \u2013 auf ihren dicken Harleys. Heute ist ihr gro\u00dfer Auftritt \u2013 es ist Zeit f\u00fcr das allj\u00e4hrliche Harley Niggi-N\u00e4ggi Event. &#8230;<\/p>\n\n\n\n<h6 class=\"wp-block-heading\">Auf allen Vieren durch das Berner Oberland<\/h6>\n\n\n\n<p>Eben war da noch ein kleines, blaues Fenster am Himmel zu sehen, durch das die Sonne gnadenlos ihre sengenden Strahlen herunter sandte. Jetzt trieb der Wind auf einmal dichte Nebelwolken gegen den Berg und \u00fcber die Hochalm. Im Nu waren die Gipfel eingeh\u00fcllt in wei\u00dfe Zuckerwatte, die feinste Wassertr\u00f6pfchen mit sich brachte. Graue, schwere Gewitterwolken folgten und brachten den ersehnten Regen mit sich.<\/p>\n\n\n\n<p>Jetzt aber nichts wie raus und auf ein weiches, saugf\u00e4higes Moospolster liegen! Alle Viere von sich gestreckt den sanften, k\u00fchlen Nieselregen auf der nackten Haut genie\u00dfen. Das war mein einziger Gedanke, und den setzte ich sofort in die Tat um. Was f\u00fcr ein berauschendes Gef\u00fchl, wenn die N\u00e4sse langsam in alle Poren eindringt und die schwarze Haut wieder geschmeidig und gleitf\u00e4hig macht. Ja, so sch\u00f6n kann das Leben sein, wenn es regnet und man ist wie ich: ein Alpensalamander. Ungew\u00f6hnlicher kann die Sichtweise wohl kaum sein, aus der eine Reportage die Bergwelt des Berner Oberlandes beschreibt. Diese jedenfalls sieht alles aus den Augen eines echten Einheimischen: des Alpensalamanders.<\/p>\n\n\n\n<p><strong>Weitere Themen und Gebiete:<\/strong><\/p>\n\n\n\n<p>Herbststimmung am <strong>Vierwaldst\u00e4ttersee<\/strong>; Sommer und Winter am <strong>Genfer See<\/strong>; <strong>Wintersportorte<\/strong> und <strong>Zug-Abenteuer<\/strong>; <strong>Basel<\/strong> und <strong>Z\u00fcrich<\/strong> sowie die <strong>Tropenh\u00e4user bei Wollhusen<\/strong> &#8230;<\/p>\n","protected":false},"excerpt":{"rendered":"<p>Advent und Weihnachten in der Schweiz Es ist Samstag, der 8. Dezember 2018. Seit gut zwei Wochen hat sich die Stadt Basel bereits ihr festliches Gewand \u00fcbergezogen. Auf dem Barf\u00fcsserplatz inmitten der Innenstadt zieht der \u00e4lteste Weihnachtsmarkt der Schweiz G\u00e4ste von weither an. An den St\u00e4nden bieten Hutmacher, Mineralienh\u00e4ndler, Zinngie\u00dfer, Glasbl\u00e4ser, Holzschnitzer und T\u00f6pferer, Gew\u00fcrzh\u00e4ndler [&hellip;]<\/p>\n","protected":false},"author":11,"featured_media":0,"parent":0,"menu_order":0,"comment_status":"closed","ping_status":"closed","template":"","meta":{"ocean_post_layout":"","ocean_both_sidebars_style":"","ocean_both_sidebars_content_width":0,"ocean_both_sidebars_sidebars_width":0,"ocean_sidebar":"0","ocean_second_sidebar":"0","ocean_disable_margins":"enable","ocean_add_body_class":"","ocean_shortcode_before_top_bar":"","ocean_shortcode_after_top_bar":"","ocean_shortcode_before_header":"","ocean_shortcode_after_header":"","ocean_has_shortcode":"","ocean_shortcode_after_title":"","ocean_shortcode_before_footer_widgets":"","ocean_shortcode_after_footer_widgets":"","ocean_shortcode_before_footer_bottom":"","ocean_shortcode_after_footer_bottom":"","ocean_display_top_bar":"default","ocean_display_header":"default","ocean_header_style":"","ocean_center_header_left_menu":"0","ocean_custom_header_template":"0","ocean_custom_logo":0,"ocean_custom_retina_logo":0,"ocean_custom_logo_max_width":0,"ocean_custom_logo_tablet_max_width":0,"ocean_custom_logo_mobile_max_width":0,"ocean_custom_logo_max_height":0,"ocean_custom_logo_tablet_max_height":0,"ocean_custom_logo_mobile_max_height":0,"ocean_header_custom_menu":"0","ocean_menu_typo_font_family":"0","ocean_menu_typo_font_subset":"","ocean_menu_typo_font_size":0,"ocean_menu_typo_font_size_tablet":0,"ocean_menu_typo_font_size_mobile":0,"ocean_menu_typo_font_size_unit":"px","ocean_menu_typo_font_weight":"","ocean_menu_typo_font_weight_tablet":"","ocean_menu_typo_font_weight_mobile":"","ocean_menu_typo_transform":"","ocean_menu_typo_transform_tablet":"","ocean_menu_typo_transform_mobile":"","ocean_menu_typo_line_height":0,"ocean_menu_typo_line_height_tablet":0,"ocean_menu_typo_line_height_mobile":0,"ocean_menu_typo_line_height_unit":"","ocean_menu_typo_spacing":0,"ocean_menu_typo_spacing_tablet":0,"ocean_menu_typo_spacing_mobile":0,"ocean_menu_typo_spacing_unit":"","ocean_menu_link_color":"","ocean_menu_link_color_hover":"","ocean_menu_link_color_active":"","ocean_menu_link_background":"","ocean_menu_link_hover_background":"","ocean_menu_link_active_background":"","ocean_menu_social_links_bg":"","ocean_menu_social_hover_links_bg":"","ocean_menu_social_links_color":"","ocean_menu_social_hover_links_color":"","ocean_disable_title":"default","ocean_disable_heading":"default","ocean_post_title":"","ocean_post_subheading":"","ocean_post_title_style":"","ocean_post_title_background_color":"","ocean_post_title_background":0,"ocean_post_title_bg_image_position":"","ocean_post_title_bg_image_attachment":"","ocean_post_title_bg_image_repeat":"","ocean_post_title_bg_image_size":"","ocean_post_title_height":0,"ocean_post_title_bg_overlay":0.5,"ocean_post_title_bg_overlay_color":"","ocean_disable_breadcrumbs":"default","ocean_breadcrumbs_color":"","ocean_breadcrumbs_separator_color":"","ocean_breadcrumbs_links_color":"","ocean_breadcrumbs_links_hover_color":"","ocean_display_footer_widgets":"default","ocean_display_footer_bottom":"default","ocean_custom_footer_template":"0","footnotes":""},"class_list":["post-806","page","type-page","status-publish","hentry","entry"],"yoast_head":"<!-- This site is optimized with the Yoast SEO plugin v27.5 - https:\/\/yoast.com\/product\/yoast-seo-wordpress\/ -->\n<title>Schweiz - Startfrei.com<\/title>\n<meta name=\"robots\" content=\"index, follow, max-snippet:-1, max-image-preview:large, max-video-preview:-1\" \/>\n<link rel=\"canonical\" href=\"https:\/\/startfrei.com\/schweiz-2\/\" \/>\n<meta property=\"og:locale\" content=\"de_DE\" \/>\n<meta property=\"og:type\" content=\"article\" \/>\n<meta property=\"og:title\" content=\"Schweiz - Startfrei.com\" \/>\n<meta property=\"og:description\" content=\"Advent und Weihnachten in der Schweiz Es ist Samstag, der 8. Dezember 2018. Seit gut zwei Wochen hat sich die Stadt Basel bereits ihr festliches Gewand \u00fcbergezogen. Auf dem Barf\u00fcsserplatz inmitten der Innenstadt zieht der \u00e4lteste Weihnachtsmarkt der Schweiz G\u00e4ste von weither an. An den St\u00e4nden bieten Hutmacher, Mineralienh\u00e4ndler, Zinngie\u00dfer, Glasbl\u00e4ser, Holzschnitzer und T\u00f6pferer, Gew\u00fcrzh\u00e4ndler [&hellip;]\" \/>\n<meta property=\"og:url\" content=\"https:\/\/startfrei.com\/schweiz-2\/\" \/>\n<meta property=\"og:site_name\" content=\"Startfrei.com\" \/>\n<meta property=\"article:modified_time\" content=\"2022-11-05T15:48:22+00:00\" \/>\n<meta name=\"twitter:card\" content=\"summary_large_image\" \/>\n<meta name=\"twitter:label1\" content=\"Gesch\u00e4tzte Lesezeit\" \/>\n\t<meta name=\"twitter:data1\" content=\"2\u00a0Minuten\" \/>\n<script type=\"application\/ld+json\" class=\"yoast-schema-graph\">{\"@context\":\"https:\\\/\\\/schema.org\",\"@graph\":[{\"@type\":\"WebPage\",\"@id\":\"https:\\\/\\\/startfrei.com\\\/schweiz-2\\\/\",\"url\":\"https:\\\/\\\/startfrei.com\\\/schweiz-2\\\/\",\"name\":\"Schweiz - Startfrei.com\",\"isPartOf\":{\"@id\":\"https:\\\/\\\/reinhold-wagner.com\\\/#website\"},\"datePublished\":\"2022-11-05T15:42:33+00:00\",\"dateModified\":\"2022-11-05T15:48:22+00:00\",\"breadcrumb\":{\"@id\":\"https:\\\/\\\/startfrei.com\\\/schweiz-2\\\/#breadcrumb\"},\"inLanguage\":\"de\",\"potentialAction\":[{\"@type\":\"ReadAction\",\"target\":[\"https:\\\/\\\/startfrei.com\\\/schweiz-2\\\/\"]}]},{\"@type\":\"BreadcrumbList\",\"@id\":\"https:\\\/\\\/startfrei.com\\\/schweiz-2\\\/#breadcrumb\",\"itemListElement\":[{\"@type\":\"ListItem\",\"position\":1,\"name\":\"Home\",\"item\":\"https:\\\/\\\/reinhold-wagner.com\\\/\"},{\"@type\":\"ListItem\",\"position\":2,\"name\":\"Schweiz\"}]},{\"@type\":\"WebSite\",\"@id\":\"https:\\\/\\\/reinhold-wagner.com\\\/#website\",\"url\":\"https:\\\/\\\/reinhold-wagner.com\\\/\",\"name\":\"Startfrei.com\",\"description\":\"\",\"publisher\":{\"@id\":\"https:\\\/\\\/reinhold-wagner.com\\\/#organization\"},\"potentialAction\":[{\"@type\":\"SearchAction\",\"target\":{\"@type\":\"EntryPoint\",\"urlTemplate\":\"https:\\\/\\\/reinhold-wagner.com\\\/?s={search_term_string}\"},\"query-input\":{\"@type\":\"PropertyValueSpecification\",\"valueRequired\":true,\"valueName\":\"search_term_string\"}}],\"inLanguage\":\"de\"},{\"@type\":\"Organization\",\"@id\":\"https:\\\/\\\/reinhold-wagner.com\\\/#organization\",\"name\":\"Startfrei.com\",\"url\":\"https:\\\/\\\/reinhold-wagner.com\\\/\",\"logo\":{\"@type\":\"ImageObject\",\"inLanguage\":\"de\",\"@id\":\"https:\\\/\\\/reinhold-wagner.com\\\/#\\\/schema\\\/logo\\\/image\\\/\",\"url\":\"https:\\\/\\\/cms.easyhvs.de\\\/startfreinew\\\/wp-content\\\/uploads\\\/sites\\\/19\\\/2022\\\/02\\\/Logo_startfrei-briefbogen_alt-2.jpg\",\"contentUrl\":\"https:\\\/\\\/cms.easyhvs.de\\\/startfreinew\\\/wp-content\\\/uploads\\\/sites\\\/19\\\/2022\\\/02\\\/Logo_startfrei-briefbogen_alt-2.jpg\",\"width\":322,\"height\":71,\"caption\":\"Startfrei.com\"},\"image\":{\"@id\":\"https:\\\/\\\/reinhold-wagner.com\\\/#\\\/schema\\\/logo\\\/image\\\/\"}}]}<\/script>\n<!-- \/ Yoast SEO plugin. -->","yoast_head_json":{"title":"Schweiz - Startfrei.com","robots":{"index":"index","follow":"follow","max-snippet":"max-snippet:-1","max-image-preview":"max-image-preview:large","max-video-preview":"max-video-preview:-1"},"canonical":"https:\/\/startfrei.com\/schweiz-2\/","og_locale":"de_DE","og_type":"article","og_title":"Schweiz - Startfrei.com","og_description":"Advent und Weihnachten in der Schweiz Es ist Samstag, der 8. Dezember 2018. Seit gut zwei Wochen hat sich die Stadt Basel bereits ihr festliches Gewand \u00fcbergezogen. Auf dem Barf\u00fcsserplatz inmitten der Innenstadt zieht der \u00e4lteste Weihnachtsmarkt der Schweiz G\u00e4ste von weither an. An den St\u00e4nden bieten Hutmacher, Mineralienh\u00e4ndler, Zinngie\u00dfer, Glasbl\u00e4ser, Holzschnitzer und T\u00f6pferer, Gew\u00fcrzh\u00e4ndler [&hellip;]","og_url":"https:\/\/startfrei.com\/schweiz-2\/","og_site_name":"Startfrei.com","article_modified_time":"2022-11-05T15:48:22+00:00","twitter_card":"summary_large_image","twitter_misc":{"Gesch\u00e4tzte Lesezeit":"2\u00a0Minuten"},"schema":{"@context":"https:\/\/schema.org","@graph":[{"@type":"WebPage","@id":"https:\/\/startfrei.com\/schweiz-2\/","url":"https:\/\/startfrei.com\/schweiz-2\/","name":"Schweiz - Startfrei.com","isPartOf":{"@id":"https:\/\/reinhold-wagner.com\/#website"},"datePublished":"2022-11-05T15:42:33+00:00","dateModified":"2022-11-05T15:48:22+00:00","breadcrumb":{"@id":"https:\/\/startfrei.com\/schweiz-2\/#breadcrumb"},"inLanguage":"de","potentialAction":[{"@type":"ReadAction","target":["https:\/\/startfrei.com\/schweiz-2\/"]}]},{"@type":"BreadcrumbList","@id":"https:\/\/startfrei.com\/schweiz-2\/#breadcrumb","itemListElement":[{"@type":"ListItem","position":1,"name":"Home","item":"https:\/\/reinhold-wagner.com\/"},{"@type":"ListItem","position":2,"name":"Schweiz"}]},{"@type":"WebSite","@id":"https:\/\/reinhold-wagner.com\/#website","url":"https:\/\/reinhold-wagner.com\/","name":"Startfrei.com","description":"","publisher":{"@id":"https:\/\/reinhold-wagner.com\/#organization"},"potentialAction":[{"@type":"SearchAction","target":{"@type":"EntryPoint","urlTemplate":"https:\/\/reinhold-wagner.com\/?s={search_term_string}"},"query-input":{"@type":"PropertyValueSpecification","valueRequired":true,"valueName":"search_term_string"}}],"inLanguage":"de"},{"@type":"Organization","@id":"https:\/\/reinhold-wagner.com\/#organization","name":"Startfrei.com","url":"https:\/\/reinhold-wagner.com\/","logo":{"@type":"ImageObject","inLanguage":"de","@id":"https:\/\/reinhold-wagner.com\/#\/schema\/logo\/image\/","url":"https:\/\/cms.easyhvs.de\/startfreinew\/wp-content\/uploads\/sites\/19\/2022\/02\/Logo_startfrei-briefbogen_alt-2.jpg","contentUrl":"https:\/\/cms.easyhvs.de\/startfreinew\/wp-content\/uploads\/sites\/19\/2022\/02\/Logo_startfrei-briefbogen_alt-2.jpg","width":322,"height":71,"caption":"Startfrei.com"},"image":{"@id":"https:\/\/reinhold-wagner.com\/#\/schema\/logo\/image\/"}}]}},"_links":{"self":[{"href":"https:\/\/cms.easyhvs.de\/startfreinew\/wp-json\/wp\/v2\/pages\/806","targetHints":{"allow":["GET"]}}],"collection":[{"href":"https:\/\/cms.easyhvs.de\/startfreinew\/wp-json\/wp\/v2\/pages"}],"about":[{"href":"https:\/\/cms.easyhvs.de\/startfreinew\/wp-json\/wp\/v2\/types\/page"}],"author":[{"embeddable":true,"href":"https:\/\/cms.easyhvs.de\/startfreinew\/wp-json\/wp\/v2\/users\/11"}],"replies":[{"embeddable":true,"href":"https:\/\/cms.easyhvs.de\/startfreinew\/wp-json\/wp\/v2\/comments?post=806"}],"version-history":[{"count":2,"href":"https:\/\/cms.easyhvs.de\/startfreinew\/wp-json\/wp\/v2\/pages\/806\/revisions"}],"predecessor-version":[{"id":809,"href":"https:\/\/cms.easyhvs.de\/startfreinew\/wp-json\/wp\/v2\/pages\/806\/revisions\/809"}],"wp:attachment":[{"href":"https:\/\/cms.easyhvs.de\/startfreinew\/wp-json\/wp\/v2\/media?parent=806"}],"curies":[{"name":"wp","href":"https:\/\/api.w.org\/{rel}","templated":true}]}}