{"id":776,"date":"2022-11-04T16:10:00","date_gmt":"2022-11-04T16:10:00","guid":{"rendered":"https:\/\/cms.easyhvs.de\/startfreinew\/?page_id=776"},"modified":"2022-11-11T15:15:48","modified_gmt":"2022-11-11T15:15:48","slug":"beispielseite-ksz","status":"publish","type":"page","link":"https:\/\/cms.easyhvs.de\/startfreinew\/beispielseite-ksz\/","title":{"rendered":"\u00c4gypten"},"content":{"rendered":"\n\n\n\n<p><\/p>\n\n\n\n<p><strong>Auf Kameltour durch das Hinterland von Dahab<\/strong><\/p>\n\n\n\n<p>Salama und Hischam schien die abendliche K\u00e4lte nichts auszumachen, die allm\u00e4hlich in die d\u00fcnnen Kleider der beiden Urlauber an ihrer Seite kroch. Der Tee und das offene Feuer hielten die Beduinen innerlich und \u00e4u\u00dferlich warm. Salama lief st\u00e4ndig besch\u00e4ftigt hin und her. Mal legte er Holz nach, mal f\u00fcllte er Wasser in die Teekanne, die sich rasch leerte. Dann schaute er wieder nach den Kamelen, die hinter der einfachen H\u00fctte lagerten. Es war erst kurz vor vier Uhr am Nachmittag, und doch war die Sonne bereits seit einer halben Stunde hinter dem Berg verschwunden, der sich \u201eGabel binnt\u201c \u2013 \u201eM\u00e4dchenberg\u201c nannte. Im Nu war es dunkel geworden, und vom Meer her wehte eine frische Brise \u00fcber den Strand.<\/p>\n\n\n\n<p>Die beiden Urlaubsreisenden, die von den Beduinen zum Tee an deren Lagerfeuer eingeladen worden waren, r\u00fcckten enger zusammen und deckten ihre Beine mit Decken zu, so gut es ging. Alle vier sa\u00dfen sie auf Teppichen, die direkt auf dem groben Sand- und Kiesboden ausgerollt waren. Salama goss Beduinentee nach und f\u00fcgte reichlich Zucker hinzu, bevor er umr\u00fchrte. Unter seiner Tarcha, dem typischen Wickelkopftuch der Beduinen, sah man in seinem freundlichen Gesicht das warme Flackern des Feuers aufleuchten. Er schmunzelte.<\/p>\n\n\n\n<p>Dann klingelte sein Handy. Es war Ibrahim, ein gemeinsamer Freund, der aus El Arish, ihrer aller Heimatstadt am Mittelmeer, anrief. Nach einem kurzen Wortwechsel reichte Salama das Handy an den einen der beiden Touristen weiter und fragte ihn, ob er mit Ibrahim sprechen wolle. \u201eSalamo aleicom\u201c sprach dieser in das Mobiltelefon und vernahm am anderen Ende der Leitung den erfreuten Gegengru\u00df: \u201eAleicum Salam\u201c. Ibrahim konnte sich sehr gut an die beiden Besucher aus Freiburg erinnern, waren diese doch bereits zwei Jahre zuvor seine G\u00e4ste und regelm\u00e4\u00dfig zu Besuch, als er die H\u00fctte im Wadi Gunai am Roten Meer mit Salam und Monir, Hischams Bruder, teilte. Am Ende ihres Urlaubs, dem Tag vor der Abreise, hatten sie sogar eine Ganztagstour auf Kamelen in das Tal am Fu\u00dfe des Sinai-Gebirges unternommen. Ibrahim und Monir hatten damals die beiden Urlauber zu Fu\u00df begleitet. Erst sp\u00e4ter, als die beiden bereits wieder zu Hause waren, war ihnen beim Blick auf die Erinnerungsfotos und deren Erstelldatum bewusst geworden, dass der Kamelritt am 6. Januar stattgefunden hatte \u2013 am Tag der Heiligen drei K\u00f6nige.<\/p>\n\n\n\n<p>Innerhalb dieser zwei Jahre hatte sich vieles ver\u00e4ndert: Monir, der seinerzeit noch als eiserner Junggeselle gegolten hatte, war inzwischen verheiratet und lebte jetzt in El Arish. Auch Ibrahim hatte geheiratet und kam seither nicht mehr an den Golf von Aqaba. Monir hingegen wurde in zwei Monaten wieder erwartet. Doch so lange hatten die Deutschen nicht Zeit. Ihr Heimflug ging bereits am 5. Januar, und damit einen Tag vor Dreik\u00f6nig. Doch daran dachte in diesem Moment noch keiner. Zu sehr lenkte der Blick von Zuhause ab, der \u00fcber das weite Meer hinaus schweifte. Dorthin, wo nachts unter dem Vollmond das Krill leuchtende Bahnen durch das tiefe Schwarz des Golfes zog. Wo tags\u00fcber schon ab einem Meter vom Ufer entfernt das belebte Korallenriff mit seiner \u00fcppigen Farbenpracht und au\u00dfergew\u00f6hnlichen Tierwelt zum Schnorcheln lockte. Nirgendwo sonst auf der Erde, so waren sich die beiden Reisenden sicher, funkelten die Sterne nachts so hell wie hier, fernab jeder gr\u00f6\u00dferen Siedlung, in einer Region, in der die Stra\u00dfen bei Einbruch der Dunkelheit ohne jegliche Beleuchtung in der Finsternis der Berge verschwanden. In einem Land, dessen Zukunft mehr denn je im Ungewissen lag.<\/p>\n\n\n\n<p>\u2026<\/p>\n","protected":false},"excerpt":{"rendered":"<p>Auf Kameltour durch das Hinterland von Dahab Salama und Hischam schien die abendliche K\u00e4lte nichts auszumachen, die allm\u00e4hlich in die d\u00fcnnen Kleider der beiden Urlauber an ihrer Seite kroch. Der Tee und das offene Feuer hielten die Beduinen innerlich und \u00e4u\u00dferlich warm. Salama lief st\u00e4ndig besch\u00e4ftigt hin und her. Mal legte er Holz nach, mal [&hellip;]<\/p>\n","protected":false},"author":11,"featured_media":0,"parent":0,"menu_order":0,"comment_status":"closed","ping_status":"closed","template":"","meta":{"ocean_post_layout":"","ocean_both_sidebars_style":"","ocean_both_sidebars_content_width":0,"ocean_both_sidebars_sidebars_width":0,"ocean_sidebar":"0","ocean_second_sidebar":"0","ocean_disable_margins":"enable","ocean_add_body_class":"","ocean_shortcode_before_top_bar":"","ocean_shortcode_after_top_bar":"","ocean_shortcode_before_header":"","ocean_shortcode_after_header":"","ocean_has_shortcode":"","ocean_shortcode_after_title":"","ocean_shortcode_before_footer_widgets":"","ocean_shortcode_after_footer_widgets":"","ocean_shortcode_before_footer_bottom":"","ocean_shortcode_after_footer_bottom":"","ocean_display_top_bar":"default","ocean_display_header":"default","ocean_header_style":"","ocean_center_header_left_menu":"0","ocean_custom_header_template":"0","ocean_custom_logo":0,"ocean_custom_retina_logo":0,"ocean_custom_logo_max_width":0,"ocean_custom_logo_tablet_max_width":0,"ocean_custom_logo_mobile_max_width":0,"ocean_custom_logo_max_height":0,"ocean_custom_logo_tablet_max_height":0,"ocean_custom_logo_mobile_max_height":0,"ocean_header_custom_menu":"0","ocean_menu_typo_font_family":"0","ocean_menu_typo_font_subset":"","ocean_menu_typo_font_size":0,"ocean_menu_typo_font_size_tablet":0,"ocean_menu_typo_font_size_mobile":0,"ocean_menu_typo_font_size_unit":"px","ocean_menu_typo_font_weight":"","ocean_menu_typo_font_weight_tablet":"","ocean_menu_typo_font_weight_mobile":"","ocean_menu_typo_transform":"","ocean_menu_typo_transform_tablet":"","ocean_menu_typo_transform_mobile":"","ocean_menu_typo_line_height":0,"ocean_menu_typo_line_height_tablet":0,"ocean_menu_typo_line_height_mobile":0,"ocean_menu_typo_line_height_unit":"","ocean_menu_typo_spacing":0,"ocean_menu_typo_spacing_tablet":0,"ocean_menu_typo_spacing_mobile":0,"ocean_menu_typo_spacing_unit":"","ocean_menu_link_color":"","ocean_menu_link_color_hover":"","ocean_menu_link_color_active":"","ocean_menu_link_background":"","ocean_menu_link_hover_background":"","ocean_menu_link_active_background":"","ocean_menu_social_links_bg":"","ocean_menu_social_hover_links_bg":"","ocean_menu_social_links_color":"","ocean_menu_social_hover_links_color":"","ocean_disable_title":"default","ocean_disable_heading":"default","ocean_post_title":"","ocean_post_subheading":"","ocean_post_title_style":"","ocean_post_title_background_color":"","ocean_post_title_background":0,"ocean_post_title_bg_image_position":"","ocean_post_title_bg_image_attachment":"","ocean_post_title_bg_image_repeat":"","ocean_post_title_bg_image_size":"","ocean_post_title_height":0,"ocean_post_title_bg_overlay":0.5,"ocean_post_title_bg_overlay_color":"","ocean_disable_breadcrumbs":"default","ocean_breadcrumbs_color":"","ocean_breadcrumbs_separator_color":"","ocean_breadcrumbs_links_color":"","ocean_breadcrumbs_links_hover_color":"","ocean_display_footer_widgets":"default","ocean_display_footer_bottom":"default","ocean_custom_footer_template":"0","footnotes":""},"class_list":["post-776","page","type-page","status-publish","hentry","entry"],"yoast_head":"<!-- This site is optimized with the Yoast SEO plugin v27.4 - https:\/\/yoast.com\/product\/yoast-seo-wordpress\/ -->\n<title>\u00c4gypten - Startfrei.com<\/title>\n<meta name=\"robots\" content=\"index, follow, max-snippet:-1, max-image-preview:large, max-video-preview:-1\" \/>\n<link rel=\"canonical\" href=\"https:\/\/cms.easyhvs.de\/startfreinew\/beispielseite-ksz\/\" \/>\n<meta property=\"og:locale\" content=\"de_DE\" \/>\n<meta property=\"og:type\" content=\"article\" \/>\n<meta property=\"og:title\" content=\"\u00c4gypten - Startfrei.com\" \/>\n<meta property=\"og:description\" content=\"Auf Kameltour durch das Hinterland von Dahab Salama und Hischam schien die abendliche K\u00e4lte nichts auszumachen, die allm\u00e4hlich in die d\u00fcnnen Kleider der beiden Urlauber an ihrer Seite kroch. Der Tee und das offene Feuer hielten die Beduinen innerlich und \u00e4u\u00dferlich warm. Salama lief st\u00e4ndig besch\u00e4ftigt hin und her. Mal legte er Holz nach, mal [&hellip;]\" \/>\n<meta property=\"og:url\" content=\"https:\/\/cms.easyhvs.de\/startfreinew\/beispielseite-ksz\/\" \/>\n<meta property=\"og:site_name\" content=\"Startfrei.com\" \/>\n<meta property=\"article:modified_time\" content=\"2022-11-11T15:15:48+00:00\" \/>\n<meta name=\"twitter:card\" content=\"summary_large_image\" \/>\n<meta name=\"twitter:label1\" content=\"Gesch\u00e4tzte Lesezeit\" \/>\n\t<meta name=\"twitter:data1\" content=\"3\u00a0Minuten\" \/>\n<script type=\"application\/ld+json\" class=\"yoast-schema-graph\">{\"@context\":\"https:\\\/\\\/schema.org\",\"@graph\":[{\"@type\":\"WebPage\",\"@id\":\"https:\\\/\\\/cms.easyhvs.de\\\/startfreinew\\\/beispielseite-ksz\\\/\",\"url\":\"https:\\\/\\\/cms.easyhvs.de\\\/startfreinew\\\/beispielseite-ksz\\\/\",\"name\":\"\u00c4gypten - Startfrei.com\",\"isPartOf\":{\"@id\":\"https:\\\/\\\/www.reinhold-wagner.com\\\/#website\"},\"datePublished\":\"2022-11-04T16:10:00+00:00\",\"dateModified\":\"2022-11-11T15:15:48+00:00\",\"breadcrumb\":{\"@id\":\"https:\\\/\\\/cms.easyhvs.de\\\/startfreinew\\\/beispielseite-ksz\\\/#breadcrumb\"},\"inLanguage\":\"de\",\"potentialAction\":[{\"@type\":\"ReadAction\",\"target\":[\"https:\\\/\\\/cms.easyhvs.de\\\/startfreinew\\\/beispielseite-ksz\\\/\"]}]},{\"@type\":\"BreadcrumbList\",\"@id\":\"https:\\\/\\\/cms.easyhvs.de\\\/startfreinew\\\/beispielseite-ksz\\\/#breadcrumb\",\"itemListElement\":[{\"@type\":\"ListItem\",\"position\":1,\"name\":\"Home\",\"item\":\"https:\\\/\\\/www.reinhold-wagner.com\\\/\"},{\"@type\":\"ListItem\",\"position\":2,\"name\":\"\u00c4gypten\"}]},{\"@type\":\"WebSite\",\"@id\":\"https:\\\/\\\/www.reinhold-wagner.com\\\/#website\",\"url\":\"https:\\\/\\\/www.reinhold-wagner.com\\\/\",\"name\":\"Startfrei.com\",\"description\":\"\",\"publisher\":{\"@id\":\"https:\\\/\\\/www.reinhold-wagner.com\\\/#organization\"},\"potentialAction\":[{\"@type\":\"SearchAction\",\"target\":{\"@type\":\"EntryPoint\",\"urlTemplate\":\"https:\\\/\\\/www.reinhold-wagner.com\\\/?s={search_term_string}\"},\"query-input\":{\"@type\":\"PropertyValueSpecification\",\"valueRequired\":true,\"valueName\":\"search_term_string\"}}],\"inLanguage\":\"de\"},{\"@type\":\"Organization\",\"@id\":\"https:\\\/\\\/www.reinhold-wagner.com\\\/#organization\",\"name\":\"Startfrei.com\",\"url\":\"https:\\\/\\\/www.reinhold-wagner.com\\\/\",\"logo\":{\"@type\":\"ImageObject\",\"inLanguage\":\"de\",\"@id\":\"https:\\\/\\\/www.reinhold-wagner.com\\\/#\\\/schema\\\/logo\\\/image\\\/\",\"url\":\"https:\\\/\\\/cms.easyhvs.de\\\/startfreinew\\\/wp-content\\\/uploads\\\/sites\\\/19\\\/2022\\\/02\\\/Logo_startfrei-briefbogen_alt-2.jpg\",\"contentUrl\":\"https:\\\/\\\/cms.easyhvs.de\\\/startfreinew\\\/wp-content\\\/uploads\\\/sites\\\/19\\\/2022\\\/02\\\/Logo_startfrei-briefbogen_alt-2.jpg\",\"width\":322,\"height\":71,\"caption\":\"Startfrei.com\"},\"image\":{\"@id\":\"https:\\\/\\\/www.reinhold-wagner.com\\\/#\\\/schema\\\/logo\\\/image\\\/\"}}]}<\/script>\n<!-- \/ Yoast SEO plugin. -->","yoast_head_json":{"title":"\u00c4gypten - Startfrei.com","robots":{"index":"index","follow":"follow","max-snippet":"max-snippet:-1","max-image-preview":"max-image-preview:large","max-video-preview":"max-video-preview:-1"},"canonical":"https:\/\/cms.easyhvs.de\/startfreinew\/beispielseite-ksz\/","og_locale":"de_DE","og_type":"article","og_title":"\u00c4gypten - Startfrei.com","og_description":"Auf Kameltour durch das Hinterland von Dahab Salama und Hischam schien die abendliche K\u00e4lte nichts auszumachen, die allm\u00e4hlich in die d\u00fcnnen Kleider der beiden Urlauber an ihrer Seite kroch. Der Tee und das offene Feuer hielten die Beduinen innerlich und \u00e4u\u00dferlich warm. Salama lief st\u00e4ndig besch\u00e4ftigt hin und her. Mal legte er Holz nach, mal [&hellip;]","og_url":"https:\/\/cms.easyhvs.de\/startfreinew\/beispielseite-ksz\/","og_site_name":"Startfrei.com","article_modified_time":"2022-11-11T15:15:48+00:00","twitter_card":"summary_large_image","twitter_misc":{"Gesch\u00e4tzte Lesezeit":"3\u00a0Minuten"},"schema":{"@context":"https:\/\/schema.org","@graph":[{"@type":"WebPage","@id":"https:\/\/cms.easyhvs.de\/startfreinew\/beispielseite-ksz\/","url":"https:\/\/cms.easyhvs.de\/startfreinew\/beispielseite-ksz\/","name":"\u00c4gypten - Startfrei.com","isPartOf":{"@id":"https:\/\/www.reinhold-wagner.com\/#website"},"datePublished":"2022-11-04T16:10:00+00:00","dateModified":"2022-11-11T15:15:48+00:00","breadcrumb":{"@id":"https:\/\/cms.easyhvs.de\/startfreinew\/beispielseite-ksz\/#breadcrumb"},"inLanguage":"de","potentialAction":[{"@type":"ReadAction","target":["https:\/\/cms.easyhvs.de\/startfreinew\/beispielseite-ksz\/"]}]},{"@type":"BreadcrumbList","@id":"https:\/\/cms.easyhvs.de\/startfreinew\/beispielseite-ksz\/#breadcrumb","itemListElement":[{"@type":"ListItem","position":1,"name":"Home","item":"https:\/\/www.reinhold-wagner.com\/"},{"@type":"ListItem","position":2,"name":"\u00c4gypten"}]},{"@type":"WebSite","@id":"https:\/\/www.reinhold-wagner.com\/#website","url":"https:\/\/www.reinhold-wagner.com\/","name":"Startfrei.com","description":"","publisher":{"@id":"https:\/\/www.reinhold-wagner.com\/#organization"},"potentialAction":[{"@type":"SearchAction","target":{"@type":"EntryPoint","urlTemplate":"https:\/\/www.reinhold-wagner.com\/?s={search_term_string}"},"query-input":{"@type":"PropertyValueSpecification","valueRequired":true,"valueName":"search_term_string"}}],"inLanguage":"de"},{"@type":"Organization","@id":"https:\/\/www.reinhold-wagner.com\/#organization","name":"Startfrei.com","url":"https:\/\/www.reinhold-wagner.com\/","logo":{"@type":"ImageObject","inLanguage":"de","@id":"https:\/\/www.reinhold-wagner.com\/#\/schema\/logo\/image\/","url":"https:\/\/cms.easyhvs.de\/startfreinew\/wp-content\/uploads\/sites\/19\/2022\/02\/Logo_startfrei-briefbogen_alt-2.jpg","contentUrl":"https:\/\/cms.easyhvs.de\/startfreinew\/wp-content\/uploads\/sites\/19\/2022\/02\/Logo_startfrei-briefbogen_alt-2.jpg","width":322,"height":71,"caption":"Startfrei.com"},"image":{"@id":"https:\/\/www.reinhold-wagner.com\/#\/schema\/logo\/image\/"}}]}},"_links":{"self":[{"href":"https:\/\/cms.easyhvs.de\/startfreinew\/wp-json\/wp\/v2\/pages\/776","targetHints":{"allow":["GET"]}}],"collection":[{"href":"https:\/\/cms.easyhvs.de\/startfreinew\/wp-json\/wp\/v2\/pages"}],"about":[{"href":"https:\/\/cms.easyhvs.de\/startfreinew\/wp-json\/wp\/v2\/types\/page"}],"author":[{"embeddable":true,"href":"https:\/\/cms.easyhvs.de\/startfreinew\/wp-json\/wp\/v2\/users\/11"}],"replies":[{"embeddable":true,"href":"https:\/\/cms.easyhvs.de\/startfreinew\/wp-json\/wp\/v2\/comments?post=776"}],"version-history":[{"count":4,"href":"https:\/\/cms.easyhvs.de\/startfreinew\/wp-json\/wp\/v2\/pages\/776\/revisions"}],"predecessor-version":[{"id":793,"href":"https:\/\/cms.easyhvs.de\/startfreinew\/wp-json\/wp\/v2\/pages\/776\/revisions\/793"}],"wp:attachment":[{"href":"https:\/\/cms.easyhvs.de\/startfreinew\/wp-json\/wp\/v2\/media?parent=776"}],"curies":[{"name":"wp","href":"https:\/\/api.w.org\/{rel}","templated":true}]}}