{"id":7,"date":"2018-02-01T13:16:48","date_gmt":"2018-02-01T12:16:48","guid":{"rendered":"https:\/\/cms.easyhvs.de\/startfrei\/?page_id=7"},"modified":"2022-11-05T14:18:45","modified_gmt":"2022-11-05T14:18:45","slug":"italien","status":"publish","type":"page","link":"https:\/\/cms.easyhvs.de\/startfreinew\/italien\/","title":{"rendered":"Italien"},"content":{"rendered":"<div class=\"n2_ss_slider_publish__option_code\" dir=\"ltr\" data-mode=\"id\"><\/div>\n\n\n<p><\/p>\n\n\n\n<p><strong>Schmausen und Hausen wie der K\u00f6nig<\/strong><\/p>\n\n\n\n<p>Die Villa Fabbroni im Herzen der Toskana<\/p>\n\n\n\n<p><strong>\u201eBela Rosin, ti amo\u201c, hallt der Ruf des jungen K\u00f6nigs durch die R\u00e4ume der Villa Padronale. Vittorio Emanuele II rennt der fliehenden Geliebten hinterher und folgt ihr durch die verwinkelten Flure und aneinandergereihten Gem\u00e4cher, die alle zu den R\u00e4umlichkeiten des kleinen Lustschl\u00f6sschens geh\u00f6ren. Hier oben in den H\u00fcgeln, hoch \u00fcber der Ortschaft San Polo Greve in Chianti, f\u00fchlt sich der 27-J\u00e4hrige wohl und kann seine zehn Jahre j\u00fcngere Geliebte vor der \u00d6ffentlichkeit verstecken. Zumindest solange sie noch minderj\u00e4hrig und er verheiratet ist. Aber das soll sich bald \u00e4ndern. Nach dem Tod der K\u00f6nigin heiratet der K\u00f6nig von Italien seine langj\u00e4hrige M\u00e4tresse Rosa Vercellana, genannt die \u201eSch\u00f6ne Rosa\u201c, und macht sie zu seiner zweiten Frau, die ihn bis an sein Lebensende begleitet.<\/strong><\/p>\n\n\n\n<p>Was und wie es sich seinerzeit alles abspielte, um das Jahr 1850 in den Bergen von Chianti, wei\u00df heute keiner so ganz genau. Viele Jahre stand das kleine Schl\u00f6sschen danach leer. Dann aber entdeckten es zwei t\u00fcchtige K\u00f6che aus Florenz und waren sofort Feuer und Flamme. Dieses verlassene Lustschl\u00f6sschen des K\u00f6nigs wollten sie \u00fcbernehmen und von neuem mit Leben f\u00fcllen. Es stand viel Arbeit an, den \u00fcber die Jahre heruntergekommenen Bau in eine komfortable Villa mit eigener Gastst\u00e4tte zu verwandeln. Aber die beiden gaben nicht auf. Aus dem einstigen heimlichen Liebesnest des K\u00f6nigs wurde die heutige Villa Fabbroni.<\/p>\n\n\n\n<p>Mit einem freundlichen L\u00e4cheln auf den Lippen serviert Stefano Arnetoli den G\u00e4sten die Ergebnisse seiner Kochkunst \u2026 Keine Frage: er und sein Kompagnon Sergio Bongini verstehen ihr Handwerk. \u2026 Auch das Oliven\u00f6l und der zum Essen passende Wein stammen aus eigenem Anbau. \u2026<\/p>\n\n\n\n<p>Der Wein, den die beiden Hausherren produzieren, darf sich \u201ebiologisch\u201c nennen und vereint die Rebsorten Sangiovese, Canaiolo, Colorino und Barsaglina zu einem pr\u00e4chtigen Rotwein, der sich \u201eTerre di Panzalla\u201c nennt. \u2026<\/p>\n\n\n\n<p>Die Villa Fabbroni setzt sich zusammen aus einem Haupthaus, in dem neben mehreren, einzeln oder als Gruppe buchbaren Unterk\u00fcnften die Gastst\u00e4tte der Agricoltura untergebracht ist. \u2026<\/p>\n\n\n\n<p>Die Aussicht \u00fcber die H\u00fcgel der Chianti-Region ist \u00fcberw\u00e4ltigend. Ausfl\u00fcge in die unmittelbare Umgebung sowie die umliegenden Orte und Landschaften der Toskana geh\u00f6ren ebenso zum freiwilligen Pflichtprogramm der G\u00e4ste wie die M\u00f6glichkeit, sich wahlweise selbst zu versorgen, an hauseigenen Kochkursen teilzunehmen oder die Annehmlichkeiten der Restaurantk\u00fcche in Anspruch zu nehmen. \u2026<\/p>\n\n\n\n<p>Auf kurzer Distanz erreicht man die Ortschaft Greve in Chianti und die Haupttouristenziele Florenz, San Gimignano, Siena, Arezzo, Lucca und Pisa.<\/p>\n\n\n\n<p><em>Reinhold Wagner<\/em><\/p>\n\n\n\n<p><\/p>\n","protected":false},"excerpt":{"rendered":"<p>Schmausen und Hausen wie der K\u00f6nig Die Villa Fabbroni im Herzen der Toskana \u201eBela Rosin, ti amo\u201c, hallt der Ruf des jungen K\u00f6nigs durch die R\u00e4ume der Villa Padronale. Vittorio Emanuele II rennt der fliehenden Geliebten hinterher und folgt ihr durch die verwinkelten Flure und aneinandergereihten Gem\u00e4cher, die alle zu den R\u00e4umlichkeiten des kleinen Lustschl\u00f6sschens [&hellip;]<\/p>\n","protected":false},"author":11,"featured_media":0,"parent":0,"menu_order":0,"comment_status":"closed","ping_status":"closed","template":"","meta":{"ocean_post_layout":"","ocean_both_sidebars_style":"","ocean_both_sidebars_content_width":0,"ocean_both_sidebars_sidebars_width":0,"ocean_sidebar":"0","ocean_second_sidebar":"0","ocean_disable_margins":"enable","ocean_add_body_class":"","ocean_shortcode_before_top_bar":"","ocean_shortcode_after_top_bar":"","ocean_shortcode_before_header":"","ocean_shortcode_after_header":"","ocean_has_shortcode":"","ocean_shortcode_after_title":"","ocean_shortcode_before_footer_widgets":"","ocean_shortcode_after_footer_widgets":"","ocean_shortcode_before_footer_bottom":"","ocean_shortcode_after_footer_bottom":"","ocean_display_top_bar":"default","ocean_display_header":"default","ocean_header_style":"","ocean_center_header_left_menu":"0","ocean_custom_header_template":"0","ocean_custom_logo":0,"ocean_custom_retina_logo":0,"ocean_custom_logo_max_width":0,"ocean_custom_logo_tablet_max_width":0,"ocean_custom_logo_mobile_max_width":0,"ocean_custom_logo_max_height":0,"ocean_custom_logo_tablet_max_height":0,"ocean_custom_logo_mobile_max_height":0,"ocean_header_custom_menu":"0","ocean_menu_typo_font_family":"0","ocean_menu_typo_font_subset":"","ocean_menu_typo_font_size":0,"ocean_menu_typo_font_size_tablet":0,"ocean_menu_typo_font_size_mobile":0,"ocean_menu_typo_font_size_unit":"px","ocean_menu_typo_font_weight":"","ocean_menu_typo_font_weight_tablet":"","ocean_menu_typo_font_weight_mobile":"","ocean_menu_typo_transform":"","ocean_menu_typo_transform_tablet":"","ocean_menu_typo_transform_mobile":"","ocean_menu_typo_line_height":0,"ocean_menu_typo_line_height_tablet":0,"ocean_menu_typo_line_height_mobile":0,"ocean_menu_typo_line_height_unit":"","ocean_menu_typo_spacing":0,"ocean_menu_typo_spacing_tablet":0,"ocean_menu_typo_spacing_mobile":0,"ocean_menu_typo_spacing_unit":"","ocean_menu_link_color":"","ocean_menu_link_color_hover":"","ocean_menu_link_color_active":"","ocean_menu_link_background":"","ocean_menu_link_hover_background":"","ocean_menu_link_active_background":"","ocean_menu_social_links_bg":"","ocean_menu_social_hover_links_bg":"","ocean_menu_social_links_color":"","ocean_menu_social_hover_links_color":"","ocean_disable_title":"default","ocean_disable_heading":"default","ocean_post_title":"","ocean_post_subheading":"","ocean_post_title_style":"","ocean_post_title_background_color":"","ocean_post_title_background":0,"ocean_post_title_bg_image_position":"","ocean_post_title_bg_image_attachment":"","ocean_post_title_bg_image_repeat":"","ocean_post_title_bg_image_size":"","ocean_post_title_height":0,"ocean_post_title_bg_overlay":0.5,"ocean_post_title_bg_overlay_color":"","ocean_disable_breadcrumbs":"default","ocean_breadcrumbs_color":"","ocean_breadcrumbs_separator_color":"","ocean_breadcrumbs_links_color":"","ocean_breadcrumbs_links_hover_color":"","ocean_display_footer_widgets":"default","ocean_display_footer_bottom":"default","ocean_custom_footer_template":"0","footnotes":""},"class_list":["post-7","page","type-page","status-publish","hentry","entry"],"yoast_head":"<!-- This site is optimized with the Yoast SEO plugin v27.5 - https:\/\/yoast.com\/product\/yoast-seo-wordpress\/ -->\n<title>Italien - Startfrei.com<\/title>\n<meta name=\"robots\" content=\"index, follow, max-snippet:-1, max-image-preview:large, max-video-preview:-1\" \/>\n<link rel=\"canonical\" href=\"https:\/\/startfrei.com\/italien\/\" \/>\n<meta property=\"og:locale\" content=\"de_DE\" \/>\n<meta property=\"og:type\" content=\"article\" \/>\n<meta property=\"og:title\" content=\"Italien - Startfrei.com\" \/>\n<meta property=\"og:description\" content=\"Schmausen und Hausen wie der K\u00f6nig Die Villa Fabbroni im Herzen der Toskana \u201eBela Rosin, ti amo\u201c, hallt der Ruf des jungen K\u00f6nigs durch die R\u00e4ume der Villa Padronale. Vittorio Emanuele II rennt der fliehenden Geliebten hinterher und folgt ihr durch die verwinkelten Flure und aneinandergereihten Gem\u00e4cher, die alle zu den R\u00e4umlichkeiten des kleinen Lustschl\u00f6sschens [&hellip;]\" \/>\n<meta property=\"og:url\" content=\"https:\/\/startfrei.com\/italien\/\" \/>\n<meta property=\"og:site_name\" content=\"Startfrei.com\" \/>\n<meta property=\"article:modified_time\" content=\"2022-11-05T14:18:45+00:00\" \/>\n<meta name=\"twitter:card\" content=\"summary_large_image\" \/>\n<meta name=\"twitter:label1\" content=\"Gesch\u00e4tzte Lesezeit\" \/>\n\t<meta name=\"twitter:data1\" content=\"2\u00a0Minuten\" \/>\n<script type=\"application\/ld+json\" class=\"yoast-schema-graph\">{\"@context\":\"https:\\\/\\\/schema.org\",\"@graph\":[{\"@type\":\"WebPage\",\"@id\":\"https:\\\/\\\/startfrei.com\\\/italien\\\/\",\"url\":\"https:\\\/\\\/startfrei.com\\\/italien\\\/\",\"name\":\"Italien - Startfrei.com\",\"isPartOf\":{\"@id\":\"https:\\\/\\\/cms.easyhvs.de\\\/startfreinew\\\/#website\"},\"datePublished\":\"2018-02-01T12:16:48+00:00\",\"dateModified\":\"2022-11-05T14:18:45+00:00\",\"breadcrumb\":{\"@id\":\"https:\\\/\\\/startfrei.com\\\/italien\\\/#breadcrumb\"},\"inLanguage\":\"de\",\"potentialAction\":[{\"@type\":\"ReadAction\",\"target\":[\"https:\\\/\\\/startfrei.com\\\/italien\\\/\"]}]},{\"@type\":\"BreadcrumbList\",\"@id\":\"https:\\\/\\\/startfrei.com\\\/italien\\\/#breadcrumb\",\"itemListElement\":[{\"@type\":\"ListItem\",\"position\":1,\"name\":\"Home\",\"item\":\"https:\\\/\\\/cms.easyhvs.de\\\/startfreinew\\\/\"},{\"@type\":\"ListItem\",\"position\":2,\"name\":\"Italien\"}]},{\"@type\":\"WebSite\",\"@id\":\"https:\\\/\\\/cms.easyhvs.de\\\/startfreinew\\\/#website\",\"url\":\"https:\\\/\\\/cms.easyhvs.de\\\/startfreinew\\\/\",\"name\":\"Startfrei.com\",\"description\":\"\",\"publisher\":{\"@id\":\"https:\\\/\\\/cms.easyhvs.de\\\/startfreinew\\\/#organization\"},\"potentialAction\":[{\"@type\":\"SearchAction\",\"target\":{\"@type\":\"EntryPoint\",\"urlTemplate\":\"https:\\\/\\\/cms.easyhvs.de\\\/startfreinew\\\/?s={search_term_string}\"},\"query-input\":{\"@type\":\"PropertyValueSpecification\",\"valueRequired\":true,\"valueName\":\"search_term_string\"}}],\"inLanguage\":\"de\"},{\"@type\":\"Organization\",\"@id\":\"https:\\\/\\\/cms.easyhvs.de\\\/startfreinew\\\/#organization\",\"name\":\"Startfrei.com\",\"url\":\"https:\\\/\\\/cms.easyhvs.de\\\/startfreinew\\\/\",\"logo\":{\"@type\":\"ImageObject\",\"inLanguage\":\"de\",\"@id\":\"https:\\\/\\\/cms.easyhvs.de\\\/startfreinew\\\/#\\\/schema\\\/logo\\\/image\\\/\",\"url\":\"https:\\\/\\\/cms.easyhvs.de\\\/startfreinew\\\/wp-content\\\/uploads\\\/sites\\\/19\\\/2022\\\/02\\\/Logo_startfrei-briefbogen_alt-2.jpg\",\"contentUrl\":\"https:\\\/\\\/cms.easyhvs.de\\\/startfreinew\\\/wp-content\\\/uploads\\\/sites\\\/19\\\/2022\\\/02\\\/Logo_startfrei-briefbogen_alt-2.jpg\",\"width\":322,\"height\":71,\"caption\":\"Startfrei.com\"},\"image\":{\"@id\":\"https:\\\/\\\/cms.easyhvs.de\\\/startfreinew\\\/#\\\/schema\\\/logo\\\/image\\\/\"}}]}<\/script>\n<!-- \/ Yoast SEO plugin. -->","yoast_head_json":{"title":"Italien - Startfrei.com","robots":{"index":"index","follow":"follow","max-snippet":"max-snippet:-1","max-image-preview":"max-image-preview:large","max-video-preview":"max-video-preview:-1"},"canonical":"https:\/\/startfrei.com\/italien\/","og_locale":"de_DE","og_type":"article","og_title":"Italien - Startfrei.com","og_description":"Schmausen und Hausen wie der K\u00f6nig Die Villa Fabbroni im Herzen der Toskana \u201eBela Rosin, ti amo\u201c, hallt der Ruf des jungen K\u00f6nigs durch die R\u00e4ume der Villa Padronale. Vittorio Emanuele II rennt der fliehenden Geliebten hinterher und folgt ihr durch die verwinkelten Flure und aneinandergereihten Gem\u00e4cher, die alle zu den R\u00e4umlichkeiten des kleinen Lustschl\u00f6sschens [&hellip;]","og_url":"https:\/\/startfrei.com\/italien\/","og_site_name":"Startfrei.com","article_modified_time":"2022-11-05T14:18:45+00:00","twitter_card":"summary_large_image","twitter_misc":{"Gesch\u00e4tzte Lesezeit":"2\u00a0Minuten"},"schema":{"@context":"https:\/\/schema.org","@graph":[{"@type":"WebPage","@id":"https:\/\/startfrei.com\/italien\/","url":"https:\/\/startfrei.com\/italien\/","name":"Italien - Startfrei.com","isPartOf":{"@id":"https:\/\/cms.easyhvs.de\/startfreinew\/#website"},"datePublished":"2018-02-01T12:16:48+00:00","dateModified":"2022-11-05T14:18:45+00:00","breadcrumb":{"@id":"https:\/\/startfrei.com\/italien\/#breadcrumb"},"inLanguage":"de","potentialAction":[{"@type":"ReadAction","target":["https:\/\/startfrei.com\/italien\/"]}]},{"@type":"BreadcrumbList","@id":"https:\/\/startfrei.com\/italien\/#breadcrumb","itemListElement":[{"@type":"ListItem","position":1,"name":"Home","item":"https:\/\/cms.easyhvs.de\/startfreinew\/"},{"@type":"ListItem","position":2,"name":"Italien"}]},{"@type":"WebSite","@id":"https:\/\/cms.easyhvs.de\/startfreinew\/#website","url":"https:\/\/cms.easyhvs.de\/startfreinew\/","name":"Startfrei.com","description":"","publisher":{"@id":"https:\/\/cms.easyhvs.de\/startfreinew\/#organization"},"potentialAction":[{"@type":"SearchAction","target":{"@type":"EntryPoint","urlTemplate":"https:\/\/cms.easyhvs.de\/startfreinew\/?s={search_term_string}"},"query-input":{"@type":"PropertyValueSpecification","valueRequired":true,"valueName":"search_term_string"}}],"inLanguage":"de"},{"@type":"Organization","@id":"https:\/\/cms.easyhvs.de\/startfreinew\/#organization","name":"Startfrei.com","url":"https:\/\/cms.easyhvs.de\/startfreinew\/","logo":{"@type":"ImageObject","inLanguage":"de","@id":"https:\/\/cms.easyhvs.de\/startfreinew\/#\/schema\/logo\/image\/","url":"https:\/\/cms.easyhvs.de\/startfreinew\/wp-content\/uploads\/sites\/19\/2022\/02\/Logo_startfrei-briefbogen_alt-2.jpg","contentUrl":"https:\/\/cms.easyhvs.de\/startfreinew\/wp-content\/uploads\/sites\/19\/2022\/02\/Logo_startfrei-briefbogen_alt-2.jpg","width":322,"height":71,"caption":"Startfrei.com"},"image":{"@id":"https:\/\/cms.easyhvs.de\/startfreinew\/#\/schema\/logo\/image\/"}}]}},"_links":{"self":[{"href":"https:\/\/cms.easyhvs.de\/startfreinew\/wp-json\/wp\/v2\/pages\/7","targetHints":{"allow":["GET"]}}],"collection":[{"href":"https:\/\/cms.easyhvs.de\/startfreinew\/wp-json\/wp\/v2\/pages"}],"about":[{"href":"https:\/\/cms.easyhvs.de\/startfreinew\/wp-json\/wp\/v2\/types\/page"}],"author":[{"embeddable":true,"href":"https:\/\/cms.easyhvs.de\/startfreinew\/wp-json\/wp\/v2\/users\/11"}],"replies":[{"embeddable":true,"href":"https:\/\/cms.easyhvs.de\/startfreinew\/wp-json\/wp\/v2\/comments?post=7"}],"version-history":[{"count":3,"href":"https:\/\/cms.easyhvs.de\/startfreinew\/wp-json\/wp\/v2\/pages\/7\/revisions"}],"predecessor-version":[{"id":731,"href":"https:\/\/cms.easyhvs.de\/startfreinew\/wp-json\/wp\/v2\/pages\/7\/revisions\/731"}],"wp:attachment":[{"href":"https:\/\/cms.easyhvs.de\/startfreinew\/wp-json\/wp\/v2\/media?parent=7"}],"curies":[{"name":"wp","href":"https:\/\/api.w.org\/{rel}","templated":true}]}}