{"id":423,"date":"2021-07-01T12:32:44","date_gmt":"2021-07-01T10:32:44","guid":{"rendered":"https:\/\/cms.easyhvs.de\/startfrei\/?page_id=423"},"modified":"2023-10-27T09:43:53","modified_gmt":"2023-10-27T09:43:53","slug":"fur-die-sinne","status":"publish","type":"page","link":"https:\/\/cms.easyhvs.de\/startfreinew\/fur-die-sinne\/","title":{"rendered":"Riech und f\u00fchl mal &#8230;!"},"content":{"rendered":"\n\n\n<figure class=\"wp-block-image size-large\"><img loading=\"lazy\" decoding=\"async\" width=\"1024\" height=\"768\" src=\"https:\/\/cms.easyhvs.de\/startfreinew\/wp-content\/uploads\/sites\/19\/2021\/07\/Agypten_2012_RW_554_1280px-1024x768.jpg\" alt=\"\" class=\"wp-image-424\" srcset=\"https:\/\/cms.easyhvs.de\/startfreinew\/wp-content\/uploads\/sites\/19\/2021\/07\/Agypten_2012_RW_554_1280px-1024x768.jpg 1024w, https:\/\/cms.easyhvs.de\/startfreinew\/wp-content\/uploads\/sites\/19\/2021\/07\/Agypten_2012_RW_554_1280px-300x225.jpg 300w, https:\/\/cms.easyhvs.de\/startfreinew\/wp-content\/uploads\/sites\/19\/2021\/07\/Agypten_2012_RW_554_1280px-768x576.jpg 768w, https:\/\/cms.easyhvs.de\/startfreinew\/wp-content\/uploads\/sites\/19\/2021\/07\/Agypten_2012_RW_554_1280px-640x480.jpg 640w, https:\/\/cms.easyhvs.de\/startfreinew\/wp-content\/uploads\/sites\/19\/2021\/07\/Agypten_2012_RW_554_1280px-667x500.jpg 667w, https:\/\/cms.easyhvs.de\/startfreinew\/wp-content\/uploads\/sites\/19\/2021\/07\/Agypten_2012_RW_554_1280px.jpg 1280w\" sizes=\"auto, (max-width: 1024px) 100vw, 1024px\" \/><\/figure>\n\n\n\n<p>Am meisten vernachl\u00e4ssigen wir in aller Regel unseren Geruchs- und Geschmackssinn. Aber auch den Sp\u00fcr- und Tastsinn. Sie kommen selten genug zum Einsatz. Und wenn, dann eher begleitend und unterst\u00fctzend neben den anderen. Als zus\u00e4tzliche Absicherung unseres Seh- und H\u00f6rsinns, wenn uns diese nicht weiterbringen oder noch Fragen offenbleiben. Wie aber w\u00e4re es, einfach einmal \u2013 an einem sicheren Ort wohlgemerkt, an dem wir uns wohlf\u00fchlen \u2013 die Augen zu schlie\u00dfen und uns von einer Person unseres Vertrauens f\u00fchren zu lassen? Sich voll und ganz auf den anderen zu verlassen? Uns allein auf die Ber\u00fchrung zu konzentrieren, im weiteren Versuchsverlauf auf den Geruch und Geschmack, die Haptik, Temperatur und Wirkung jedes Objekts, das in greifbare N\u00e4he r\u00fcckt (oder gebracht wird)?<\/p>\n\n\n\n<p>Du wirst staunen, wie schwer es f\u00e4llt, selbst derart scheinbar unverwechselbare Dinge zu unterscheiden wie Rot-, Ros\u00e9- und Wei\u00dfwein oder Fischfilet und H\u00e4hnchenfleisch. Ist das in deinem Mund ein St\u00fcck Kohlrabi oder Gurke? Wie lange dauert es, bis ein St\u00fcck Brot beim Kauen s\u00fc\u00df schmeckt? Dunkelmen\u00fcs und \u2013 als Steigerung dazu \u2013 Dunkelkrimis stehen wieder hoch im Kurs! Blindverkostungen sollten nicht den Mitgliedern einer Jury vorbehalten bleiben. Es gibt kaum etwas, das die Sinne mehr anspricht und anregt, als der Verlust der Hauptsinne, in aller Regel des Sehens.<\/p>\n\n\n\n<p>Welche Stelle des K\u00f6rpers deines Gegen\u00fcbers ber\u00fchrst du in diesem Moment? Wo f\u00fchrt dein Gegen\u00fcber dich hin \u2013 oder deine Hand? Was kannst du \u00fcber diese Stelle, dieses Objekt sagen? Wie exakt kannst du es beschreiben? Und das Darum herum, das Umfeld? Was befindet sich da, wo du nicht direkten Kontakt dazu hast? Was du aber vielleicht dennoch wahrnehmen kannst? Was du riechen oder h\u00f6ren kannst \u2013 oder von dem du glaubst, eine andere Art von Sinneseindruck zu erhaschen und zu empfangen?<\/p>\n\n\n\n<p>Lass dich verf\u00fchren und dazu anregen, die Experimentier-Reihe selbst zu erweitern und fortzuf\u00fchren. Begebe dich mithilfe meiner Anregungen auf deine eigene Entdeckungsreise. Das Leben ist zu kurz und einfach zu sch\u00f6n, um sich nur den vorgegebenen, anstrengenden Dingen zu widmen, die getan werden M\u00dcSSEN. Tue einfach auch einmal das, was du tun WILLST \u2013 ich w\u00fcnsche dir und uns eine spannende gemeinsame Reise!<\/p>\n\n\n\n<div class=\"wp-block-columns is-layout-flex wp-container-core-columns-is-layout-9d6595d7 wp-block-columns-is-layout-flex\"><\/div>\n","protected":false},"excerpt":{"rendered":"<p>Am meisten vernachl\u00e4ssigen wir in aller Regel unseren Geruchs- und Geschmackssinn. Aber auch den Sp\u00fcr- und Tastsinn. Sie kommen selten genug zum Einsatz. Und wenn, dann eher begleitend und unterst\u00fctzend neben den anderen. Als zus\u00e4tzliche Absicherung unseres Seh- und H\u00f6rsinns, wenn uns diese nicht weiterbringen oder noch Fragen offenbleiben. Wie aber w\u00e4re es, einfach einmal [&hellip;]<\/p>\n","protected":false},"author":2,"featured_media":0,"parent":0,"menu_order":0,"comment_status":"closed","ping_status":"closed","template":"","meta":{"ocean_post_layout":"","ocean_both_sidebars_style":"","ocean_both_sidebars_content_width":0,"ocean_both_sidebars_sidebars_width":0,"ocean_sidebar":"0","ocean_second_sidebar":"0","ocean_disable_margins":"enable","ocean_add_body_class":"","ocean_shortcode_before_top_bar":"","ocean_shortcode_after_top_bar":"","ocean_shortcode_before_header":"","ocean_shortcode_after_header":"","ocean_has_shortcode":"","ocean_shortcode_after_title":"","ocean_shortcode_before_footer_widgets":"","ocean_shortcode_after_footer_widgets":"","ocean_shortcode_before_footer_bottom":"","ocean_shortcode_after_footer_bottom":"","ocean_display_top_bar":"default","ocean_display_header":"default","ocean_header_style":"","ocean_center_header_left_menu":"0","ocean_custom_header_template":"0","ocean_custom_logo":0,"ocean_custom_retina_logo":0,"ocean_custom_logo_max_width":0,"ocean_custom_logo_tablet_max_width":0,"ocean_custom_logo_mobile_max_width":0,"ocean_custom_logo_max_height":0,"ocean_custom_logo_tablet_max_height":0,"ocean_custom_logo_mobile_max_height":0,"ocean_header_custom_menu":"0","ocean_menu_typo_font_family":"0","ocean_menu_typo_font_subset":"","ocean_menu_typo_font_size":0,"ocean_menu_typo_font_size_tablet":0,"ocean_menu_typo_font_size_mobile":0,"ocean_menu_typo_font_size_unit":"px","ocean_menu_typo_font_weight":"","ocean_menu_typo_font_weight_tablet":"","ocean_menu_typo_font_weight_mobile":"","ocean_menu_typo_transform":"","ocean_menu_typo_transform_tablet":"","ocean_menu_typo_transform_mobile":"","ocean_menu_typo_line_height":0,"ocean_menu_typo_line_height_tablet":0,"ocean_menu_typo_line_height_mobile":0,"ocean_menu_typo_line_height_unit":"","ocean_menu_typo_spacing":0,"ocean_menu_typo_spacing_tablet":0,"ocean_menu_typo_spacing_mobile":0,"ocean_menu_typo_spacing_unit":"","ocean_menu_link_color":"","ocean_menu_link_color_hover":"","ocean_menu_link_color_active":"","ocean_menu_link_background":"","ocean_menu_link_hover_background":"","ocean_menu_link_active_background":"","ocean_menu_social_links_bg":"","ocean_menu_social_hover_links_bg":"","ocean_menu_social_links_color":"","ocean_menu_social_hover_links_color":"","ocean_disable_title":"default","ocean_disable_heading":"default","ocean_post_title":"","ocean_post_subheading":"","ocean_post_title_style":"","ocean_post_title_background_color":"","ocean_post_title_background":0,"ocean_post_title_bg_image_position":"","ocean_post_title_bg_image_attachment":"","ocean_post_title_bg_image_repeat":"","ocean_post_title_bg_image_size":"","ocean_post_title_height":0,"ocean_post_title_bg_overlay":0.5,"ocean_post_title_bg_overlay_color":"","ocean_disable_breadcrumbs":"default","ocean_breadcrumbs_color":"","ocean_breadcrumbs_separator_color":"","ocean_breadcrumbs_links_color":"","ocean_breadcrumbs_links_hover_color":"","ocean_display_footer_widgets":"default","ocean_display_footer_bottom":"default","ocean_custom_footer_template":"0","footnotes":""},"class_list":["post-423","page","type-page","status-publish","hentry","entry"],"yoast_head":"<!-- This site is optimized with the Yoast SEO plugin v27.5 - https:\/\/yoast.com\/product\/yoast-seo-wordpress\/ -->\n<title>Riech und f\u00fchl mal ...! - Startfrei.com<\/title>\n<meta name=\"robots\" content=\"index, follow, max-snippet:-1, max-image-preview:large, max-video-preview:-1\" \/>\n<link rel=\"canonical\" href=\"https:\/\/cms.easyhvs.de\/startfreinew\/fur-die-sinne\/\" \/>\n<meta property=\"og:locale\" content=\"de_DE\" \/>\n<meta property=\"og:type\" content=\"article\" \/>\n<meta property=\"og:title\" content=\"Riech und f\u00fchl mal ...! - Startfrei.com\" \/>\n<meta property=\"og:description\" content=\"Am meisten vernachl\u00e4ssigen wir in aller Regel unseren Geruchs- und Geschmackssinn. Aber auch den Sp\u00fcr- und Tastsinn. Sie kommen selten genug zum Einsatz. Und wenn, dann eher begleitend und unterst\u00fctzend neben den anderen. Als zus\u00e4tzliche Absicherung unseres Seh- und H\u00f6rsinns, wenn uns diese nicht weiterbringen oder noch Fragen offenbleiben. Wie aber w\u00e4re es, einfach einmal [&hellip;]\" \/>\n<meta property=\"og:url\" content=\"https:\/\/cms.easyhvs.de\/startfreinew\/fur-die-sinne\/\" \/>\n<meta property=\"og:site_name\" content=\"Startfrei.com\" \/>\n<meta property=\"article:modified_time\" content=\"2023-10-27T09:43:53+00:00\" \/>\n<meta property=\"og:image\" content=\"https:\/\/cms.easyhvs.de\/startfreinew\/wp-content\/uploads\/sites\/19\/2021\/07\/Agypten_2012_RW_554_1280px-1024x768.jpg\" \/>\n<meta name=\"twitter:card\" content=\"summary_large_image\" \/>\n<meta name=\"twitter:label1\" content=\"Gesch\u00e4tzte Lesezeit\" \/>\n\t<meta name=\"twitter:data1\" content=\"3\u00a0Minuten\" \/>\n<script type=\"application\/ld+json\" class=\"yoast-schema-graph\">{\"@context\":\"https:\\\/\\\/schema.org\",\"@graph\":[{\"@type\":\"WebPage\",\"@id\":\"https:\\\/\\\/cms.easyhvs.de\\\/startfreinew\\\/fur-die-sinne\\\/\",\"url\":\"https:\\\/\\\/cms.easyhvs.de\\\/startfreinew\\\/fur-die-sinne\\\/\",\"name\":\"Riech und f\u00fchl mal ...! - Startfrei.com\",\"isPartOf\":{\"@id\":\"https:\\\/\\\/cms.easyhvs.de\\\/startfreinew\\\/#website\"},\"primaryImageOfPage\":{\"@id\":\"https:\\\/\\\/cms.easyhvs.de\\\/startfreinew\\\/fur-die-sinne\\\/#primaryimage\"},\"image\":{\"@id\":\"https:\\\/\\\/cms.easyhvs.de\\\/startfreinew\\\/fur-die-sinne\\\/#primaryimage\"},\"thumbnailUrl\":\"https:\\\/\\\/cms.easyhvs.de\\\/startfreinew\\\/wp-content\\\/uploads\\\/sites\\\/19\\\/2021\\\/07\\\/Agypten_2012_RW_554_1280px-1024x768.jpg\",\"datePublished\":\"2021-07-01T10:32:44+00:00\",\"dateModified\":\"2023-10-27T09:43:53+00:00\",\"breadcrumb\":{\"@id\":\"https:\\\/\\\/cms.easyhvs.de\\\/startfreinew\\\/fur-die-sinne\\\/#breadcrumb\"},\"inLanguage\":\"de\",\"potentialAction\":[{\"@type\":\"ReadAction\",\"target\":[\"https:\\\/\\\/cms.easyhvs.de\\\/startfreinew\\\/fur-die-sinne\\\/\"]}]},{\"@type\":\"ImageObject\",\"inLanguage\":\"de\",\"@id\":\"https:\\\/\\\/cms.easyhvs.de\\\/startfreinew\\\/fur-die-sinne\\\/#primaryimage\",\"url\":\"https:\\\/\\\/cms.easyhvs.de\\\/startfreinew\\\/wp-content\\\/uploads\\\/sites\\\/19\\\/2021\\\/07\\\/Agypten_2012_RW_554_1280px.jpg\",\"contentUrl\":\"https:\\\/\\\/cms.easyhvs.de\\\/startfreinew\\\/wp-content\\\/uploads\\\/sites\\\/19\\\/2021\\\/07\\\/Agypten_2012_RW_554_1280px.jpg\",\"width\":1280,\"height\":960},{\"@type\":\"BreadcrumbList\",\"@id\":\"https:\\\/\\\/cms.easyhvs.de\\\/startfreinew\\\/fur-die-sinne\\\/#breadcrumb\",\"itemListElement\":[{\"@type\":\"ListItem\",\"position\":1,\"name\":\"Home\",\"item\":\"https:\\\/\\\/cms.easyhvs.de\\\/startfreinew\\\/\"},{\"@type\":\"ListItem\",\"position\":2,\"name\":\"Riech und f\u00fchl mal &#8230;!\"}]},{\"@type\":\"WebSite\",\"@id\":\"https:\\\/\\\/cms.easyhvs.de\\\/startfreinew\\\/#website\",\"url\":\"https:\\\/\\\/cms.easyhvs.de\\\/startfreinew\\\/\",\"name\":\"Startfrei.com\",\"description\":\"\",\"publisher\":{\"@id\":\"https:\\\/\\\/cms.easyhvs.de\\\/startfreinew\\\/#organization\"},\"potentialAction\":[{\"@type\":\"SearchAction\",\"target\":{\"@type\":\"EntryPoint\",\"urlTemplate\":\"https:\\\/\\\/cms.easyhvs.de\\\/startfreinew\\\/?s={search_term_string}\"},\"query-input\":{\"@type\":\"PropertyValueSpecification\",\"valueRequired\":true,\"valueName\":\"search_term_string\"}}],\"inLanguage\":\"de\"},{\"@type\":\"Organization\",\"@id\":\"https:\\\/\\\/cms.easyhvs.de\\\/startfreinew\\\/#organization\",\"name\":\"Startfrei.com\",\"url\":\"https:\\\/\\\/cms.easyhvs.de\\\/startfreinew\\\/\",\"logo\":{\"@type\":\"ImageObject\",\"inLanguage\":\"de\",\"@id\":\"https:\\\/\\\/cms.easyhvs.de\\\/startfreinew\\\/#\\\/schema\\\/logo\\\/image\\\/\",\"url\":\"https:\\\/\\\/cms.easyhvs.de\\\/startfreinew\\\/wp-content\\\/uploads\\\/sites\\\/19\\\/2022\\\/02\\\/Logo_startfrei-briefbogen_alt-2.jpg\",\"contentUrl\":\"https:\\\/\\\/cms.easyhvs.de\\\/startfreinew\\\/wp-content\\\/uploads\\\/sites\\\/19\\\/2022\\\/02\\\/Logo_startfrei-briefbogen_alt-2.jpg\",\"width\":322,\"height\":71,\"caption\":\"Startfrei.com\"},\"image\":{\"@id\":\"https:\\\/\\\/cms.easyhvs.de\\\/startfreinew\\\/#\\\/schema\\\/logo\\\/image\\\/\"}}]}<\/script>\n<!-- \/ Yoast SEO plugin. -->","yoast_head_json":{"title":"Riech und f\u00fchl mal ...! - Startfrei.com","robots":{"index":"index","follow":"follow","max-snippet":"max-snippet:-1","max-image-preview":"max-image-preview:large","max-video-preview":"max-video-preview:-1"},"canonical":"https:\/\/cms.easyhvs.de\/startfreinew\/fur-die-sinne\/","og_locale":"de_DE","og_type":"article","og_title":"Riech und f\u00fchl mal ...! - Startfrei.com","og_description":"Am meisten vernachl\u00e4ssigen wir in aller Regel unseren Geruchs- und Geschmackssinn. Aber auch den Sp\u00fcr- und Tastsinn. Sie kommen selten genug zum Einsatz. Und wenn, dann eher begleitend und unterst\u00fctzend neben den anderen. Als zus\u00e4tzliche Absicherung unseres Seh- und H\u00f6rsinns, wenn uns diese nicht weiterbringen oder noch Fragen offenbleiben. Wie aber w\u00e4re es, einfach einmal [&hellip;]","og_url":"https:\/\/cms.easyhvs.de\/startfreinew\/fur-die-sinne\/","og_site_name":"Startfrei.com","article_modified_time":"2023-10-27T09:43:53+00:00","og_image":[{"url":"https:\/\/cms.easyhvs.de\/startfreinew\/wp-content\/uploads\/sites\/19\/2021\/07\/Agypten_2012_RW_554_1280px-1024x768.jpg","type":"","width":"","height":""}],"twitter_card":"summary_large_image","twitter_misc":{"Gesch\u00e4tzte Lesezeit":"3\u00a0Minuten"},"schema":{"@context":"https:\/\/schema.org","@graph":[{"@type":"WebPage","@id":"https:\/\/cms.easyhvs.de\/startfreinew\/fur-die-sinne\/","url":"https:\/\/cms.easyhvs.de\/startfreinew\/fur-die-sinne\/","name":"Riech und f\u00fchl mal ...! - Startfrei.com","isPartOf":{"@id":"https:\/\/cms.easyhvs.de\/startfreinew\/#website"},"primaryImageOfPage":{"@id":"https:\/\/cms.easyhvs.de\/startfreinew\/fur-die-sinne\/#primaryimage"},"image":{"@id":"https:\/\/cms.easyhvs.de\/startfreinew\/fur-die-sinne\/#primaryimage"},"thumbnailUrl":"https:\/\/cms.easyhvs.de\/startfreinew\/wp-content\/uploads\/sites\/19\/2021\/07\/Agypten_2012_RW_554_1280px-1024x768.jpg","datePublished":"2021-07-01T10:32:44+00:00","dateModified":"2023-10-27T09:43:53+00:00","breadcrumb":{"@id":"https:\/\/cms.easyhvs.de\/startfreinew\/fur-die-sinne\/#breadcrumb"},"inLanguage":"de","potentialAction":[{"@type":"ReadAction","target":["https:\/\/cms.easyhvs.de\/startfreinew\/fur-die-sinne\/"]}]},{"@type":"ImageObject","inLanguage":"de","@id":"https:\/\/cms.easyhvs.de\/startfreinew\/fur-die-sinne\/#primaryimage","url":"https:\/\/cms.easyhvs.de\/startfreinew\/wp-content\/uploads\/sites\/19\/2021\/07\/Agypten_2012_RW_554_1280px.jpg","contentUrl":"https:\/\/cms.easyhvs.de\/startfreinew\/wp-content\/uploads\/sites\/19\/2021\/07\/Agypten_2012_RW_554_1280px.jpg","width":1280,"height":960},{"@type":"BreadcrumbList","@id":"https:\/\/cms.easyhvs.de\/startfreinew\/fur-die-sinne\/#breadcrumb","itemListElement":[{"@type":"ListItem","position":1,"name":"Home","item":"https:\/\/cms.easyhvs.de\/startfreinew\/"},{"@type":"ListItem","position":2,"name":"Riech und f\u00fchl mal &#8230;!"}]},{"@type":"WebSite","@id":"https:\/\/cms.easyhvs.de\/startfreinew\/#website","url":"https:\/\/cms.easyhvs.de\/startfreinew\/","name":"Startfrei.com","description":"","publisher":{"@id":"https:\/\/cms.easyhvs.de\/startfreinew\/#organization"},"potentialAction":[{"@type":"SearchAction","target":{"@type":"EntryPoint","urlTemplate":"https:\/\/cms.easyhvs.de\/startfreinew\/?s={search_term_string}"},"query-input":{"@type":"PropertyValueSpecification","valueRequired":true,"valueName":"search_term_string"}}],"inLanguage":"de"},{"@type":"Organization","@id":"https:\/\/cms.easyhvs.de\/startfreinew\/#organization","name":"Startfrei.com","url":"https:\/\/cms.easyhvs.de\/startfreinew\/","logo":{"@type":"ImageObject","inLanguage":"de","@id":"https:\/\/cms.easyhvs.de\/startfreinew\/#\/schema\/logo\/image\/","url":"https:\/\/cms.easyhvs.de\/startfreinew\/wp-content\/uploads\/sites\/19\/2022\/02\/Logo_startfrei-briefbogen_alt-2.jpg","contentUrl":"https:\/\/cms.easyhvs.de\/startfreinew\/wp-content\/uploads\/sites\/19\/2022\/02\/Logo_startfrei-briefbogen_alt-2.jpg","width":322,"height":71,"caption":"Startfrei.com"},"image":{"@id":"https:\/\/cms.easyhvs.de\/startfreinew\/#\/schema\/logo\/image\/"}}]}},"_links":{"self":[{"href":"https:\/\/cms.easyhvs.de\/startfreinew\/wp-json\/wp\/v2\/pages\/423","targetHints":{"allow":["GET"]}}],"collection":[{"href":"https:\/\/cms.easyhvs.de\/startfreinew\/wp-json\/wp\/v2\/pages"}],"about":[{"href":"https:\/\/cms.easyhvs.de\/startfreinew\/wp-json\/wp\/v2\/types\/page"}],"author":[{"embeddable":true,"href":"https:\/\/cms.easyhvs.de\/startfreinew\/wp-json\/wp\/v2\/users\/2"}],"replies":[{"embeddable":true,"href":"https:\/\/cms.easyhvs.de\/startfreinew\/wp-json\/wp\/v2\/comments?post=423"}],"version-history":[{"count":3,"href":"https:\/\/cms.easyhvs.de\/startfreinew\/wp-json\/wp\/v2\/pages\/423\/revisions"}],"predecessor-version":[{"id":848,"href":"https:\/\/cms.easyhvs.de\/startfreinew\/wp-json\/wp\/v2\/pages\/423\/revisions\/848"}],"wp:attachment":[{"href":"https:\/\/cms.easyhvs.de\/startfreinew\/wp-json\/wp\/v2\/media?parent=423"}],"curies":[{"name":"wp","href":"https:\/\/api.w.org\/{rel}","templated":true}]}}