{"id":398,"date":"2021-06-21T15:20:25","date_gmt":"2021-06-21T13:20:25","guid":{"rendered":"https:\/\/cms.easyhvs.de\/startfrei\/?page_id=398"},"modified":"2023-10-27T09:34:49","modified_gmt":"2023-10-27T09:34:49","slug":"fur-das-auge","status":"publish","type":"page","link":"https:\/\/cms.easyhvs.de\/startfreinew\/fur-das-auge\/","title":{"rendered":"Augenblick mal &#8230;!"},"content":{"rendered":"\n<div class=\"wp-block-columns is-layout-flex wp-container-core-columns-is-layout-9d6595d7 wp-block-columns-is-layout-flex\">\n<div class=\"wp-block-column is-layout-flow wp-block-column-is-layout-flow\" style=\"flex-basis:33.33%\">\n<figure class=\"wp-block-image size-large\"><img loading=\"lazy\" decoding=\"async\" width=\"1024\" height=\"1024\" src=\"https:\/\/cms.easyhvs.de\/startfreinew\/wp-content\/uploads\/sites\/19\/2021\/06\/Mundenhof-9_04-RW_0006_1280x1280-1024x1024.png\" alt=\"\" class=\"wp-image-414\" srcset=\"https:\/\/cms.easyhvs.de\/startfreinew\/wp-content\/uploads\/sites\/19\/2021\/06\/Mundenhof-9_04-RW_0006_1280x1280-1024x1024.png 1024w, https:\/\/cms.easyhvs.de\/startfreinew\/wp-content\/uploads\/sites\/19\/2021\/06\/Mundenhof-9_04-RW_0006_1280x1280-300x300.png 300w, https:\/\/cms.easyhvs.de\/startfreinew\/wp-content\/uploads\/sites\/19\/2021\/06\/Mundenhof-9_04-RW_0006_1280x1280-150x150.png 150w, https:\/\/cms.easyhvs.de\/startfreinew\/wp-content\/uploads\/sites\/19\/2021\/06\/Mundenhof-9_04-RW_0006_1280x1280-768x768.png 768w, https:\/\/cms.easyhvs.de\/startfreinew\/wp-content\/uploads\/sites\/19\/2021\/06\/Mundenhof-9_04-RW_0006_1280x1280-480x480.png 480w, https:\/\/cms.easyhvs.de\/startfreinew\/wp-content\/uploads\/sites\/19\/2021\/06\/Mundenhof-9_04-RW_0006_1280x1280-500x500.png 500w, https:\/\/cms.easyhvs.de\/startfreinew\/wp-content\/uploads\/sites\/19\/2021\/06\/Mundenhof-9_04-RW_0006_1280x1280-640x640.png 640w, https:\/\/cms.easyhvs.de\/startfreinew\/wp-content\/uploads\/sites\/19\/2021\/06\/Mundenhof-9_04-RW_0006_1280x1280.png 1280w\" sizes=\"auto, (max-width: 1024px) 100vw, 1024px\" \/><\/figure>\n<\/div>\n\n\n\n<div class=\"wp-block-column is-layout-flow wp-block-column-is-layout-flow\" style=\"flex-basis:66.66%\">\n<p>Speed-Dating, Parship, Tinder, \u201eTake me out\u201d, Tanz-Aufforderung oder T\u00fcrspion \u2013 ist es nicht verr\u00fcckt, wie wenige Sekunden ausreichen, um uns ein Bild unseres Gegen\u00fcbers zu machen, das \u00fcber ganze Schicksale entscheiden kann? Ein Augenblick gen\u00fcgt, und wir entscheiden uns. Zwischen \u201eOh Gott, bleib mir fern und verschone mich\u201c und \u201eWow, von dir will ich mehr (sehen, wissen \u2026)\u201c liegt gerade einmal ein Augenaufschlag. Zwischen \u201eHau ab!\u201c und \u201eDas ist Liebe auf den ersten Blick\u201c gen\u00fcgt uns eine Reaktionszeit von ein paar Sekunden, h\u00f6chstens Minuten. Der erste Check-Up erfolgt in den allermeisten F\u00e4llen \u00fcber die Augen \u2013 und zwar Auge in Auge.<\/p>\n\n\n\n<p>Von der Begegnung unter wilden Tieren wissen wir: Ein Blick in die Augen des Gegen\u00fcbers entscheidet dar\u00fcber, wer wen frisst, unterwirft, jagen wird oder sich auf eine Beziehung einl\u00e4sst. Kein anderes Element der K\u00f6rpersprache wird als aufdringlicher oder intimer wahrgenommen. Entsprechend rasch und reflexartig reagieren wir mit Unterwerfung, Flucht, Angriff oder Gegenliebe. Augen zu, abwenden oder auf den Boden blicken ist die eine Art, dem schier unermesslichen Druck auszuweichen, den der direkte Blick des Gegen\u00fcbers auf einen aus\u00fcbt. Die andere Alternative lautet: Dem Blick standhalten und abwarten, wie der andere reagiert. Das kann dann Aggressivit\u00e4t ausl\u00f6sen \u2013 oder eben Liebe und Zuneigung.<\/p>\n<\/div>\n<\/div>\n\n\n\n<p>Versuche einmal, dem Blick deines Gegen\u00fcbers mehr als eine Minute lang standzuhalten und nicht auszuweichen, die Augen offen zu halten und neutral zu bleiben (nicht zu lachen oder zu albern). Es wird eine der l\u00e4ngsten Minuten deines Lebens sein. Umso mehr, je fremder dir dein Gegen\u00fcber ist. Es kann aber auch ein sehr intimer, bindender Augenblick sein. Wom\u00f6glich einer, den keiner von beiden Beteiligten f\u00fcr den Rest seines Lebens je vergisst.<\/p>\n\n\n\n<p>\u201eEntschuldigung, ist der Platz neben dir noch frei?\u201c \u2013 \u201eEntschuldigung, das m\u00fcsste mein Platz sein, auf dem du sitzt\u201c \u2013 \u201eEntschuldigung, darf ich Mal kurz durch auf meinen Platz?\u201c \u2013 So beginnen oftmals Gespr\u00e4che zwischen Sitznachbarn im Flugzeug. Was sich daraus entwickelt, dar\u00fcber entscheiden der erste Blickkontakt, die ersten Blickwechsel \u2013 und in einem zweiten und dritten Schritt die Stimme, der Geruch oder Duft und m\u00f6glicherweise die Ber\u00fchrung durch das Gegen\u00fcber beim aneinander Vorbeigleiten im beengten Sitzbereich &#8230;<\/p>\n\n\n\n<p>Lass dich verf\u00fchren zum Lesen und Betrachten dieser und der folgenden Seiten. In kurzen, knappen Exposees und anhand einer kleinen Auswahl an Bildern stelle ich dir meine Welt vor, wie ich sie liebe und weitergeben m\u00f6chte. Willst du mehr davon \u2013 lesen, sehen oder weitergeben \u2013, nimm Kontakt zu mir auf, und wir besprechen, wie du an mehr kommst. Auch gerne, um es selbst zu ver\u00f6ffentlichen in einem deiner Medien \u2026<\/p>\n","protected":false},"excerpt":{"rendered":"<p>Speed-Dating, Parship, Tinder, \u201eTake me out\u201d, Tanz-Aufforderung oder T\u00fcrspion \u2013 ist es nicht verr\u00fcckt, wie wenige Sekunden ausreichen, um uns ein Bild unseres Gegen\u00fcbers zu machen, das \u00fcber ganze Schicksale entscheiden kann? Ein Augenblick gen\u00fcgt, und wir entscheiden uns. Zwischen \u201eOh Gott, bleib mir fern und verschone mich\u201c und \u201eWow, von dir will ich mehr [&hellip;]<\/p>\n","protected":false},"author":2,"featured_media":0,"parent":0,"menu_order":0,"comment_status":"closed","ping_status":"closed","template":"","meta":{"ocean_post_layout":"","ocean_both_sidebars_style":"","ocean_both_sidebars_content_width":0,"ocean_both_sidebars_sidebars_width":0,"ocean_sidebar":"0","ocean_second_sidebar":"0","ocean_disable_margins":"enable","ocean_add_body_class":"","ocean_shortcode_before_top_bar":"","ocean_shortcode_after_top_bar":"","ocean_shortcode_before_header":"","ocean_shortcode_after_header":"","ocean_has_shortcode":"","ocean_shortcode_after_title":"","ocean_shortcode_before_footer_widgets":"","ocean_shortcode_after_footer_widgets":"","ocean_shortcode_before_footer_bottom":"","ocean_shortcode_after_footer_bottom":"","ocean_display_top_bar":"default","ocean_display_header":"default","ocean_header_style":"","ocean_center_header_left_menu":"0","ocean_custom_header_template":"0","ocean_custom_logo":0,"ocean_custom_retina_logo":0,"ocean_custom_logo_max_width":0,"ocean_custom_logo_tablet_max_width":0,"ocean_custom_logo_mobile_max_width":0,"ocean_custom_logo_max_height":0,"ocean_custom_logo_tablet_max_height":0,"ocean_custom_logo_mobile_max_height":0,"ocean_header_custom_menu":"0","ocean_menu_typo_font_family":"0","ocean_menu_typo_font_subset":"","ocean_menu_typo_font_size":0,"ocean_menu_typo_font_size_tablet":0,"ocean_menu_typo_font_size_mobile":0,"ocean_menu_typo_font_size_unit":"px","ocean_menu_typo_font_weight":"","ocean_menu_typo_font_weight_tablet":"","ocean_menu_typo_font_weight_mobile":"","ocean_menu_typo_transform":"","ocean_menu_typo_transform_tablet":"","ocean_menu_typo_transform_mobile":"","ocean_menu_typo_line_height":0,"ocean_menu_typo_line_height_tablet":0,"ocean_menu_typo_line_height_mobile":0,"ocean_menu_typo_line_height_unit":"","ocean_menu_typo_spacing":0,"ocean_menu_typo_spacing_tablet":0,"ocean_menu_typo_spacing_mobile":0,"ocean_menu_typo_spacing_unit":"","ocean_menu_link_color":"","ocean_menu_link_color_hover":"","ocean_menu_link_color_active":"","ocean_menu_link_background":"","ocean_menu_link_hover_background":"","ocean_menu_link_active_background":"","ocean_menu_social_links_bg":"","ocean_menu_social_hover_links_bg":"","ocean_menu_social_links_color":"","ocean_menu_social_hover_links_color":"","ocean_disable_title":"default","ocean_disable_heading":"default","ocean_post_title":"","ocean_post_subheading":"","ocean_post_title_style":"","ocean_post_title_background_color":"","ocean_post_title_background":0,"ocean_post_title_bg_image_position":"","ocean_post_title_bg_image_attachment":"","ocean_post_title_bg_image_repeat":"","ocean_post_title_bg_image_size":"","ocean_post_title_height":0,"ocean_post_title_bg_overlay":0.5,"ocean_post_title_bg_overlay_color":"","ocean_disable_breadcrumbs":"default","ocean_breadcrumbs_color":"","ocean_breadcrumbs_separator_color":"","ocean_breadcrumbs_links_color":"","ocean_breadcrumbs_links_hover_color":"","ocean_display_footer_widgets":"default","ocean_display_footer_bottom":"default","ocean_custom_footer_template":"0","footnotes":""},"class_list":["post-398","page","type-page","status-publish","hentry","entry"],"yoast_head":"<!-- This site is optimized with the Yoast SEO plugin v27.5 - https:\/\/yoast.com\/product\/yoast-seo-wordpress\/ -->\n<title>Augenblick mal ...! - Startfrei.com<\/title>\n<meta name=\"robots\" content=\"index, follow, max-snippet:-1, max-image-preview:large, max-video-preview:-1\" \/>\n<link rel=\"canonical\" href=\"https:\/\/www.reinhold-wagner.com\/fur-das-auge\/\" \/>\n<meta property=\"og:locale\" content=\"de_DE\" \/>\n<meta property=\"og:type\" content=\"article\" \/>\n<meta property=\"og:title\" content=\"Augenblick mal ...! - Startfrei.com\" \/>\n<meta property=\"og:description\" content=\"Speed-Dating, Parship, Tinder, \u201eTake me out\u201d, Tanz-Aufforderung oder T\u00fcrspion \u2013 ist es nicht verr\u00fcckt, wie wenige Sekunden ausreichen, um uns ein Bild unseres Gegen\u00fcbers zu machen, das \u00fcber ganze Schicksale entscheiden kann? Ein Augenblick gen\u00fcgt, und wir entscheiden uns. Zwischen \u201eOh Gott, bleib mir fern und verschone mich\u201c und \u201eWow, von dir will ich mehr [&hellip;]\" \/>\n<meta property=\"og:url\" content=\"https:\/\/www.reinhold-wagner.com\/fur-das-auge\/\" \/>\n<meta property=\"og:site_name\" content=\"Startfrei.com\" \/>\n<meta property=\"article:modified_time\" content=\"2023-10-27T09:34:49+00:00\" \/>\n<meta property=\"og:image\" content=\"https:\/\/cms.easyhvs.de\/startfreinew\/wp-content\/uploads\/sites\/19\/2021\/06\/Mundenhof-9_04-RW_0006_1280x1280-1024x1024.png\" \/>\n<meta name=\"twitter:card\" content=\"summary_large_image\" \/>\n<meta name=\"twitter:label1\" content=\"Gesch\u00e4tzte Lesezeit\" \/>\n\t<meta name=\"twitter:data1\" content=\"3\u00a0Minuten\" \/>\n<script type=\"application\/ld+json\" class=\"yoast-schema-graph\">{\"@context\":\"https:\\\/\\\/schema.org\",\"@graph\":[{\"@type\":\"WebPage\",\"@id\":\"https:\\\/\\\/www.reinhold-wagner.com\\\/fur-das-auge\\\/\",\"url\":\"https:\\\/\\\/www.reinhold-wagner.com\\\/fur-das-auge\\\/\",\"name\":\"Augenblick mal ...! - Startfrei.com\",\"isPartOf\":{\"@id\":\"https:\\\/\\\/cms.easyhvs.de\\\/startfreinew\\\/#website\"},\"primaryImageOfPage\":{\"@id\":\"https:\\\/\\\/www.reinhold-wagner.com\\\/fur-das-auge\\\/#primaryimage\"},\"image\":{\"@id\":\"https:\\\/\\\/www.reinhold-wagner.com\\\/fur-das-auge\\\/#primaryimage\"},\"thumbnailUrl\":\"https:\\\/\\\/cms.easyhvs.de\\\/startfreinew\\\/wp-content\\\/uploads\\\/sites\\\/19\\\/2021\\\/06\\\/Mundenhof-9_04-RW_0006_1280x1280-1024x1024.png\",\"datePublished\":\"2021-06-21T13:20:25+00:00\",\"dateModified\":\"2023-10-27T09:34:49+00:00\",\"breadcrumb\":{\"@id\":\"https:\\\/\\\/www.reinhold-wagner.com\\\/fur-das-auge\\\/#breadcrumb\"},\"inLanguage\":\"de\",\"potentialAction\":[{\"@type\":\"ReadAction\",\"target\":[\"https:\\\/\\\/www.reinhold-wagner.com\\\/fur-das-auge\\\/\"]}]},{\"@type\":\"ImageObject\",\"inLanguage\":\"de\",\"@id\":\"https:\\\/\\\/www.reinhold-wagner.com\\\/fur-das-auge\\\/#primaryimage\",\"url\":\"https:\\\/\\\/cms.easyhvs.de\\\/startfreinew\\\/wp-content\\\/uploads\\\/sites\\\/19\\\/2021\\\/06\\\/Mundenhof-9_04-RW_0006_1280x1280.png\",\"contentUrl\":\"https:\\\/\\\/cms.easyhvs.de\\\/startfreinew\\\/wp-content\\\/uploads\\\/sites\\\/19\\\/2021\\\/06\\\/Mundenhof-9_04-RW_0006_1280x1280.png\",\"width\":1280,\"height\":1280},{\"@type\":\"BreadcrumbList\",\"@id\":\"https:\\\/\\\/www.reinhold-wagner.com\\\/fur-das-auge\\\/#breadcrumb\",\"itemListElement\":[{\"@type\":\"ListItem\",\"position\":1,\"name\":\"Home\",\"item\":\"https:\\\/\\\/cms.easyhvs.de\\\/startfreinew\\\/\"},{\"@type\":\"ListItem\",\"position\":2,\"name\":\"Augenblick mal &#8230;!\"}]},{\"@type\":\"WebSite\",\"@id\":\"https:\\\/\\\/cms.easyhvs.de\\\/startfreinew\\\/#website\",\"url\":\"https:\\\/\\\/cms.easyhvs.de\\\/startfreinew\\\/\",\"name\":\"Startfrei.com\",\"description\":\"\",\"publisher\":{\"@id\":\"https:\\\/\\\/cms.easyhvs.de\\\/startfreinew\\\/#organization\"},\"potentialAction\":[{\"@type\":\"SearchAction\",\"target\":{\"@type\":\"EntryPoint\",\"urlTemplate\":\"https:\\\/\\\/cms.easyhvs.de\\\/startfreinew\\\/?s={search_term_string}\"},\"query-input\":{\"@type\":\"PropertyValueSpecification\",\"valueRequired\":true,\"valueName\":\"search_term_string\"}}],\"inLanguage\":\"de\"},{\"@type\":\"Organization\",\"@id\":\"https:\\\/\\\/cms.easyhvs.de\\\/startfreinew\\\/#organization\",\"name\":\"Startfrei.com\",\"url\":\"https:\\\/\\\/cms.easyhvs.de\\\/startfreinew\\\/\",\"logo\":{\"@type\":\"ImageObject\",\"inLanguage\":\"de\",\"@id\":\"https:\\\/\\\/cms.easyhvs.de\\\/startfreinew\\\/#\\\/schema\\\/logo\\\/image\\\/\",\"url\":\"https:\\\/\\\/cms.easyhvs.de\\\/startfreinew\\\/wp-content\\\/uploads\\\/sites\\\/19\\\/2022\\\/02\\\/Logo_startfrei-briefbogen_alt-2.jpg\",\"contentUrl\":\"https:\\\/\\\/cms.easyhvs.de\\\/startfreinew\\\/wp-content\\\/uploads\\\/sites\\\/19\\\/2022\\\/02\\\/Logo_startfrei-briefbogen_alt-2.jpg\",\"width\":322,\"height\":71,\"caption\":\"Startfrei.com\"},\"image\":{\"@id\":\"https:\\\/\\\/cms.easyhvs.de\\\/startfreinew\\\/#\\\/schema\\\/logo\\\/image\\\/\"}}]}<\/script>\n<!-- \/ Yoast SEO plugin. -->","yoast_head_json":{"title":"Augenblick mal ...! - Startfrei.com","robots":{"index":"index","follow":"follow","max-snippet":"max-snippet:-1","max-image-preview":"max-image-preview:large","max-video-preview":"max-video-preview:-1"},"canonical":"https:\/\/www.reinhold-wagner.com\/fur-das-auge\/","og_locale":"de_DE","og_type":"article","og_title":"Augenblick mal ...! - Startfrei.com","og_description":"Speed-Dating, Parship, Tinder, \u201eTake me out\u201d, Tanz-Aufforderung oder T\u00fcrspion \u2013 ist es nicht verr\u00fcckt, wie wenige Sekunden ausreichen, um uns ein Bild unseres Gegen\u00fcbers zu machen, das \u00fcber ganze Schicksale entscheiden kann? Ein Augenblick gen\u00fcgt, und wir entscheiden uns. Zwischen \u201eOh Gott, bleib mir fern und verschone mich\u201c und \u201eWow, von dir will ich mehr [&hellip;]","og_url":"https:\/\/www.reinhold-wagner.com\/fur-das-auge\/","og_site_name":"Startfrei.com","article_modified_time":"2023-10-27T09:34:49+00:00","og_image":[{"url":"https:\/\/cms.easyhvs.de\/startfreinew\/wp-content\/uploads\/sites\/19\/2021\/06\/Mundenhof-9_04-RW_0006_1280x1280-1024x1024.png","type":"","width":"","height":""}],"twitter_card":"summary_large_image","twitter_misc":{"Gesch\u00e4tzte Lesezeit":"3\u00a0Minuten"},"schema":{"@context":"https:\/\/schema.org","@graph":[{"@type":"WebPage","@id":"https:\/\/www.reinhold-wagner.com\/fur-das-auge\/","url":"https:\/\/www.reinhold-wagner.com\/fur-das-auge\/","name":"Augenblick mal ...! - Startfrei.com","isPartOf":{"@id":"https:\/\/cms.easyhvs.de\/startfreinew\/#website"},"primaryImageOfPage":{"@id":"https:\/\/www.reinhold-wagner.com\/fur-das-auge\/#primaryimage"},"image":{"@id":"https:\/\/www.reinhold-wagner.com\/fur-das-auge\/#primaryimage"},"thumbnailUrl":"https:\/\/cms.easyhvs.de\/startfreinew\/wp-content\/uploads\/sites\/19\/2021\/06\/Mundenhof-9_04-RW_0006_1280x1280-1024x1024.png","datePublished":"2021-06-21T13:20:25+00:00","dateModified":"2023-10-27T09:34:49+00:00","breadcrumb":{"@id":"https:\/\/www.reinhold-wagner.com\/fur-das-auge\/#breadcrumb"},"inLanguage":"de","potentialAction":[{"@type":"ReadAction","target":["https:\/\/www.reinhold-wagner.com\/fur-das-auge\/"]}]},{"@type":"ImageObject","inLanguage":"de","@id":"https:\/\/www.reinhold-wagner.com\/fur-das-auge\/#primaryimage","url":"https:\/\/cms.easyhvs.de\/startfreinew\/wp-content\/uploads\/sites\/19\/2021\/06\/Mundenhof-9_04-RW_0006_1280x1280.png","contentUrl":"https:\/\/cms.easyhvs.de\/startfreinew\/wp-content\/uploads\/sites\/19\/2021\/06\/Mundenhof-9_04-RW_0006_1280x1280.png","width":1280,"height":1280},{"@type":"BreadcrumbList","@id":"https:\/\/www.reinhold-wagner.com\/fur-das-auge\/#breadcrumb","itemListElement":[{"@type":"ListItem","position":1,"name":"Home","item":"https:\/\/cms.easyhvs.de\/startfreinew\/"},{"@type":"ListItem","position":2,"name":"Augenblick mal &#8230;!"}]},{"@type":"WebSite","@id":"https:\/\/cms.easyhvs.de\/startfreinew\/#website","url":"https:\/\/cms.easyhvs.de\/startfreinew\/","name":"Startfrei.com","description":"","publisher":{"@id":"https:\/\/cms.easyhvs.de\/startfreinew\/#organization"},"potentialAction":[{"@type":"SearchAction","target":{"@type":"EntryPoint","urlTemplate":"https:\/\/cms.easyhvs.de\/startfreinew\/?s={search_term_string}"},"query-input":{"@type":"PropertyValueSpecification","valueRequired":true,"valueName":"search_term_string"}}],"inLanguage":"de"},{"@type":"Organization","@id":"https:\/\/cms.easyhvs.de\/startfreinew\/#organization","name":"Startfrei.com","url":"https:\/\/cms.easyhvs.de\/startfreinew\/","logo":{"@type":"ImageObject","inLanguage":"de","@id":"https:\/\/cms.easyhvs.de\/startfreinew\/#\/schema\/logo\/image\/","url":"https:\/\/cms.easyhvs.de\/startfreinew\/wp-content\/uploads\/sites\/19\/2022\/02\/Logo_startfrei-briefbogen_alt-2.jpg","contentUrl":"https:\/\/cms.easyhvs.de\/startfreinew\/wp-content\/uploads\/sites\/19\/2022\/02\/Logo_startfrei-briefbogen_alt-2.jpg","width":322,"height":71,"caption":"Startfrei.com"},"image":{"@id":"https:\/\/cms.easyhvs.de\/startfreinew\/#\/schema\/logo\/image\/"}}]}},"_links":{"self":[{"href":"https:\/\/cms.easyhvs.de\/startfreinew\/wp-json\/wp\/v2\/pages\/398","targetHints":{"allow":["GET"]}}],"collection":[{"href":"https:\/\/cms.easyhvs.de\/startfreinew\/wp-json\/wp\/v2\/pages"}],"about":[{"href":"https:\/\/cms.easyhvs.de\/startfreinew\/wp-json\/wp\/v2\/types\/page"}],"author":[{"embeddable":true,"href":"https:\/\/cms.easyhvs.de\/startfreinew\/wp-json\/wp\/v2\/users\/2"}],"replies":[{"embeddable":true,"href":"https:\/\/cms.easyhvs.de\/startfreinew\/wp-json\/wp\/v2\/comments?post=398"}],"version-history":[{"count":6,"href":"https:\/\/cms.easyhvs.de\/startfreinew\/wp-json\/wp\/v2\/pages\/398\/revisions"}],"predecessor-version":[{"id":841,"href":"https:\/\/cms.easyhvs.de\/startfreinew\/wp-json\/wp\/v2\/pages\/398\/revisions\/841"}],"wp:attachment":[{"href":"https:\/\/cms.easyhvs.de\/startfreinew\/wp-json\/wp\/v2\/media?parent=398"}],"curies":[{"name":"wp","href":"https:\/\/api.w.org\/{rel}","templated":true}]}}