{"id":16,"date":"2018-02-01T13:17:05","date_gmt":"2018-02-01T12:17:05","guid":{"rendered":"https:\/\/cms.easyhvs.de\/startfrei\/?page_id=16"},"modified":"2022-01-17T15:01:19","modified_gmt":"2022-01-17T15:01:19","slug":"willkommen","status":"publish","type":"page","link":"https:\/\/cms.easyhvs.de\/startfreinew\/","title":{"rendered":"Startseite"},"content":{"rendered":"\n\n\n<h4>&nbsp;<\/h4>\n<h4 style=\"text-align: center;\"><strong>3-2-1-startfrei!<\/strong><\/h4>\n<p style=\"text-align: center;\">Willkommen an Bord \u2013 der Kapit\u00e4n begr\u00fc\u00dft alle Mitreisenden zu unserem Flug durch Raum und Zeit.<\/p>\n<p style=\"text-align: center;\">In wenigen Minuten beginnt der Countdown. Nimm bitte Platz und schnalle dich an. Stell deine R\u00fcckenlehne in die aufrechte Position und verstaue alles nicht ben\u00f6tigte Handgep\u00e4ck unter dem Sitz. Schalte dein (Mobil-)telefon aus und stell jetzt bitte das Rauchen ein. Lehn dich entspannt zur\u00fcck und genie\u00df den Flug. Soeben erreicht uns auch die Starterlaubnis vom Tower &#8211; wir k\u00f6nnen abheben.<\/p>\n<p style=\"text-align: center;\">Der Pilot und die Besatzung w\u00fcnschen allen Mitreisenden einen angenehmen Flug &#8230;<\/p>\n<p><\/p>\n\n\n<div class=\"wp-block-columns is-layout-flex wp-container-core-columns-is-layout-9d6595d7 wp-block-columns-is-layout-flex\">\n<div class=\"wp-block-column is-layout-flow wp-block-column-is-layout-flow\">\n<figure class=\"wp-block-image size-full is-style-rounded\"><img loading=\"lazy\" decoding=\"async\" width=\"400\" height=\"400\" src=\"https:\/\/cms.easyhvs.de\/startfreinew\/wp-content\/uploads\/sites\/19\/2021\/06\/Auge_400x400pxt.png\" alt=\"\" class=\"wp-image-232\" srcset=\"https:\/\/cms.easyhvs.de\/startfreinew\/wp-content\/uploads\/sites\/19\/2021\/06\/Auge_400x400pxt.png 400w, https:\/\/cms.easyhvs.de\/startfreinew\/wp-content\/uploads\/sites\/19\/2021\/06\/Auge_400x400pxt-300x300.png 300w, https:\/\/cms.easyhvs.de\/startfreinew\/wp-content\/uploads\/sites\/19\/2021\/06\/Auge_400x400pxt-150x150.png 150w\" sizes=\"auto, (max-width: 400px) 100vw, 400px\" \/><figcaption><a href=\"https:\/\/cms.easyhvs.de\/startfreinew\/fur-das-auge\/\">F\u00fcrs Auge<\/a><\/figcaption><\/figure>\n<\/div>\n\n\n\n<div class=\"wp-block-column is-layout-flow wp-block-column-is-layout-flow\">\n<figure class=\"wp-block-image size-full is-style-rounded\"><img loading=\"lazy\" decoding=\"async\" width=\"650\" height=\"650\" src=\"https:\/\/cms.easyhvs.de\/startfreinew\/wp-content\/uploads\/sites\/19\/2021\/06\/Ohr_650x650px.png\" alt=\"\" class=\"wp-image-241\" srcset=\"https:\/\/cms.easyhvs.de\/startfreinew\/wp-content\/uploads\/sites\/19\/2021\/06\/Ohr_650x650px.png 650w, https:\/\/cms.easyhvs.de\/startfreinew\/wp-content\/uploads\/sites\/19\/2021\/06\/Ohr_650x650px-300x300.png 300w, https:\/\/cms.easyhvs.de\/startfreinew\/wp-content\/uploads\/sites\/19\/2021\/06\/Ohr_650x650px-150x150.png 150w, https:\/\/cms.easyhvs.de\/startfreinew\/wp-content\/uploads\/sites\/19\/2021\/06\/Ohr_650x650px-480x480.png 480w, https:\/\/cms.easyhvs.de\/startfreinew\/wp-content\/uploads\/sites\/19\/2021\/06\/Ohr_650x650px-500x500.png 500w, https:\/\/cms.easyhvs.de\/startfreinew\/wp-content\/uploads\/sites\/19\/2021\/06\/Ohr_650x650px-640x640.png 640w\" sizes=\"auto, (max-width: 650px) 100vw, 650px\" \/><figcaption><a href=\"https:\/\/cms.easyhvs.de\/startfreinew\/furs-ohr\/\">f\u00fcrs Ohr<\/a><\/figcaption><\/figure>\n<\/div>\n\n\n\n<div class=\"wp-block-column is-layout-flow wp-block-column-is-layout-flow\">\n<figure class=\"wp-block-image size-full is-style-rounded\"><img loading=\"lazy\" decoding=\"async\" width=\"600\" height=\"600\" src=\"https:\/\/cms.easyhvs.de\/startfreinew\/wp-content\/uploads\/sites\/19\/2021\/06\/Sinnen_600x600px.png\" alt=\"\" class=\"wp-image-224\" srcset=\"https:\/\/cms.easyhvs.de\/startfreinew\/wp-content\/uploads\/sites\/19\/2021\/06\/Sinnen_600x600px.png 600w, https:\/\/cms.easyhvs.de\/startfreinew\/wp-content\/uploads\/sites\/19\/2021\/06\/Sinnen_600x600px-300x300.png 300w, https:\/\/cms.easyhvs.de\/startfreinew\/wp-content\/uploads\/sites\/19\/2021\/06\/Sinnen_600x600px-150x150.png 150w, https:\/\/cms.easyhvs.de\/startfreinew\/wp-content\/uploads\/sites\/19\/2021\/06\/Sinnen_600x600px-480x480.png 480w, https:\/\/cms.easyhvs.de\/startfreinew\/wp-content\/uploads\/sites\/19\/2021\/06\/Sinnen_600x600px-500x500.png 500w\" sizes=\"auto, (max-width: 600px) 100vw, 600px\" \/><figcaption><a href=\"https:\/\/cms.easyhvs.de\/startfreinew\/fur-die-sinne\/\">F\u00fcr die Sinne<\/a><\/figcaption><\/figure>\n<\/div>\n<\/div>\n","protected":false},"excerpt":{"rendered":"<p>&nbsp; 3-2-1-startfrei! Willkommen an Bord \u2013 der Kapit\u00e4n begr\u00fc\u00dft alle Mitreisenden zu unserem Flug durch Raum und Zeit. In wenigen Minuten beginnt der Countdown. Nimm bitte Platz und schnalle dich an. Stell deine R\u00fcckenlehne in die aufrechte Position und verstaue alles nicht ben\u00f6tigte Handgep\u00e4ck unter dem Sitz. Schalte dein (Mobil-)telefon aus und stell jetzt bitte [&hellip;]<\/p>\n","protected":false},"author":2,"featured_media":0,"parent":0,"menu_order":0,"comment_status":"closed","ping_status":"closed","template":"","meta":{"ocean_post_layout":"","ocean_both_sidebars_style":"","ocean_both_sidebars_content_width":0,"ocean_both_sidebars_sidebars_width":0,"ocean_sidebar":"0","ocean_second_sidebar":"0","ocean_disable_margins":"enable","ocean_add_body_class":"","ocean_shortcode_before_top_bar":"","ocean_shortcode_after_top_bar":"","ocean_shortcode_before_header":"","ocean_shortcode_after_header":"","ocean_has_shortcode":"","ocean_shortcode_after_title":"","ocean_shortcode_before_footer_widgets":"","ocean_shortcode_after_footer_widgets":"","ocean_shortcode_before_footer_bottom":"","ocean_shortcode_after_footer_bottom":"","ocean_display_top_bar":"default","ocean_display_header":"default","ocean_header_style":"","ocean_center_header_left_menu":"0","ocean_custom_header_template":"0","ocean_custom_logo":0,"ocean_custom_retina_logo":0,"ocean_custom_logo_max_width":0,"ocean_custom_logo_tablet_max_width":0,"ocean_custom_logo_mobile_max_width":0,"ocean_custom_logo_max_height":0,"ocean_custom_logo_tablet_max_height":0,"ocean_custom_logo_mobile_max_height":0,"ocean_header_custom_menu":"0","ocean_menu_typo_font_family":"0","ocean_menu_typo_font_subset":"","ocean_menu_typo_font_size":0,"ocean_menu_typo_font_size_tablet":0,"ocean_menu_typo_font_size_mobile":0,"ocean_menu_typo_font_size_unit":"px","ocean_menu_typo_font_weight":"","ocean_menu_typo_font_weight_tablet":"","ocean_menu_typo_font_weight_mobile":"","ocean_menu_typo_transform":"","ocean_menu_typo_transform_tablet":"","ocean_menu_typo_transform_mobile":"","ocean_menu_typo_line_height":0,"ocean_menu_typo_line_height_tablet":0,"ocean_menu_typo_line_height_mobile":0,"ocean_menu_typo_line_height_unit":"","ocean_menu_typo_spacing":0,"ocean_menu_typo_spacing_tablet":0,"ocean_menu_typo_spacing_mobile":0,"ocean_menu_typo_spacing_unit":"","ocean_menu_link_color":"","ocean_menu_link_color_hover":"","ocean_menu_link_color_active":"","ocean_menu_link_background":"","ocean_menu_link_hover_background":"","ocean_menu_link_active_background":"","ocean_menu_social_links_bg":"","ocean_menu_social_hover_links_bg":"","ocean_menu_social_links_color":"","ocean_menu_social_hover_links_color":"","ocean_disable_title":"default","ocean_disable_heading":"default","ocean_post_title":"","ocean_post_subheading":"","ocean_post_title_style":"","ocean_post_title_background_color":"","ocean_post_title_background":0,"ocean_post_title_bg_image_position":"","ocean_post_title_bg_image_attachment":"","ocean_post_title_bg_image_repeat":"","ocean_post_title_bg_image_size":"","ocean_post_title_height":0,"ocean_post_title_bg_overlay":0.5,"ocean_post_title_bg_overlay_color":"","ocean_disable_breadcrumbs":"default","ocean_breadcrumbs_color":"","ocean_breadcrumbs_separator_color":"","ocean_breadcrumbs_links_color":"","ocean_breadcrumbs_links_hover_color":"","ocean_display_footer_widgets":"default","ocean_display_footer_bottom":"default","ocean_custom_footer_template":"0","footnotes":""},"class_list":["post-16","page","type-page","status-publish","hentry","entry"],"yoast_head":"<!-- This site is optimized with the Yoast SEO plugin v27.4 - https:\/\/yoast.com\/product\/yoast-seo-wordpress\/ -->\n<title>Startseite - Startfrei.com<\/title>\n<meta name=\"robots\" content=\"index, follow, max-snippet:-1, max-image-preview:large, max-video-preview:-1\" \/>\n<link rel=\"canonical\" href=\"https:\/\/www.reinhold-wagner.com\/\" \/>\n<meta property=\"og:locale\" content=\"de_DE\" \/>\n<meta property=\"og:type\" content=\"article\" \/>\n<meta property=\"og:title\" content=\"Startseite - Startfrei.com\" \/>\n<meta property=\"og:description\" content=\"&nbsp; 3-2-1-startfrei! Willkommen an Bord \u2013 der Kapit\u00e4n begr\u00fc\u00dft alle Mitreisenden zu unserem Flug durch Raum und Zeit. In wenigen Minuten beginnt der Countdown. Nimm bitte Platz und schnalle dich an. Stell deine R\u00fcckenlehne in die aufrechte Position und verstaue alles nicht ben\u00f6tigte Handgep\u00e4ck unter dem Sitz. Schalte dein (Mobil-)telefon aus und stell jetzt bitte [&hellip;]\" \/>\n<meta property=\"og:url\" content=\"https:\/\/www.reinhold-wagner.com\/\" \/>\n<meta property=\"og:site_name\" content=\"Startfrei.com\" \/>\n<meta property=\"article:modified_time\" content=\"2022-01-17T15:01:19+00:00\" \/>\n<meta property=\"og:image\" content=\"https:\/\/cms.easyhvs.de\/startfreinew\/wp-content\/uploads\/sites\/19\/2021\/06\/Auge_400x400pxt.png\" \/>\n<meta name=\"twitter:card\" content=\"summary_large_image\" \/>\n<meta name=\"twitter:label1\" content=\"Gesch\u00e4tzte Lesezeit\" \/>\n\t<meta name=\"twitter:data1\" content=\"2\u00a0Minuten\" \/>\n<script type=\"application\/ld+json\" class=\"yoast-schema-graph\">{\"@context\":\"https:\\\/\\\/schema.org\",\"@graph\":[{\"@type\":\"WebPage\",\"@id\":\"https:\\\/\\\/www.reinhold-wagner.com\\\/\",\"url\":\"https:\\\/\\\/www.reinhold-wagner.com\\\/\",\"name\":\"Startseite - Startfrei.com\",\"isPartOf\":{\"@id\":\"https:\\\/\\\/www.reinhold-wagner.com\\\/#website\"},\"primaryImageOfPage\":{\"@id\":\"https:\\\/\\\/www.reinhold-wagner.com\\\/#primaryimage\"},\"image\":{\"@id\":\"https:\\\/\\\/www.reinhold-wagner.com\\\/#primaryimage\"},\"thumbnailUrl\":\"https:\\\/\\\/cms.easyhvs.de\\\/startfreinew\\\/wp-content\\\/uploads\\\/sites\\\/19\\\/2021\\\/06\\\/Auge_400x400pxt.png\",\"datePublished\":\"2018-02-01T12:17:05+00:00\",\"dateModified\":\"2022-01-17T15:01:19+00:00\",\"breadcrumb\":{\"@id\":\"https:\\\/\\\/www.reinhold-wagner.com\\\/#breadcrumb\"},\"inLanguage\":\"de\",\"potentialAction\":[{\"@type\":\"ReadAction\",\"target\":[\"https:\\\/\\\/www.reinhold-wagner.com\\\/\"]}]},{\"@type\":\"ImageObject\",\"inLanguage\":\"de\",\"@id\":\"https:\\\/\\\/www.reinhold-wagner.com\\\/#primaryimage\",\"url\":\"https:\\\/\\\/cms.easyhvs.de\\\/startfreinew\\\/wp-content\\\/uploads\\\/sites\\\/19\\\/2021\\\/06\\\/Auge_400x400pxt.png\",\"contentUrl\":\"https:\\\/\\\/cms.easyhvs.de\\\/startfreinew\\\/wp-content\\\/uploads\\\/sites\\\/19\\\/2021\\\/06\\\/Auge_400x400pxt.png\",\"width\":400,\"height\":400},{\"@type\":\"BreadcrumbList\",\"@id\":\"https:\\\/\\\/www.reinhold-wagner.com\\\/#breadcrumb\",\"itemListElement\":[{\"@type\":\"ListItem\",\"position\":1,\"name\":\"Home\",\"item\":\"https:\\\/\\\/www.reinhold-wagner.com\\\/\"},{\"@type\":\"ListItem\",\"position\":2,\"name\":\"Startseite\"}]},{\"@type\":\"WebSite\",\"@id\":\"https:\\\/\\\/www.reinhold-wagner.com\\\/#website\",\"url\":\"https:\\\/\\\/www.reinhold-wagner.com\\\/\",\"name\":\"Startfrei.com\",\"description\":\"\",\"publisher\":{\"@id\":\"https:\\\/\\\/www.reinhold-wagner.com\\\/#organization\"},\"potentialAction\":[{\"@type\":\"SearchAction\",\"target\":{\"@type\":\"EntryPoint\",\"urlTemplate\":\"https:\\\/\\\/www.reinhold-wagner.com\\\/?s={search_term_string}\"},\"query-input\":{\"@type\":\"PropertyValueSpecification\",\"valueRequired\":true,\"valueName\":\"search_term_string\"}}],\"inLanguage\":\"de\"},{\"@type\":\"Organization\",\"@id\":\"https:\\\/\\\/www.reinhold-wagner.com\\\/#organization\",\"name\":\"Startfrei.com\",\"url\":\"https:\\\/\\\/www.reinhold-wagner.com\\\/\",\"logo\":{\"@type\":\"ImageObject\",\"inLanguage\":\"de\",\"@id\":\"https:\\\/\\\/www.reinhold-wagner.com\\\/#\\\/schema\\\/logo\\\/image\\\/\",\"url\":\"https:\\\/\\\/cms.easyhvs.de\\\/startfreinew\\\/wp-content\\\/uploads\\\/sites\\\/19\\\/2022\\\/02\\\/Logo_startfrei-briefbogen_alt-2.jpg\",\"contentUrl\":\"https:\\\/\\\/cms.easyhvs.de\\\/startfreinew\\\/wp-content\\\/uploads\\\/sites\\\/19\\\/2022\\\/02\\\/Logo_startfrei-briefbogen_alt-2.jpg\",\"width\":322,\"height\":71,\"caption\":\"Startfrei.com\"},\"image\":{\"@id\":\"https:\\\/\\\/www.reinhold-wagner.com\\\/#\\\/schema\\\/logo\\\/image\\\/\"}}]}<\/script>\n<!-- \/ Yoast SEO plugin. -->","yoast_head_json":{"title":"Startseite - Startfrei.com","robots":{"index":"index","follow":"follow","max-snippet":"max-snippet:-1","max-image-preview":"max-image-preview:large","max-video-preview":"max-video-preview:-1"},"canonical":"https:\/\/www.reinhold-wagner.com\/","og_locale":"de_DE","og_type":"article","og_title":"Startseite - Startfrei.com","og_description":"&nbsp; 3-2-1-startfrei! Willkommen an Bord \u2013 der Kapit\u00e4n begr\u00fc\u00dft alle Mitreisenden zu unserem Flug durch Raum und Zeit. In wenigen Minuten beginnt der Countdown. Nimm bitte Platz und schnalle dich an. Stell deine R\u00fcckenlehne in die aufrechte Position und verstaue alles nicht ben\u00f6tigte Handgep\u00e4ck unter dem Sitz. Schalte dein (Mobil-)telefon aus und stell jetzt bitte [&hellip;]","og_url":"https:\/\/www.reinhold-wagner.com\/","og_site_name":"Startfrei.com","article_modified_time":"2022-01-17T15:01:19+00:00","og_image":[{"url":"https:\/\/cms.easyhvs.de\/startfreinew\/wp-content\/uploads\/sites\/19\/2021\/06\/Auge_400x400pxt.png","type":"","width":"","height":""}],"twitter_card":"summary_large_image","twitter_misc":{"Gesch\u00e4tzte Lesezeit":"2\u00a0Minuten"},"schema":{"@context":"https:\/\/schema.org","@graph":[{"@type":"WebPage","@id":"https:\/\/www.reinhold-wagner.com\/","url":"https:\/\/www.reinhold-wagner.com\/","name":"Startseite - Startfrei.com","isPartOf":{"@id":"https:\/\/www.reinhold-wagner.com\/#website"},"primaryImageOfPage":{"@id":"https:\/\/www.reinhold-wagner.com\/#primaryimage"},"image":{"@id":"https:\/\/www.reinhold-wagner.com\/#primaryimage"},"thumbnailUrl":"https:\/\/cms.easyhvs.de\/startfreinew\/wp-content\/uploads\/sites\/19\/2021\/06\/Auge_400x400pxt.png","datePublished":"2018-02-01T12:17:05+00:00","dateModified":"2022-01-17T15:01:19+00:00","breadcrumb":{"@id":"https:\/\/www.reinhold-wagner.com\/#breadcrumb"},"inLanguage":"de","potentialAction":[{"@type":"ReadAction","target":["https:\/\/www.reinhold-wagner.com\/"]}]},{"@type":"ImageObject","inLanguage":"de","@id":"https:\/\/www.reinhold-wagner.com\/#primaryimage","url":"https:\/\/cms.easyhvs.de\/startfreinew\/wp-content\/uploads\/sites\/19\/2021\/06\/Auge_400x400pxt.png","contentUrl":"https:\/\/cms.easyhvs.de\/startfreinew\/wp-content\/uploads\/sites\/19\/2021\/06\/Auge_400x400pxt.png","width":400,"height":400},{"@type":"BreadcrumbList","@id":"https:\/\/www.reinhold-wagner.com\/#breadcrumb","itemListElement":[{"@type":"ListItem","position":1,"name":"Home","item":"https:\/\/www.reinhold-wagner.com\/"},{"@type":"ListItem","position":2,"name":"Startseite"}]},{"@type":"WebSite","@id":"https:\/\/www.reinhold-wagner.com\/#website","url":"https:\/\/www.reinhold-wagner.com\/","name":"Startfrei.com","description":"","publisher":{"@id":"https:\/\/www.reinhold-wagner.com\/#organization"},"potentialAction":[{"@type":"SearchAction","target":{"@type":"EntryPoint","urlTemplate":"https:\/\/www.reinhold-wagner.com\/?s={search_term_string}"},"query-input":{"@type":"PropertyValueSpecification","valueRequired":true,"valueName":"search_term_string"}}],"inLanguage":"de"},{"@type":"Organization","@id":"https:\/\/www.reinhold-wagner.com\/#organization","name":"Startfrei.com","url":"https:\/\/www.reinhold-wagner.com\/","logo":{"@type":"ImageObject","inLanguage":"de","@id":"https:\/\/www.reinhold-wagner.com\/#\/schema\/logo\/image\/","url":"https:\/\/cms.easyhvs.de\/startfreinew\/wp-content\/uploads\/sites\/19\/2022\/02\/Logo_startfrei-briefbogen_alt-2.jpg","contentUrl":"https:\/\/cms.easyhvs.de\/startfreinew\/wp-content\/uploads\/sites\/19\/2022\/02\/Logo_startfrei-briefbogen_alt-2.jpg","width":322,"height":71,"caption":"Startfrei.com"},"image":{"@id":"https:\/\/www.reinhold-wagner.com\/#\/schema\/logo\/image\/"}}]}},"_links":{"self":[{"href":"https:\/\/cms.easyhvs.de\/startfreinew\/wp-json\/wp\/v2\/pages\/16","targetHints":{"allow":["GET"]}}],"collection":[{"href":"https:\/\/cms.easyhvs.de\/startfreinew\/wp-json\/wp\/v2\/pages"}],"about":[{"href":"https:\/\/cms.easyhvs.de\/startfreinew\/wp-json\/wp\/v2\/types\/page"}],"author":[{"embeddable":true,"href":"https:\/\/cms.easyhvs.de\/startfreinew\/wp-json\/wp\/v2\/users\/2"}],"replies":[{"embeddable":true,"href":"https:\/\/cms.easyhvs.de\/startfreinew\/wp-json\/wp\/v2\/comments?post=16"}],"version-history":[{"count":21,"href":"https:\/\/cms.easyhvs.de\/startfreinew\/wp-json\/wp\/v2\/pages\/16\/revisions"}],"predecessor-version":[{"id":879,"href":"https:\/\/cms.easyhvs.de\/startfreinew\/wp-json\/wp\/v2\/pages\/16\/revisions\/879"}],"wp:attachment":[{"href":"https:\/\/cms.easyhvs.de\/startfreinew\/wp-json\/wp\/v2\/media?parent=16"}],"curies":[{"name":"wp","href":"https:\/\/api.w.org\/{rel}","templated":true}]}}