{"id":11,"date":"2018-02-01T13:16:27","date_gmt":"2018-02-01T12:16:27","guid":{"rendered":"https:\/\/cms.easyhvs.de\/startfrei\/?page_id=11"},"modified":"2021-11-25T11:18:26","modified_gmt":"2021-11-25T11:18:26","slug":"autorenportrait","status":"publish","type":"page","link":"https:\/\/cms.easyhvs.de\/startfreinew\/autorenportrait\/","title":{"rendered":"Kontakt"},"content":{"rendered":"<p>Na, schon Appetit auf mehr bekommen? Dann maile oder schreibe mir doch deine W\u00fcnsche und Vorstellungen, und du erh\u00e4ltst gem\u00e4\u00df unserer individuellen Absprache den vollst\u00e4ndigen Artikel zusammen mit einer Auswahl an Fotos zur Ansicht und Verwendung.<\/p>\n<p>\u00dcber eine Ver\u00f6ffentlichung im passenden Medium und Umfeld freue ich mich sehr, ebenso \u00fcber ein oder zwei Belegexemplar(e).<\/p>\n<p>Lass uns reden und alles Weitere individualisieren &#8211; du erreichst mich \u00fcber diese Kontaktdaten. Oder sende mir eine kurze Nachricht \u00fcber das Formular.<\/p>\n<h4><\/h4>\n<p>Reinhold Wagner<\/p>\n<p>Merzhauser Stra\u00dfe 159a<\/p>\n<p>D-79100 Freiburg i. Br.<\/p>\n<p>Tel.: (0049)-(0)761 \/ 767 1 767 (mit AB)<\/p>\n<p>E-Mail: rw(at)startfrei.com<\/p>\n","protected":false},"excerpt":{"rendered":"<p>Na, schon Appetit auf mehr bekommen? Dann maile oder schreibe mir doch deine W\u00fcnsche und Vorstellungen, und du erh\u00e4ltst gem\u00e4\u00df unserer individuellen Absprache den vollst\u00e4ndigen Artikel zusammen mit einer Auswahl an Fotos zur Ansicht und Verwendung. \u00dcber eine Ver\u00f6ffentlichung im passenden Medium und Umfeld freue ich mich sehr, ebenso \u00fcber ein oder zwei Belegexemplar(e). Lass [&hellip;]<\/p>\n","protected":false},"author":2,"featured_media":0,"parent":0,"menu_order":0,"comment_status":"closed","ping_status":"closed","template":"","meta":{"ocean_post_layout":"","ocean_both_sidebars_style":"","ocean_both_sidebars_content_width":0,"ocean_both_sidebars_sidebars_width":0,"ocean_sidebar":"0","ocean_second_sidebar":"0","ocean_disable_margins":"enable","ocean_add_body_class":"","ocean_shortcode_before_top_bar":"","ocean_shortcode_after_top_bar":"","ocean_shortcode_before_header":"","ocean_shortcode_after_header":"","ocean_has_shortcode":"","ocean_shortcode_after_title":"","ocean_shortcode_before_footer_widgets":"","ocean_shortcode_after_footer_widgets":"","ocean_shortcode_before_footer_bottom":"","ocean_shortcode_after_footer_bottom":"","ocean_display_top_bar":"default","ocean_display_header":"default","ocean_header_style":"","ocean_center_header_left_menu":"0","ocean_custom_header_template":"0","ocean_custom_logo":0,"ocean_custom_retina_logo":0,"ocean_custom_logo_max_width":0,"ocean_custom_logo_tablet_max_width":0,"ocean_custom_logo_mobile_max_width":0,"ocean_custom_logo_max_height":0,"ocean_custom_logo_tablet_max_height":0,"ocean_custom_logo_mobile_max_height":0,"ocean_header_custom_menu":"0","ocean_menu_typo_font_family":"0","ocean_menu_typo_font_subset":"","ocean_menu_typo_font_size":0,"ocean_menu_typo_font_size_tablet":0,"ocean_menu_typo_font_size_mobile":0,"ocean_menu_typo_font_size_unit":"px","ocean_menu_typo_font_weight":"","ocean_menu_typo_font_weight_tablet":"","ocean_menu_typo_font_weight_mobile":"","ocean_menu_typo_transform":"","ocean_menu_typo_transform_tablet":"","ocean_menu_typo_transform_mobile":"","ocean_menu_typo_line_height":0,"ocean_menu_typo_line_height_tablet":0,"ocean_menu_typo_line_height_mobile":0,"ocean_menu_typo_line_height_unit":"","ocean_menu_typo_spacing":0,"ocean_menu_typo_spacing_tablet":0,"ocean_menu_typo_spacing_mobile":0,"ocean_menu_typo_spacing_unit":"","ocean_menu_link_color":"","ocean_menu_link_color_hover":"","ocean_menu_link_color_active":"","ocean_menu_link_background":"","ocean_menu_link_hover_background":"","ocean_menu_link_active_background":"","ocean_menu_social_links_bg":"","ocean_menu_social_hover_links_bg":"","ocean_menu_social_links_color":"","ocean_menu_social_hover_links_color":"","ocean_disable_title":"default","ocean_disable_heading":"default","ocean_post_title":"","ocean_post_subheading":"","ocean_post_title_style":"","ocean_post_title_background_color":"","ocean_post_title_background":0,"ocean_post_title_bg_image_position":"","ocean_post_title_bg_image_attachment":"","ocean_post_title_bg_image_repeat":"","ocean_post_title_bg_image_size":"","ocean_post_title_height":0,"ocean_post_title_bg_overlay":0.5,"ocean_post_title_bg_overlay_color":"","ocean_disable_breadcrumbs":"default","ocean_breadcrumbs_color":"","ocean_breadcrumbs_separator_color":"","ocean_breadcrumbs_links_color":"","ocean_breadcrumbs_links_hover_color":"","ocean_display_footer_widgets":"default","ocean_display_footer_bottom":"default","ocean_custom_footer_template":"0","footnotes":""},"class_list":["post-11","page","type-page","status-publish","hentry","entry"],"yoast_head":"<!-- This site is optimized with the Yoast SEO plugin v27.5 - https:\/\/yoast.com\/product\/yoast-seo-wordpress\/ -->\n<title>Kontakt - Startfrei.com<\/title>\n<meta name=\"robots\" content=\"index, follow, max-snippet:-1, max-image-preview:large, max-video-preview:-1\" \/>\n<link rel=\"canonical\" href=\"https:\/\/startfrei.com\/autorenportrait\/\" \/>\n<meta property=\"og:locale\" content=\"de_DE\" \/>\n<meta property=\"og:type\" content=\"article\" \/>\n<meta property=\"og:title\" content=\"Kontakt - Startfrei.com\" \/>\n<meta property=\"og:description\" content=\"Na, schon Appetit auf mehr bekommen? Dann maile oder schreibe mir doch deine W\u00fcnsche und Vorstellungen, und du erh\u00e4ltst gem\u00e4\u00df unserer individuellen Absprache den vollst\u00e4ndigen Artikel zusammen mit einer Auswahl an Fotos zur Ansicht und Verwendung. \u00dcber eine Ver\u00f6ffentlichung im passenden Medium und Umfeld freue ich mich sehr, ebenso \u00fcber ein oder zwei Belegexemplar(e). Lass [&hellip;]\" \/>\n<meta property=\"og:url\" content=\"https:\/\/startfrei.com\/autorenportrait\/\" \/>\n<meta property=\"og:site_name\" content=\"Startfrei.com\" \/>\n<meta property=\"article:modified_time\" content=\"2021-11-25T11:18:26+00:00\" \/>\n<meta name=\"twitter:card\" content=\"summary_large_image\" \/>\n<meta name=\"twitter:label1\" content=\"Gesch\u00e4tzte Lesezeit\" \/>\n\t<meta name=\"twitter:data1\" content=\"1\u00a0Minute\" \/>\n<script type=\"application\/ld+json\" class=\"yoast-schema-graph\">{\"@context\":\"https:\\\/\\\/schema.org\",\"@graph\":[{\"@type\":\"WebPage\",\"@id\":\"https:\\\/\\\/startfrei.com\\\/autorenportrait\\\/\",\"url\":\"https:\\\/\\\/startfrei.com\\\/autorenportrait\\\/\",\"name\":\"Kontakt - Startfrei.com\",\"isPartOf\":{\"@id\":\"https:\\\/\\\/cms.easyhvs.de\\\/startfreinew\\\/#website\"},\"datePublished\":\"2018-02-01T12:16:27+00:00\",\"dateModified\":\"2021-11-25T11:18:26+00:00\",\"breadcrumb\":{\"@id\":\"https:\\\/\\\/startfrei.com\\\/autorenportrait\\\/#breadcrumb\"},\"inLanguage\":\"de\",\"potentialAction\":[{\"@type\":\"ReadAction\",\"target\":[\"https:\\\/\\\/startfrei.com\\\/autorenportrait\\\/\"]}]},{\"@type\":\"BreadcrumbList\",\"@id\":\"https:\\\/\\\/startfrei.com\\\/autorenportrait\\\/#breadcrumb\",\"itemListElement\":[{\"@type\":\"ListItem\",\"position\":1,\"name\":\"Home\",\"item\":\"https:\\\/\\\/cms.easyhvs.de\\\/startfreinew\\\/\"},{\"@type\":\"ListItem\",\"position\":2,\"name\":\"Kontakt\"}]},{\"@type\":\"WebSite\",\"@id\":\"https:\\\/\\\/cms.easyhvs.de\\\/startfreinew\\\/#website\",\"url\":\"https:\\\/\\\/cms.easyhvs.de\\\/startfreinew\\\/\",\"name\":\"Startfrei.com\",\"description\":\"\",\"publisher\":{\"@id\":\"https:\\\/\\\/cms.easyhvs.de\\\/startfreinew\\\/#organization\"},\"potentialAction\":[{\"@type\":\"SearchAction\",\"target\":{\"@type\":\"EntryPoint\",\"urlTemplate\":\"https:\\\/\\\/cms.easyhvs.de\\\/startfreinew\\\/?s={search_term_string}\"},\"query-input\":{\"@type\":\"PropertyValueSpecification\",\"valueRequired\":true,\"valueName\":\"search_term_string\"}}],\"inLanguage\":\"de\"},{\"@type\":\"Organization\",\"@id\":\"https:\\\/\\\/cms.easyhvs.de\\\/startfreinew\\\/#organization\",\"name\":\"Startfrei.com\",\"url\":\"https:\\\/\\\/cms.easyhvs.de\\\/startfreinew\\\/\",\"logo\":{\"@type\":\"ImageObject\",\"inLanguage\":\"de\",\"@id\":\"https:\\\/\\\/cms.easyhvs.de\\\/startfreinew\\\/#\\\/schema\\\/logo\\\/image\\\/\",\"url\":\"https:\\\/\\\/cms.easyhvs.de\\\/startfreinew\\\/wp-content\\\/uploads\\\/sites\\\/19\\\/2022\\\/02\\\/Logo_startfrei-briefbogen_alt-2.jpg\",\"contentUrl\":\"https:\\\/\\\/cms.easyhvs.de\\\/startfreinew\\\/wp-content\\\/uploads\\\/sites\\\/19\\\/2022\\\/02\\\/Logo_startfrei-briefbogen_alt-2.jpg\",\"width\":322,\"height\":71,\"caption\":\"Startfrei.com\"},\"image\":{\"@id\":\"https:\\\/\\\/cms.easyhvs.de\\\/startfreinew\\\/#\\\/schema\\\/logo\\\/image\\\/\"}}]}<\/script>\n<!-- \/ Yoast SEO plugin. -->","yoast_head_json":{"title":"Kontakt - Startfrei.com","robots":{"index":"index","follow":"follow","max-snippet":"max-snippet:-1","max-image-preview":"max-image-preview:large","max-video-preview":"max-video-preview:-1"},"canonical":"https:\/\/startfrei.com\/autorenportrait\/","og_locale":"de_DE","og_type":"article","og_title":"Kontakt - Startfrei.com","og_description":"Na, schon Appetit auf mehr bekommen? Dann maile oder schreibe mir doch deine W\u00fcnsche und Vorstellungen, und du erh\u00e4ltst gem\u00e4\u00df unserer individuellen Absprache den vollst\u00e4ndigen Artikel zusammen mit einer Auswahl an Fotos zur Ansicht und Verwendung. \u00dcber eine Ver\u00f6ffentlichung im passenden Medium und Umfeld freue ich mich sehr, ebenso \u00fcber ein oder zwei Belegexemplar(e). Lass [&hellip;]","og_url":"https:\/\/startfrei.com\/autorenportrait\/","og_site_name":"Startfrei.com","article_modified_time":"2021-11-25T11:18:26+00:00","twitter_card":"summary_large_image","twitter_misc":{"Gesch\u00e4tzte Lesezeit":"1\u00a0Minute"},"schema":{"@context":"https:\/\/schema.org","@graph":[{"@type":"WebPage","@id":"https:\/\/startfrei.com\/autorenportrait\/","url":"https:\/\/startfrei.com\/autorenportrait\/","name":"Kontakt - Startfrei.com","isPartOf":{"@id":"https:\/\/cms.easyhvs.de\/startfreinew\/#website"},"datePublished":"2018-02-01T12:16:27+00:00","dateModified":"2021-11-25T11:18:26+00:00","breadcrumb":{"@id":"https:\/\/startfrei.com\/autorenportrait\/#breadcrumb"},"inLanguage":"de","potentialAction":[{"@type":"ReadAction","target":["https:\/\/startfrei.com\/autorenportrait\/"]}]},{"@type":"BreadcrumbList","@id":"https:\/\/startfrei.com\/autorenportrait\/#breadcrumb","itemListElement":[{"@type":"ListItem","position":1,"name":"Home","item":"https:\/\/cms.easyhvs.de\/startfreinew\/"},{"@type":"ListItem","position":2,"name":"Kontakt"}]},{"@type":"WebSite","@id":"https:\/\/cms.easyhvs.de\/startfreinew\/#website","url":"https:\/\/cms.easyhvs.de\/startfreinew\/","name":"Startfrei.com","description":"","publisher":{"@id":"https:\/\/cms.easyhvs.de\/startfreinew\/#organization"},"potentialAction":[{"@type":"SearchAction","target":{"@type":"EntryPoint","urlTemplate":"https:\/\/cms.easyhvs.de\/startfreinew\/?s={search_term_string}"},"query-input":{"@type":"PropertyValueSpecification","valueRequired":true,"valueName":"search_term_string"}}],"inLanguage":"de"},{"@type":"Organization","@id":"https:\/\/cms.easyhvs.de\/startfreinew\/#organization","name":"Startfrei.com","url":"https:\/\/cms.easyhvs.de\/startfreinew\/","logo":{"@type":"ImageObject","inLanguage":"de","@id":"https:\/\/cms.easyhvs.de\/startfreinew\/#\/schema\/logo\/image\/","url":"https:\/\/cms.easyhvs.de\/startfreinew\/wp-content\/uploads\/sites\/19\/2022\/02\/Logo_startfrei-briefbogen_alt-2.jpg","contentUrl":"https:\/\/cms.easyhvs.de\/startfreinew\/wp-content\/uploads\/sites\/19\/2022\/02\/Logo_startfrei-briefbogen_alt-2.jpg","width":322,"height":71,"caption":"Startfrei.com"},"image":{"@id":"https:\/\/cms.easyhvs.de\/startfreinew\/#\/schema\/logo\/image\/"}}]}},"_links":{"self":[{"href":"https:\/\/cms.easyhvs.de\/startfreinew\/wp-json\/wp\/v2\/pages\/11","targetHints":{"allow":["GET"]}}],"collection":[{"href":"https:\/\/cms.easyhvs.de\/startfreinew\/wp-json\/wp\/v2\/pages"}],"about":[{"href":"https:\/\/cms.easyhvs.de\/startfreinew\/wp-json\/wp\/v2\/types\/page"}],"author":[{"embeddable":true,"href":"https:\/\/cms.easyhvs.de\/startfreinew\/wp-json\/wp\/v2\/users\/2"}],"replies":[{"embeddable":true,"href":"https:\/\/cms.easyhvs.de\/startfreinew\/wp-json\/wp\/v2\/comments?post=11"}],"version-history":[{"count":1,"href":"https:\/\/cms.easyhvs.de\/startfreinew\/wp-json\/wp\/v2\/pages\/11\/revisions"}],"predecessor-version":[{"id":524,"href":"https:\/\/cms.easyhvs.de\/startfreinew\/wp-json\/wp\/v2\/pages\/11\/revisions\/524"}],"wp:attachment":[{"href":"https:\/\/cms.easyhvs.de\/startfreinew\/wp-json\/wp\/v2\/media?parent=11"}],"curies":[{"name":"wp","href":"https:\/\/api.w.org\/{rel}","templated":true}]}}