{"id":793,"date":"2021-10-15T14:13:24","date_gmt":"2021-10-15T14:13:24","guid":{"rendered":"https:\/\/cms.easyhvs.de\/regiosalsa\/?page_id=793"},"modified":"2021-10-15T14:13:24","modified_gmt":"2021-10-15T14:13:24","slug":"news-test-2","status":"publish","type":"page","link":"https:\/\/cms.easyhvs.de\/resaprod\/news-test-2\/","title":{"rendered":"News"},"content":{"rendered":"<h4><strong>Timbalaye Open Class &#8211; offene Tanzfl\u00e4che<\/strong><\/h4>\n<p>Ab sofort wieder <em><strong>jeden Freitag, 21-23 Uh<\/strong>r<\/em> Salsa Open Class (Praktika &#8211; offene Tanzfl\u00e4che zum \u00dcben) in der Tanzhalle Freiburg. Kizomba im separaten, zweiten Tanzsaal.<br \/>\n&#8211; keine Kursgeb\u00fchr<br \/>\n&#8230; und davor von <em><strong>20-21 Uhr<\/strong><\/em>: Rueda mit Jesus<br \/>\nKursort: Tanzhalle Freiburg, Markgrafenstr. 38<br \/>\nEs gelten die aktuell verbindlichen Regeln und Schutzma\u00dfnahmen.<\/p>\n<h4><strong>Salsa-Kurse ab <em>Mittwoch, 27.10.2021<\/em><\/strong> f\u00fcr Anf\u00e4nger und Fortgeschrittene<\/h4>\n<p>Salsa ist getanzte Lebensfreude. Kursleiter Guido Schmidt, begeisterter Salsero und langj\u00e4hriger Kursleiter beim SVO und an der VHS n\u00f6rdlicher Breisgau: \u201eIch stehe f\u00fcr spielerisches Lernen und Tanzspa\u00df und gebe euch individuelle Tipps. Mit dabei: Bewegungs- und Rhythmustraining.\u201c<\/p>\n<p>Wo? FR-Rieselfeld, Glashaus (Maria-von Rudloff-Platz 2),<br \/>\ngro\u00dfer Saal im OG<\/p>\n<p>Wann? Mittwochs ab 27.10.2021<br \/>\n(sp\u00e4terer Einstieg ist m\u00f6glich)<br \/>\n8 Abende (bis 15.12.2021)<br \/>\n19-20.00 Anf\u00e4nger<br \/>\n20-21.00 Fortgeschrittene<\/p>\n<p>Wieviel? 24.- Euro f\u00fcr SVO-Mitglieder<br \/>\n64.- Euro f\u00fcr Nichtmitglieder<\/p>\n<p>Wer macht&#8217;s? Guido Schmidt, begeisterter Salsero<br \/>\nund langj\u00e4hriger Kursleiter beim SVO<br \/>\nund an der VHS n\u00f6rdlicher Breisgau<\/p>\n<p>Wichtig: 3G-Nachweis und Voranmeldung<br \/>\nwww.svo-rieselfeld.de\/index.php\/abteilungen\/tanzen\/salsa<br \/>\nguido-schmidt@online.de<br \/>\nTel. 0761-473809<\/p>\n<p>www.svo-rieselfeld.de (http:\/\/www.svo-rieselfeld.de\/index.php\/abteilungen\/tanzen\/salsa)<br \/>\nSalsa &#8211; SvO Rieselfeld<br \/>\nHomepage des SvO-Rieselfeld, des Sportvereins im Rieselfeld, in Freiburg. Gegr\u00fcndet 2002, im Moment rund 2000 Mitglieder und Mehrsparten Verein.<\/p>\n<h4><strong>Private Salsa Geburtstags-Party in der Palladium Event Location (Salsa Studio Freiburg)<\/strong><\/h4>\n<p>am <em><strong>Sa, 16.10. ab 20:00 Uhr<\/strong><\/em><br \/>\nF\u00fcr Musik sorgt DJ Bambino &amp; Friends<br \/>\nGeburtstagsbeitrag 15\u20ac (inkl. Getr\u00e4nke)<br \/>\n3 G Regeln<br \/>\nBitte sagt Bescheid, wenn ihr kommen wollt &#8211; ihr k\u00f6nnt auch Freunde einladen (Nachricht, Mail usw. bitte an: Salsa.Alborino@gmail.com)<\/p>\n[\/fsn_text][fsn_text padding=&#8221;{#fsnquot;bottom#fsnquot;:#fsnquot;10px#fsnquot;}&#8221;]\n<h4><strong>Freitag den 15.10.<\/strong> <strong>Kizombaworkshop<\/strong><\/h4>\n<p><em><strong>ab 18.00 Uhr bis 19 Uhr<\/strong><\/em> mit Alaska am Mensabrunnen. Danach Kizombaabend mit ein wenig Salsa\/Bachata. Nach DJ MARCO. Ab 19 Uhr wird nur noch Kizomba aufgelegt mit unter anderem sch\u00f6ner Kizomba-Douceur Musik.<\/p>\n<h4>Freitag, 8.10.2021 Kizomba-Abend mit DJ Roberto Lopesdazu etwas Salsa \/ Bachata<\/h4>\n<p><em><strong>Ab 18:30 bis 19:35Uhr<\/strong><\/em><br \/>\nKizomba-Workshop Mittelstufe mit<br \/>\nRoberto &amp; Linda<br \/>\n<em><strong>19:40 bis 00:30 Uhr<\/strong> <\/em>Kizomba-Abend mit:<br \/>\n5 Kizomba&#8230;..<br \/>\n2 Bachata &#8230;.<br \/>\n2 Salsa &#8230;&#8230;.<\/p>\n<p>\ud83d\udea8wenn ihr an den Mensabrunnen kommt, dann achtet bitte UNBEDINGT auf eure Taschen, da bereits Einiges &#8220;abhanden&#8221; gekommen ist\ud83d\udea8<\/p>\n<p>\u203c\ufe0fDa wir von der Stadt geduldet sind: bitte sorgt f\u00fcr die Reinhaltung des Umfelds und M\u00fcll bitte selber entsorgen\u203c\ufe0fDanke!<\/p>\n<p>++++++Eintritt frei, Spende erw\u00fcnscht++++++<\/p>\n","protected":false},"excerpt":{"rendered":"<p>Timbalaye Open Class &#8211; offene Tanzfl\u00e4che Ab sofort wieder jeden Freitag, 21-23 Uhr Salsa Open Class (Praktika &#8211; offene Tanzfl\u00e4che zum \u00dcben) in der Tanzhalle Freiburg. Kizomba im separaten, zweiten Tanzsaal. &#8211; keine Kursgeb\u00fchr &#8230; und davor von 20-21 Uhr: Rueda mit Jesus Kursort: Tanzhalle Freiburg, Markgrafenstr. 38 Es gelten die aktuell verbindlichen Regeln und [&hellip;]<\/p>\n","protected":false},"author":1,"featured_media":0,"parent":0,"menu_order":0,"comment_status":"closed","ping_status":"closed","template":"","meta":{"ocean_post_layout":"","ocean_both_sidebars_style":"","ocean_both_sidebars_content_width":0,"ocean_both_sidebars_sidebars_width":0,"ocean_sidebar":"0","ocean_second_sidebar":"0","ocean_disable_margins":"enable","ocean_add_body_class":"","ocean_shortcode_before_top_bar":"","ocean_shortcode_after_top_bar":"","ocean_shortcode_before_header":"","ocean_shortcode_after_header":"","ocean_has_shortcode":"","ocean_shortcode_after_title":"","ocean_shortcode_before_footer_widgets":"","ocean_shortcode_after_footer_widgets":"","ocean_shortcode_before_footer_bottom":"","ocean_shortcode_after_footer_bottom":"","ocean_display_top_bar":"default","ocean_display_header":"default","ocean_header_style":"","ocean_center_header_left_menu":"0","ocean_custom_header_template":"0","ocean_custom_logo":0,"ocean_custom_retina_logo":0,"ocean_custom_logo_max_width":0,"ocean_custom_logo_tablet_max_width":0,"ocean_custom_logo_mobile_max_width":0,"ocean_custom_logo_max_height":0,"ocean_custom_logo_tablet_max_height":0,"ocean_custom_logo_mobile_max_height":0,"ocean_header_custom_menu":"0","ocean_menu_typo_font_family":"0","ocean_menu_typo_font_subset":"","ocean_menu_typo_font_size":0,"ocean_menu_typo_font_size_tablet":0,"ocean_menu_typo_font_size_mobile":0,"ocean_menu_typo_font_size_unit":"px","ocean_menu_typo_font_weight":"","ocean_menu_typo_font_weight_tablet":"","ocean_menu_typo_font_weight_mobile":"","ocean_menu_typo_transform":"","ocean_menu_typo_transform_tablet":"","ocean_menu_typo_transform_mobile":"","ocean_menu_typo_line_height":0,"ocean_menu_typo_line_height_tablet":0,"ocean_menu_typo_line_height_mobile":0,"ocean_menu_typo_line_height_unit":"","ocean_menu_typo_spacing":0,"ocean_menu_typo_spacing_tablet":0,"ocean_menu_typo_spacing_mobile":0,"ocean_menu_typo_spacing_unit":"","ocean_menu_link_color":"","ocean_menu_link_color_hover":"","ocean_menu_link_color_active":"","ocean_menu_link_background":"","ocean_menu_link_hover_background":"","ocean_menu_link_active_background":"","ocean_menu_social_links_bg":"","ocean_menu_social_hover_links_bg":"","ocean_menu_social_links_color":"","ocean_menu_social_hover_links_color":"","ocean_disable_title":"default","ocean_disable_heading":"default","ocean_post_title":"","ocean_post_subheading":"","ocean_post_title_style":"","ocean_post_title_background_color":"","ocean_post_title_background":0,"ocean_post_title_bg_image_position":"","ocean_post_title_bg_image_attachment":"","ocean_post_title_bg_image_repeat":"","ocean_post_title_bg_image_size":"","ocean_post_title_height":0,"ocean_post_title_bg_overlay":0.5,"ocean_post_title_bg_overlay_color":"","ocean_disable_breadcrumbs":"default","ocean_breadcrumbs_color":"","ocean_breadcrumbs_separator_color":"","ocean_breadcrumbs_links_color":"","ocean_breadcrumbs_links_hover_color":"","ocean_display_footer_widgets":"default","ocean_display_footer_bottom":"default","ocean_custom_footer_template":"0","footnotes":""},"class_list":["post-793","page","type-page","status-publish","hentry","entry"],"yoast_head":"<!-- This site is optimized with the Yoast SEO plugin v27.5 - https:\/\/yoast.com\/product\/yoast-seo-wordpress\/ -->\n<title>News - regiosalsa.de productive<\/title>\n<meta name=\"robots\" content=\"index, follow, max-snippet:-1, max-image-preview:large, max-video-preview:-1\" \/>\n<link rel=\"canonical\" href=\"https:\/\/cms.easyhvs.de\/resaprod\/news-test-2\/\" \/>\n<meta property=\"og:locale\" content=\"en_US\" \/>\n<meta property=\"og:type\" content=\"article\" \/>\n<meta property=\"og:title\" content=\"News - regiosalsa.de productive\" \/>\n<meta property=\"og:description\" content=\"Timbalaye Open Class &#8211; offene Tanzfl\u00e4che Ab sofort wieder jeden Freitag, 21-23 Uhr Salsa Open Class (Praktika &#8211; offene Tanzfl\u00e4che zum \u00dcben) in der Tanzhalle Freiburg. Kizomba im separaten, zweiten Tanzsaal. &#8211; keine Kursgeb\u00fchr &#8230; und davor von 20-21 Uhr: Rueda mit Jesus Kursort: Tanzhalle Freiburg, Markgrafenstr. 38 Es gelten die aktuell verbindlichen Regeln und [&hellip;]\" \/>\n<meta property=\"og:url\" content=\"https:\/\/cms.easyhvs.de\/resaprod\/news-test-2\/\" \/>\n<meta property=\"og:site_name\" content=\"regiosalsa.de productive\" \/>\n<meta name=\"twitter:card\" content=\"summary_large_image\" \/>\n<meta name=\"twitter:label1\" content=\"Est. reading time\" \/>\n\t<meta name=\"twitter:data1\" content=\"2 minutes\" \/>\n<script type=\"application\/ld+json\" class=\"yoast-schema-graph\">{\"@context\":\"https:\\\/\\\/schema.org\",\"@graph\":[{\"@type\":\"WebPage\",\"@id\":\"https:\\\/\\\/cms.easyhvs.de\\\/resaprod\\\/news-test-2\\\/\",\"url\":\"https:\\\/\\\/cms.easyhvs.de\\\/resaprod\\\/news-test-2\\\/\",\"name\":\"News - regiosalsa.de productive\",\"isPartOf\":{\"@id\":\"https:\\\/\\\/cms.easyhvs.de\\\/resaprod\\\/#website\"},\"datePublished\":\"2021-10-15T14:13:24+00:00\",\"breadcrumb\":{\"@id\":\"https:\\\/\\\/cms.easyhvs.de\\\/resaprod\\\/news-test-2\\\/#breadcrumb\"},\"inLanguage\":\"en-US\",\"potentialAction\":[{\"@type\":\"ReadAction\",\"target\":[\"https:\\\/\\\/cms.easyhvs.de\\\/resaprod\\\/news-test-2\\\/\"]}]},{\"@type\":\"BreadcrumbList\",\"@id\":\"https:\\\/\\\/cms.easyhvs.de\\\/resaprod\\\/news-test-2\\\/#breadcrumb\",\"itemListElement\":[{\"@type\":\"ListItem\",\"position\":1,\"name\":\"Home\",\"item\":\"https:\\\/\\\/cms.easyhvs.de\\\/resaprod\\\/\"},{\"@type\":\"ListItem\",\"position\":2,\"name\":\"News\"}]},{\"@type\":\"WebSite\",\"@id\":\"https:\\\/\\\/cms.easyhvs.de\\\/resaprod\\\/#website\",\"url\":\"https:\\\/\\\/cms.easyhvs.de\\\/resaprod\\\/\",\"name\":\"regiosalsa.de productive\",\"description\":\"\",\"publisher\":{\"@id\":\"https:\\\/\\\/cms.easyhvs.de\\\/resaprod\\\/#organization\"},\"potentialAction\":[{\"@type\":\"SearchAction\",\"target\":{\"@type\":\"EntryPoint\",\"urlTemplate\":\"https:\\\/\\\/cms.easyhvs.de\\\/resaprod\\\/?s={search_term_string}\"},\"query-input\":{\"@type\":\"PropertyValueSpecification\",\"valueRequired\":true,\"valueName\":\"search_term_string\"}}],\"inLanguage\":\"en-US\"},{\"@type\":\"Organization\",\"@id\":\"https:\\\/\\\/cms.easyhvs.de\\\/resaprod\\\/#organization\",\"name\":\"regiosalsa.de productive\",\"url\":\"https:\\\/\\\/cms.easyhvs.de\\\/resaprod\\\/\",\"logo\":{\"@type\":\"ImageObject\",\"inLanguage\":\"en-US\",\"@id\":\"https:\\\/\\\/cms.easyhvs.de\\\/resaprod\\\/#\\\/schema\\\/logo\\\/image\\\/\",\"url\":\"https:\\\/\\\/cms.easyhvs.de\\\/resaprod\\\/wp-content\\\/uploads\\\/sites\\\/16\\\/2021\\\/10\\\/2012-05-04-regiosalsa_logo.png\",\"contentUrl\":\"https:\\\/\\\/cms.easyhvs.de\\\/resaprod\\\/wp-content\\\/uploads\\\/sites\\\/16\\\/2021\\\/10\\\/2012-05-04-regiosalsa_logo.png\",\"width\":1142,\"height\":191,\"caption\":\"regiosalsa.de productive\"},\"image\":{\"@id\":\"https:\\\/\\\/cms.easyhvs.de\\\/resaprod\\\/#\\\/schema\\\/logo\\\/image\\\/\"}}]}<\/script>\n<!-- \/ Yoast SEO plugin. -->","yoast_head_json":{"title":"News - regiosalsa.de productive","robots":{"index":"index","follow":"follow","max-snippet":"max-snippet:-1","max-image-preview":"max-image-preview:large","max-video-preview":"max-video-preview:-1"},"canonical":"https:\/\/cms.easyhvs.de\/resaprod\/news-test-2\/","og_locale":"en_US","og_type":"article","og_title":"News - regiosalsa.de productive","og_description":"Timbalaye Open Class &#8211; offene Tanzfl\u00e4che Ab sofort wieder jeden Freitag, 21-23 Uhr Salsa Open Class (Praktika &#8211; offene Tanzfl\u00e4che zum \u00dcben) in der Tanzhalle Freiburg. Kizomba im separaten, zweiten Tanzsaal. &#8211; keine Kursgeb\u00fchr &#8230; und davor von 20-21 Uhr: Rueda mit Jesus Kursort: Tanzhalle Freiburg, Markgrafenstr. 38 Es gelten die aktuell verbindlichen Regeln und [&hellip;]","og_url":"https:\/\/cms.easyhvs.de\/resaprod\/news-test-2\/","og_site_name":"regiosalsa.de productive","twitter_card":"summary_large_image","twitter_misc":{"Est. reading time":"2 minutes"},"schema":{"@context":"https:\/\/schema.org","@graph":[{"@type":"WebPage","@id":"https:\/\/cms.easyhvs.de\/resaprod\/news-test-2\/","url":"https:\/\/cms.easyhvs.de\/resaprod\/news-test-2\/","name":"News - regiosalsa.de productive","isPartOf":{"@id":"https:\/\/cms.easyhvs.de\/resaprod\/#website"},"datePublished":"2021-10-15T14:13:24+00:00","breadcrumb":{"@id":"https:\/\/cms.easyhvs.de\/resaprod\/news-test-2\/#breadcrumb"},"inLanguage":"en-US","potentialAction":[{"@type":"ReadAction","target":["https:\/\/cms.easyhvs.de\/resaprod\/news-test-2\/"]}]},{"@type":"BreadcrumbList","@id":"https:\/\/cms.easyhvs.de\/resaprod\/news-test-2\/#breadcrumb","itemListElement":[{"@type":"ListItem","position":1,"name":"Home","item":"https:\/\/cms.easyhvs.de\/resaprod\/"},{"@type":"ListItem","position":2,"name":"News"}]},{"@type":"WebSite","@id":"https:\/\/cms.easyhvs.de\/resaprod\/#website","url":"https:\/\/cms.easyhvs.de\/resaprod\/","name":"regiosalsa.de productive","description":"","publisher":{"@id":"https:\/\/cms.easyhvs.de\/resaprod\/#organization"},"potentialAction":[{"@type":"SearchAction","target":{"@type":"EntryPoint","urlTemplate":"https:\/\/cms.easyhvs.de\/resaprod\/?s={search_term_string}"},"query-input":{"@type":"PropertyValueSpecification","valueRequired":true,"valueName":"search_term_string"}}],"inLanguage":"en-US"},{"@type":"Organization","@id":"https:\/\/cms.easyhvs.de\/resaprod\/#organization","name":"regiosalsa.de productive","url":"https:\/\/cms.easyhvs.de\/resaprod\/","logo":{"@type":"ImageObject","inLanguage":"en-US","@id":"https:\/\/cms.easyhvs.de\/resaprod\/#\/schema\/logo\/image\/","url":"https:\/\/cms.easyhvs.de\/resaprod\/wp-content\/uploads\/sites\/16\/2021\/10\/2012-05-04-regiosalsa_logo.png","contentUrl":"https:\/\/cms.easyhvs.de\/resaprod\/wp-content\/uploads\/sites\/16\/2021\/10\/2012-05-04-regiosalsa_logo.png","width":1142,"height":191,"caption":"regiosalsa.de productive"},"image":{"@id":"https:\/\/cms.easyhvs.de\/resaprod\/#\/schema\/logo\/image\/"}}]}},"_links":{"self":[{"href":"https:\/\/cms.easyhvs.de\/resaprod\/wp-json\/wp\/v2\/pages\/793","targetHints":{"allow":["GET"]}}],"collection":[{"href":"https:\/\/cms.easyhvs.de\/resaprod\/wp-json\/wp\/v2\/pages"}],"about":[{"href":"https:\/\/cms.easyhvs.de\/resaprod\/wp-json\/wp\/v2\/types\/page"}],"author":[{"embeddable":true,"href":"https:\/\/cms.easyhvs.de\/resaprod\/wp-json\/wp\/v2\/users\/1"}],"replies":[{"embeddable":true,"href":"https:\/\/cms.easyhvs.de\/resaprod\/wp-json\/wp\/v2\/comments?post=793"}],"version-history":[{"count":0,"href":"https:\/\/cms.easyhvs.de\/resaprod\/wp-json\/wp\/v2\/pages\/793\/revisions"}],"wp:attachment":[{"href":"https:\/\/cms.easyhvs.de\/resaprod\/wp-json\/wp\/v2\/media?parent=793"}],"curies":[{"name":"wp","href":"https:\/\/api.w.org\/{rel}","templated":true}]}}