{"id":945,"date":"2022-02-16T10:40:25","date_gmt":"2022-02-16T09:40:25","guid":{"rendered":"https:\/\/cms.easyhvs.de\/michaelschidlo\/?page_id=945"},"modified":"2022-02-16T11:24:32","modified_gmt":"2022-02-16T10:24:32","slug":"imprint","status":"publish","type":"page","link":"https:\/\/cms.easyhvs.de\/michaelschidlo\/imprint\/","title":{"rendered":"Imprint"},"content":{"rendered":"\n<div class=\"wp-block-group\"><div class=\"wp-block-group__inner-container is-layout-flow wp-block-group-is-layout-flow\">\n<p>M. Schidlo EDV Dienstleistungen,<br>Eichrodtstr. 2, 79117 Freiburg<\/p>\n<\/div><\/div>\n\n\n\n<p>Telefon: <\/p>\n\n\n\n<p>email<br>schidlo.net <\/p>\n\n\n\n<p>Umsatzsteuer-Identifikationsnummer gem\u00e4\u00df \u00a7 27 a Umsatzsteuergesetz: <br>Steuernummer beim Finanzamt Freiburg-Stadt: <\/p>\n\n\n\n<p>Inhaltlich Verantwortlicher gem\u00e4\u00df \u00a7 6 MDStV: Michael Schidlo<\/p>\n\n\n\n<p>Haftungshinweis: Trotz sorgf\u00e4ltiger inhaltlicher Kontrolle \u00fcbernehmen wir keine Haftung f\u00fcr die Inhalte externer Links. F\u00fcr den Inhalt der verlinkten Seiten sind ausschlie\u00dflich deren Betreiber verantwortlich.<\/p>\n","protected":false},"excerpt":{"rendered":"<p>M. Schidlo EDV Dienstleistungen,Eichrodtstr. 2, 79117 Freiburg Telefon: emailschidlo.net Umsatzsteuer-Identifikationsnummer gem\u00e4\u00df \u00a7 27 a Umsatzsteuergesetz: Steuernummer beim Finanzamt Freiburg-Stadt: Inhaltlich Verantwortlicher gem\u00e4\u00df \u00a7 6 MDStV: Michael Schidlo Haftungshinweis: Trotz sorgf\u00e4ltiger inhaltlicher Kontrolle \u00fcbernehmen wir keine Haftung f\u00fcr die Inhalte externer Links. F\u00fcr den Inhalt der verlinkten Seiten sind ausschlie\u00dflich deren Betreiber verantwortlich.<\/p>\n","protected":false},"author":2,"featured_media":0,"parent":0,"menu_order":0,"comment_status":"closed","ping_status":"closed","template":"","meta":{"ocean_post_layout":"","ocean_both_sidebars_style":"","ocean_both_sidebars_content_width":0,"ocean_both_sidebars_sidebars_width":0,"ocean_sidebar":"0","ocean_second_sidebar":"0","ocean_disable_margins":"enable","ocean_add_body_class":"","ocean_shortcode_before_top_bar":"","ocean_shortcode_after_top_bar":"","ocean_shortcode_before_header":"","ocean_shortcode_after_header":"","ocean_has_shortcode":"","ocean_shortcode_after_title":"","ocean_shortcode_before_footer_widgets":"","ocean_shortcode_after_footer_widgets":"","ocean_shortcode_before_footer_bottom":"","ocean_shortcode_after_footer_bottom":"","ocean_display_top_bar":"default","ocean_display_header":"default","ocean_header_style":"","ocean_center_header_left_menu":"0","ocean_custom_header_template":"0","ocean_custom_logo":0,"ocean_custom_retina_logo":0,"ocean_custom_logo_max_width":0,"ocean_custom_logo_tablet_max_width":0,"ocean_custom_logo_mobile_max_width":0,"ocean_custom_logo_max_height":0,"ocean_custom_logo_tablet_max_height":0,"ocean_custom_logo_mobile_max_height":0,"ocean_header_custom_menu":"0","ocean_menu_typo_font_family":"0","ocean_menu_typo_font_subset":"","ocean_menu_typo_font_size":0,"ocean_menu_typo_font_size_tablet":0,"ocean_menu_typo_font_size_mobile":0,"ocean_menu_typo_font_size_unit":"px","ocean_menu_typo_font_weight":"","ocean_menu_typo_font_weight_tablet":"","ocean_menu_typo_font_weight_mobile":"","ocean_menu_typo_transform":"","ocean_menu_typo_transform_tablet":"","ocean_menu_typo_transform_mobile":"","ocean_menu_typo_line_height":0,"ocean_menu_typo_line_height_tablet":0,"ocean_menu_typo_line_height_mobile":0,"ocean_menu_typo_line_height_unit":"","ocean_menu_typo_spacing":0,"ocean_menu_typo_spacing_tablet":0,"ocean_menu_typo_spacing_mobile":0,"ocean_menu_typo_spacing_unit":"","ocean_menu_link_color":"","ocean_menu_link_color_hover":"","ocean_menu_link_color_active":"","ocean_menu_link_background":"","ocean_menu_link_hover_background":"","ocean_menu_link_active_background":"","ocean_menu_social_links_bg":"","ocean_menu_social_hover_links_bg":"","ocean_menu_social_links_color":"","ocean_menu_social_hover_links_color":"","ocean_disable_title":"default","ocean_disable_heading":"default","ocean_post_title":"","ocean_post_subheading":"","ocean_post_title_style":"","ocean_post_title_background_color":"","ocean_post_title_background":0,"ocean_post_title_bg_image_position":"","ocean_post_title_bg_image_attachment":"","ocean_post_title_bg_image_repeat":"","ocean_post_title_bg_image_size":"","ocean_post_title_height":0,"ocean_post_title_bg_overlay":0.5,"ocean_post_title_bg_overlay_color":"","ocean_disable_breadcrumbs":"default","ocean_breadcrumbs_color":"","ocean_breadcrumbs_separator_color":"","ocean_breadcrumbs_links_color":"","ocean_breadcrumbs_links_hover_color":"","ocean_display_footer_widgets":"default","ocean_display_footer_bottom":"default","ocean_custom_footer_template":"0","footnotes":""},"class_list":["post-945","page","type-page","status-publish","hentry","entry"],"yoast_head":"<!-- This site is optimized with the Yoast SEO plugin v27.5 - https:\/\/yoast.com\/product\/yoast-seo-wordpress\/ -->\n<title>Imprint - M. Schidlo EDV<\/title>\n<meta name=\"robots\" content=\"index, follow, max-snippet:-1, max-image-preview:large, max-video-preview:-1\" \/>\n<link rel=\"canonical\" href=\"https:\/\/cms.easyhvs.de\/michaelschidlo\/imprint\/\" \/>\n<meta property=\"og:locale\" content=\"en_US\" \/>\n<meta property=\"og:type\" content=\"article\" \/>\n<meta property=\"og:title\" content=\"Imprint - M. Schidlo EDV\" \/>\n<meta property=\"og:description\" content=\"M. Schidlo EDV Dienstleistungen,Eichrodtstr. 2, 79117 Freiburg Telefon: emailschidlo.net Umsatzsteuer-Identifikationsnummer gem\u00e4\u00df \u00a7 27 a Umsatzsteuergesetz: Steuernummer beim Finanzamt Freiburg-Stadt: Inhaltlich Verantwortlicher gem\u00e4\u00df \u00a7 6 MDStV: Michael Schidlo Haftungshinweis: Trotz sorgf\u00e4ltiger inhaltlicher Kontrolle \u00fcbernehmen wir keine Haftung f\u00fcr die Inhalte externer Links. F\u00fcr den Inhalt der verlinkten Seiten sind ausschlie\u00dflich deren Betreiber verantwortlich.\" \/>\n<meta property=\"og:url\" content=\"https:\/\/cms.easyhvs.de\/michaelschidlo\/imprint\/\" \/>\n<meta property=\"og:site_name\" content=\"M. Schidlo EDV\" \/>\n<meta property=\"article:modified_time\" content=\"2022-02-16T10:24:32+00:00\" \/>\n<meta name=\"twitter:card\" content=\"summary_large_image\" \/>\n<meta name=\"twitter:label1\" content=\"Est. reading time\" \/>\n\t<meta name=\"twitter:data1\" content=\"1 minute\" \/>\n<script type=\"application\/ld+json\" class=\"yoast-schema-graph\">{\"@context\":\"https:\\\/\\\/schema.org\",\"@graph\":[{\"@type\":\"WebPage\",\"@id\":\"https:\\\/\\\/cms.easyhvs.de\\\/michaelschidlo\\\/imprint\\\/\",\"url\":\"https:\\\/\\\/cms.easyhvs.de\\\/michaelschidlo\\\/imprint\\\/\",\"name\":\"Imprint - M. Schidlo EDV\",\"isPartOf\":{\"@id\":\"https:\\\/\\\/cms.easyhvs.de\\\/michaelschidlo\\\/#website\"},\"datePublished\":\"2022-02-16T09:40:25+00:00\",\"dateModified\":\"2022-02-16T10:24:32+00:00\",\"breadcrumb\":{\"@id\":\"https:\\\/\\\/cms.easyhvs.de\\\/michaelschidlo\\\/imprint\\\/#breadcrumb\"},\"inLanguage\":\"en-US\",\"potentialAction\":[{\"@type\":\"ReadAction\",\"target\":[\"https:\\\/\\\/cms.easyhvs.de\\\/michaelschidlo\\\/imprint\\\/\"]}]},{\"@type\":\"BreadcrumbList\",\"@id\":\"https:\\\/\\\/cms.easyhvs.de\\\/michaelschidlo\\\/imprint\\\/#breadcrumb\",\"itemListElement\":[{\"@type\":\"ListItem\",\"position\":1,\"name\":\"Home\",\"item\":\"https:\\\/\\\/cms.easyhvs.de\\\/michaelschidlo\\\/\"},{\"@type\":\"ListItem\",\"position\":2,\"name\":\"Imprint\"}]},{\"@type\":\"WebSite\",\"@id\":\"https:\\\/\\\/cms.easyhvs.de\\\/michaelschidlo\\\/#website\",\"url\":\"https:\\\/\\\/cms.easyhvs.de\\\/michaelschidlo\\\/\",\"name\":\"M. Schidlo EDV\",\"description\":\"\",\"publisher\":{\"@id\":\"https:\\\/\\\/cms.easyhvs.de\\\/michaelschidlo\\\/#organization\"},\"potentialAction\":[{\"@type\":\"SearchAction\",\"target\":{\"@type\":\"EntryPoint\",\"urlTemplate\":\"https:\\\/\\\/cms.easyhvs.de\\\/michaelschidlo\\\/?s={search_term_string}\"},\"query-input\":{\"@type\":\"PropertyValueSpecification\",\"valueRequired\":true,\"valueName\":\"search_term_string\"}}],\"inLanguage\":\"en-US\"},{\"@type\":\"Organization\",\"@id\":\"https:\\\/\\\/cms.easyhvs.de\\\/michaelschidlo\\\/#organization\",\"name\":\"M. Schidlo EDV\",\"url\":\"https:\\\/\\\/cms.easyhvs.de\\\/michaelschidlo\\\/\",\"logo\":{\"@type\":\"ImageObject\",\"inLanguage\":\"en-US\",\"@id\":\"https:\\\/\\\/cms.easyhvs.de\\\/michaelschidlo\\\/#\\\/schema\\\/logo\\\/image\\\/\",\"url\":\"https:\\\/\\\/cms.easyhvs.de\\\/michaelschidlo\\\/wp-content\\\/uploads\\\/sites\\\/4\\\/2022\\\/02\\\/cropped-Logo_MS_EDV_04.jpg\",\"contentUrl\":\"https:\\\/\\\/cms.easyhvs.de\\\/michaelschidlo\\\/wp-content\\\/uploads\\\/sites\\\/4\\\/2022\\\/02\\\/cropped-Logo_MS_EDV_04.jpg\",\"width\":1379,\"height\":320,\"caption\":\"M. Schidlo EDV\"},\"image\":{\"@id\":\"https:\\\/\\\/cms.easyhvs.de\\\/michaelschidlo\\\/#\\\/schema\\\/logo\\\/image\\\/\"}}]}<\/script>\n<!-- \/ Yoast SEO plugin. -->","yoast_head_json":{"title":"Imprint - M. Schidlo EDV","robots":{"index":"index","follow":"follow","max-snippet":"max-snippet:-1","max-image-preview":"max-image-preview:large","max-video-preview":"max-video-preview:-1"},"canonical":"https:\/\/cms.easyhvs.de\/michaelschidlo\/imprint\/","og_locale":"en_US","og_type":"article","og_title":"Imprint - M. Schidlo EDV","og_description":"M. Schidlo EDV Dienstleistungen,Eichrodtstr. 2, 79117 Freiburg Telefon: emailschidlo.net Umsatzsteuer-Identifikationsnummer gem\u00e4\u00df \u00a7 27 a Umsatzsteuergesetz: Steuernummer beim Finanzamt Freiburg-Stadt: Inhaltlich Verantwortlicher gem\u00e4\u00df \u00a7 6 MDStV: Michael Schidlo Haftungshinweis: Trotz sorgf\u00e4ltiger inhaltlicher Kontrolle \u00fcbernehmen wir keine Haftung f\u00fcr die Inhalte externer Links. F\u00fcr den Inhalt der verlinkten Seiten sind ausschlie\u00dflich deren Betreiber verantwortlich.","og_url":"https:\/\/cms.easyhvs.de\/michaelschidlo\/imprint\/","og_site_name":"M. Schidlo EDV","article_modified_time":"2022-02-16T10:24:32+00:00","twitter_card":"summary_large_image","twitter_misc":{"Est. reading time":"1 minute"},"schema":{"@context":"https:\/\/schema.org","@graph":[{"@type":"WebPage","@id":"https:\/\/cms.easyhvs.de\/michaelschidlo\/imprint\/","url":"https:\/\/cms.easyhvs.de\/michaelschidlo\/imprint\/","name":"Imprint - M. Schidlo EDV","isPartOf":{"@id":"https:\/\/cms.easyhvs.de\/michaelschidlo\/#website"},"datePublished":"2022-02-16T09:40:25+00:00","dateModified":"2022-02-16T10:24:32+00:00","breadcrumb":{"@id":"https:\/\/cms.easyhvs.de\/michaelschidlo\/imprint\/#breadcrumb"},"inLanguage":"en-US","potentialAction":[{"@type":"ReadAction","target":["https:\/\/cms.easyhvs.de\/michaelschidlo\/imprint\/"]}]},{"@type":"BreadcrumbList","@id":"https:\/\/cms.easyhvs.de\/michaelschidlo\/imprint\/#breadcrumb","itemListElement":[{"@type":"ListItem","position":1,"name":"Home","item":"https:\/\/cms.easyhvs.de\/michaelschidlo\/"},{"@type":"ListItem","position":2,"name":"Imprint"}]},{"@type":"WebSite","@id":"https:\/\/cms.easyhvs.de\/michaelschidlo\/#website","url":"https:\/\/cms.easyhvs.de\/michaelschidlo\/","name":"M. Schidlo EDV","description":"","publisher":{"@id":"https:\/\/cms.easyhvs.de\/michaelschidlo\/#organization"},"potentialAction":[{"@type":"SearchAction","target":{"@type":"EntryPoint","urlTemplate":"https:\/\/cms.easyhvs.de\/michaelschidlo\/?s={search_term_string}"},"query-input":{"@type":"PropertyValueSpecification","valueRequired":true,"valueName":"search_term_string"}}],"inLanguage":"en-US"},{"@type":"Organization","@id":"https:\/\/cms.easyhvs.de\/michaelschidlo\/#organization","name":"M. Schidlo EDV","url":"https:\/\/cms.easyhvs.de\/michaelschidlo\/","logo":{"@type":"ImageObject","inLanguage":"en-US","@id":"https:\/\/cms.easyhvs.de\/michaelschidlo\/#\/schema\/logo\/image\/","url":"https:\/\/cms.easyhvs.de\/michaelschidlo\/wp-content\/uploads\/sites\/4\/2022\/02\/cropped-Logo_MS_EDV_04.jpg","contentUrl":"https:\/\/cms.easyhvs.de\/michaelschidlo\/wp-content\/uploads\/sites\/4\/2022\/02\/cropped-Logo_MS_EDV_04.jpg","width":1379,"height":320,"caption":"M. Schidlo EDV"},"image":{"@id":"https:\/\/cms.easyhvs.de\/michaelschidlo\/#\/schema\/logo\/image\/"}}]}},"_links":{"self":[{"href":"https:\/\/cms.easyhvs.de\/michaelschidlo\/wp-json\/wp\/v2\/pages\/945","targetHints":{"allow":["GET"]}}],"collection":[{"href":"https:\/\/cms.easyhvs.de\/michaelschidlo\/wp-json\/wp\/v2\/pages"}],"about":[{"href":"https:\/\/cms.easyhvs.de\/michaelschidlo\/wp-json\/wp\/v2\/types\/page"}],"author":[{"embeddable":true,"href":"https:\/\/cms.easyhvs.de\/michaelschidlo\/wp-json\/wp\/v2\/users\/2"}],"replies":[{"embeddable":true,"href":"https:\/\/cms.easyhvs.de\/michaelschidlo\/wp-json\/wp\/v2\/comments?post=945"}],"version-history":[{"count":4,"href":"https:\/\/cms.easyhvs.de\/michaelschidlo\/wp-json\/wp\/v2\/pages\/945\/revisions"}],"predecessor-version":[{"id":970,"href":"https:\/\/cms.easyhvs.de\/michaelschidlo\/wp-json\/wp\/v2\/pages\/945\/revisions\/970"}],"wp:attachment":[{"href":"https:\/\/cms.easyhvs.de\/michaelschidlo\/wp-json\/wp\/v2\/media?parent=945"}],"curies":[{"name":"wp","href":"https:\/\/api.w.org\/{rel}","templated":true}]}}