{"id":984,"date":"2022-01-14T12:07:01","date_gmt":"2022-01-14T12:07:01","guid":{"rendered":"https:\/\/cms.easyhvs.de\/kuhnlegmbhdev\/?page_id=984"},"modified":"2022-01-14T12:07:02","modified_gmt":"2022-01-14T12:07:02","slug":"galerie-kunstobjekte","status":"publish","type":"page","link":"https:\/\/cms.easyhvs.de\/kuhnlegmbhdev\/galerie-kunstobjekte\/","title":{"rendered":"Galerie Kunstobjekte"},"content":{"rendered":"<p><code class=\"rl-shortcode\"><div class=\"rl-gallery-container rl-loading\" id=\"rl-gallery-container-1\" data-gallery_id=\"978\"> <div class=\"rl-gallery rl-basicgrid-gallery \" id=\"rl-gallery-1\" data-gallery_no=\"1\"> <div class=\"rl-gallery-item\"><a href=\"https:\/\/cms.easyhvs.de\/kuhnlegmbhdev\/wp-content\/uploads\/sites\/20\/2022\/01\/Walzen-Projekt-004.jpg\" title=\"\" data-rl_title=\"\" class=\"rl-gallery-link\" data-rl_caption=\"\" data-rel=\"lightbox-gallery-1\"><img loading=\"lazy\" decoding=\"async\" src=\"https:\/\/cms.easyhvs.de\/kuhnlegmbhdev\/wp-content\/uploads\/sites\/20\/2022\/01\/Walzen-Projekt-004-225x300.jpg\" width=\"225\" height=\"300\" alt=\"Kuhnle GmbH, Werner Kuhnle, Metall-Stahlrohrtechnik, Rohr-Laserschneiden, Walzen, Biegen, Stahlbau, Stahlprofilen, R\u00f6hren, Blechen, Biege- und Walzanlagen, Rundrohrprofile, Brenntechnik, Schwei\u00dfnahtanfasung, Stra\u00dfburg, Deutschland, Schweiz, Stahlh\u00e4ndler, Schneiden, Metallverarbeitung, Stahlrohr, Edelstahl, Laserschneiden, Metallverarbeitung Edelstahl\"\/><\/a><\/div><div class=\"rl-gallery-item\"><a href=\"https:\/\/cms.easyhvs.de\/kuhnlegmbhdev\/wp-content\/uploads\/sites\/20\/2021\/08\/Biegen-Projekt-03-scaled-1.jpg\" title=\"\" data-rl_title=\"\" class=\"rl-gallery-link\" data-rl_caption=\"\" data-rel=\"lightbox-gallery-1\"><img loading=\"lazy\" decoding=\"async\" src=\"https:\/\/cms.easyhvs.de\/kuhnlegmbhdev\/wp-content\/uploads\/sites\/20\/2021\/08\/Biegen-Projekt-03-scaled-1-225x300.jpg\" width=\"225\" height=\"300\" alt=\"Kuhnle GmbH, Werner Kuhnle, Metall-Stahlrohrtechnik, Rohr-Laserschneiden, Walzen, Biegen, Stahlbau, Stahlprofilen, R\u00f6hren, Blechen, Biege- und Walzanlagen, Rundrohrprofile, Brenntechnik, Schwei\u00dfnahtanfasung, Stra\u00dfburg, Deutschland, Schweiz, Stahlh\u00e4ndler, Schneiden, Metallverarbeitung, Stahlrohr, Edelstahl, Laserschneiden, Metallverarbeitung Edelstahl\"\/><\/a><\/div><div class=\"rl-gallery-item\"><a href=\"https:\/\/cms.easyhvs.de\/kuhnlegmbhdev\/wp-content\/uploads\/sites\/20\/2022\/01\/Biegen-Projekt-032.jpg\" title=\"\" data-rl_title=\"\" class=\"rl-gallery-link\" data-rl_caption=\"\" data-rel=\"lightbox-gallery-1\"><img loading=\"lazy\" decoding=\"async\" src=\"https:\/\/cms.easyhvs.de\/kuhnlegmbhdev\/wp-content\/uploads\/sites\/20\/2022\/01\/Biegen-Projekt-032-300x204.jpg\" width=\"300\" height=\"204\" alt=\"Walzen, Schneiden, biegen, Metallverarbeitung, Stahlrohr, Edelstahl, Laser Schneiden, Metallverarbeitung Edelstahl\"\/><\/a><\/div><div class=\"rl-gallery-item\"><a href=\"https:\/\/cms.easyhvs.de\/kuhnlegmbhdev\/wp-content\/uploads\/sites\/20\/2021\/08\/Biegen-Projekt-031-scaled-1.jpg\" title=\"\" data-rl_title=\"\" class=\"rl-gallery-link\" data-rl_caption=\"\" data-rel=\"lightbox-gallery-1\"><img loading=\"lazy\" decoding=\"async\" src=\"https:\/\/cms.easyhvs.de\/kuhnlegmbhdev\/wp-content\/uploads\/sites\/20\/2021\/08\/Biegen-Projekt-031-scaled-1-225x300.jpg\" width=\"225\" height=\"300\" alt=\"Kuhnle GmbH, Werner Kuhnle, Metall-Stahlrohrtechnik, Rohr-Laserschneiden, Walzen, Biegen, Stahlbau, Stahlprofilen, R\u00f6hren, Blechen, Biege- und Walzanlagen, Rundrohrprofile, Brenntechnik, Schwei\u00dfnahtanfasung, Stra\u00dfburg, Deutschland, Schweiz, Stahlh\u00e4ndler, Schneiden, Metallverarbeitung, Stahlrohr, Edelstahl, Laserschneiden, Metallverarbeitung Edelstahl\"\/><\/a><\/div><div class=\"rl-gallery-item\"><a href=\"https:\/\/cms.easyhvs.de\/kuhnlegmbhdev\/wp-content\/uploads\/sites\/20\/2022\/01\/100_4888.jpg\" title=\"\" data-rl_title=\"\" class=\"rl-gallery-link\" data-rl_caption=\"\" data-rel=\"lightbox-gallery-1\"><img loading=\"lazy\" decoding=\"async\" src=\"https:\/\/cms.easyhvs.de\/kuhnlegmbhdev\/wp-content\/uploads\/sites\/20\/2022\/01\/100_4888-300x200.jpg\" width=\"300\" height=\"200\" alt=\"Kuhnle GmbH, Werner Kuhnle, Metall-Stahlrohrtechnik, Rohr-Laserschneiden, Walzen, Biegen, Stahlbau, Stahlprofilen, R\u00f6hren, Blechen, Biege- und Walzanlagen, Rundrohrprofile, Brenntechnik, Schwei\u00dfnahtanfasung, Stra\u00dfburg, Deutschland, Schweiz, Stahlh\u00e4ndler, Schneiden, Metallverarbeitung, Stahlrohr, Edelstahl, Laserschneiden, Metallverarbeitung Edelstahl\"\/><\/a><\/div><div class=\"rl-gallery-item\"><a href=\"https:\/\/cms.easyhvs.de\/kuhnlegmbhdev\/wp-content\/uploads\/sites\/20\/2022\/01\/100_4906.jpg\" title=\"\" data-rl_title=\"\" class=\"rl-gallery-link\" data-rl_caption=\"\" data-rel=\"lightbox-gallery-1\"><img loading=\"lazy\" decoding=\"async\" src=\"https:\/\/cms.easyhvs.de\/kuhnlegmbhdev\/wp-content\/uploads\/sites\/20\/2022\/01\/100_4906-300x200.jpg\" width=\"300\" height=\"200\" alt=\"Kuhnle GmbH, Werner Kuhnle, Metall-Stahlrohrtechnik, Rohr-Laserschneiden, Walzen, Biegen, Stahlbau, Stahlprofilen, R\u00f6hren, Blechen, Biege- und Walzanlagen, Rundrohrprofile, Brenntechnik, Schwei\u00dfnahtanfasung, Stra\u00dfburg, Deutschland, Schweiz, Stahlh\u00e4ndler, Schneiden, Metallverarbeitung, Stahlrohr, Edelstahl, Laserschneiden, Metallverarbeitung Edelstahl\"\/><\/a><\/div><div class=\"rl-gallery-item\"><a href=\"https:\/\/cms.easyhvs.de\/kuhnlegmbhdev\/wp-content\/uploads\/sites\/20\/2022\/01\/Biegen-Projekt-034.jpg\" title=\"\" data-rl_title=\"\" class=\"rl-gallery-link\" data-rl_caption=\"\" data-rel=\"lightbox-gallery-1\"><img loading=\"lazy\" decoding=\"async\" src=\"https:\/\/cms.easyhvs.de\/kuhnlegmbhdev\/wp-content\/uploads\/sites\/20\/2022\/01\/Biegen-Projekt-034-207x300.jpg\" width=\"207\" height=\"300\" alt=\"Walzen, Schneiden, biegen, Metallverarbeitung, Stahlrohr, Edelstahl, Laser Schneiden, Metallverarbeitung Edelstahl\"\/><\/a><\/div><div class=\"rl-gallery-item\"><a href=\"https:\/\/cms.easyhvs.de\/kuhnlegmbhdev\/wp-content\/uploads\/sites\/20\/2022\/01\/Biegen-Projekt-033.jpg\" title=\"\" data-rl_title=\"\" class=\"rl-gallery-link\" data-rl_caption=\"\" data-rel=\"lightbox-gallery-1\"><img loading=\"lazy\" decoding=\"async\" src=\"https:\/\/cms.easyhvs.de\/kuhnlegmbhdev\/wp-content\/uploads\/sites\/20\/2022\/01\/Biegen-Projekt-033-300x205.jpg\" width=\"300\" height=\"205\" alt=\"Walzen, Schneiden, biegen, Metallverarbeitung, Stahlrohr, Edelstahl, Laser Schneiden, Metallverarbeitung Edelstahl\"\/><\/a><\/div><div class=\"rl-gallery-item\"><a href=\"https:\/\/cms.easyhvs.de\/kuhnlegmbhdev\/wp-content\/uploads\/sites\/20\/2022\/01\/Biegen-Projekt-035.jpg\" title=\"\" data-rl_title=\"\" class=\"rl-gallery-link\" data-rl_caption=\"\" data-rel=\"lightbox-gallery-1\"><img loading=\"lazy\" decoding=\"async\" src=\"https:\/\/cms.easyhvs.de\/kuhnlegmbhdev\/wp-content\/uploads\/sites\/20\/2022\/01\/Biegen-Projekt-035-300x205.jpg\" width=\"300\" height=\"205\" alt=\"Walzen, Schneiden, biegen, Metallverarbeitung, Stahlrohr, Edelstahl, Laser Schneiden, Metallverarbeitung Edelstahl\"\/><\/a><\/div><div class=\"rl-gallery-item\"><a href=\"https:\/\/cms.easyhvs.de\/kuhnlegmbhdev\/wp-content\/uploads\/sites\/20\/2021\/02\/bumat_ueberraschungsei.jpg\" title=\"\" data-rl_title=\"\" class=\"rl-gallery-link\" data-rl_caption=\"\" data-rel=\"lightbox-gallery-1\"><img loading=\"lazy\" decoding=\"async\" src=\"https:\/\/cms.easyhvs.de\/kuhnlegmbhdev\/wp-content\/uploads\/sites\/20\/2021\/02\/bumat_ueberraschungsei-223x300.jpg\" width=\"223\" height=\"300\" alt=\"Kuhnle GmbH, Werner Kuhnle, Metall-Stahlrohrtechnik, Rohr-Laserschneiden, Walzen, Biegen, Stahlbau, Stahlprofilen, R\u00f6hren, Blechen, Biege- und Walzanlagen, Rundrohrprofile, Brenntechnik, Schwei\u00dfnahtanfasung, Stra\u00dfburg, Deutschland, Schweiz, Stahlh\u00e4ndler, Schneiden, Metallverarbeitung, Stahlrohr, Edelstahl, Laserschneiden, Metallverarbeitung Edelstahl\"\/><\/a><\/div><div class=\"rl-gallery-item\"><a href=\"https:\/\/cms.easyhvs.de\/kuhnlegmbhdev\/wp-content\/uploads\/sites\/20\/2021\/02\/biegen_kuhnlegmbh_012.jpg\" title=\"\" data-rl_title=\"\" class=\"rl-gallery-link\" data-rl_caption=\"\" data-rel=\"lightbox-gallery-1\"><img loading=\"lazy\" decoding=\"async\" src=\"https:\/\/cms.easyhvs.de\/kuhnlegmbhdev\/wp-content\/uploads\/sites\/20\/2021\/02\/biegen_kuhnlegmbh_012-225x300.jpg\" width=\"225\" height=\"300\" alt=\"Kuhnle GmbH, Werner Kuhnle, Metall-Stahlrohrtechnik, Rohr-Laserschneiden, Walzen, Biegen, Stahlbau, Stahlprofilen, R\u00f6hren, Blechen, Biege- und Walzanlagen, Rundrohrprofile, Brenntechnik, Schwei\u00dfnahtanfasung, Stra\u00dfburg, Deutschland, Schweiz, Stahlh\u00e4ndler, Schneiden, Metallverarbeitung, Stahlrohr, Edelstahl, Laserschneiden, Metallverarbeitung Edelstahl\"\/><\/a><\/div><div class=\"rl-gallery-item\"><a href=\"https:\/\/cms.easyhvs.de\/kuhnlegmbhdev\/wp-content\/uploads\/sites\/20\/2022\/01\/Kunstwerk-gebogene-Konen_2-scaled.jpg\" title=\"\" data-rl_title=\"\" class=\"rl-gallery-link\" data-rl_caption=\"\" data-rel=\"lightbox-gallery-1\"><img loading=\"lazy\" decoding=\"async\" src=\"https:\/\/cms.easyhvs.de\/kuhnlegmbhdev\/wp-content\/uploads\/sites\/20\/2022\/01\/Kunstwerk-gebogene-Konen_2-169x300.jpg\" width=\"169\" height=\"300\" alt=\"Kuhnle GmbH, Werner Kuhnle, Metall-Stahlrohrtechnik, Rohr-Laserschneiden, Walzen, Biegen, Stahlbau, Stahlprofilen, R\u00f6hren, Blechen, Biege- und Walzanlagen, Rundrohrprofile, Brenntechnik, Schwei\u00dfnahtanfasung, Stra\u00dfburg, Deutschland, Schweiz, Stahlh\u00e4ndler, Schneiden, Metallverarbeitung, Stahlrohr, Edelstahl, Laserschneiden, Metallverarbeitung Edelstahl\"\/><\/a><\/div><div class=\"rl-gallery-item\"><a href=\"https:\/\/cms.easyhvs.de\/kuhnlegmbhdev\/wp-content\/uploads\/sites\/20\/2022\/01\/Kunstwerk-gebogene-Konen-Berlin-scaled.jpg\" title=\"\" data-rl_title=\"\" class=\"rl-gallery-link\" data-rl_caption=\"\" data-rel=\"lightbox-gallery-1\"><img loading=\"lazy\" decoding=\"async\" src=\"https:\/\/cms.easyhvs.de\/kuhnlegmbhdev\/wp-content\/uploads\/sites\/20\/2022\/01\/Kunstwerk-gebogene-Konen-Berlin-169x300.jpg\" width=\"169\" height=\"300\" alt=\"Kuhnle GmbH, Werner Kuhnle, Metall-Stahlrohrtechnik, Rohr-Laserschneiden, Walzen, Biegen, Stahlbau, Stahlprofilen, R\u00f6hren, Blechen, Biege- und Walzanlagen, Rundrohrprofile, Brenntechnik, Schwei\u00dfnahtanfasung, Stra\u00dfburg, Deutschland, Schweiz, Stahlh\u00e4ndler, Schneiden, Metallverarbeitung, Stahlrohr, Edelstahl, Laserschneiden, Metallverarbeitung Edelstahl\"\/><\/a><\/div> <\/div> <\/div><\/code><\/p>\n","protected":false},"excerpt":{"rendered":"","protected":false},"author":10,"featured_media":0,"parent":0,"menu_order":0,"comment_status":"closed","ping_status":"closed","template":"","meta":{"ocean_post_layout":"","ocean_both_sidebars_style":"","ocean_both_sidebars_content_width":0,"ocean_both_sidebars_sidebars_width":0,"ocean_sidebar":"0","ocean_second_sidebar":"0","ocean_disable_margins":"enable","ocean_add_body_class":"","ocean_shortcode_before_top_bar":"","ocean_shortcode_after_top_bar":"","ocean_shortcode_before_header":"","ocean_shortcode_after_header":"","ocean_has_shortcode":"","ocean_shortcode_after_title":"","ocean_shortcode_before_footer_widgets":"","ocean_shortcode_after_footer_widgets":"","ocean_shortcode_before_footer_bottom":"","ocean_shortcode_after_footer_bottom":"","ocean_display_top_bar":"default","ocean_display_header":"default","ocean_header_style":"","ocean_center_header_left_menu":"0","ocean_custom_header_template":"0","ocean_custom_logo":0,"ocean_custom_retina_logo":0,"ocean_custom_logo_max_width":0,"ocean_custom_logo_tablet_max_width":0,"ocean_custom_logo_mobile_max_width":0,"ocean_custom_logo_max_height":0,"ocean_custom_logo_tablet_max_height":0,"ocean_custom_logo_mobile_max_height":0,"ocean_header_custom_menu":"0","ocean_menu_typo_font_family":"0","ocean_menu_typo_font_subset":"","ocean_menu_typo_font_size":0,"ocean_menu_typo_font_size_tablet":0,"ocean_menu_typo_font_size_mobile":0,"ocean_menu_typo_font_size_unit":"px","ocean_menu_typo_font_weight":"","ocean_menu_typo_font_weight_tablet":"","ocean_menu_typo_font_weight_mobile":"","ocean_menu_typo_transform":"","ocean_menu_typo_transform_tablet":"","ocean_menu_typo_transform_mobile":"","ocean_menu_typo_line_height":0,"ocean_menu_typo_line_height_tablet":0,"ocean_menu_typo_line_height_mobile":0,"ocean_menu_typo_line_height_unit":"","ocean_menu_typo_spacing":0,"ocean_menu_typo_spacing_tablet":0,"ocean_menu_typo_spacing_mobile":0,"ocean_menu_typo_spacing_unit":"","ocean_menu_link_color":"","ocean_menu_link_color_hover":"","ocean_menu_link_color_active":"","ocean_menu_link_background":"","ocean_menu_link_hover_background":"","ocean_menu_link_active_background":"","ocean_menu_social_links_bg":"","ocean_menu_social_hover_links_bg":"","ocean_menu_social_links_color":"","ocean_menu_social_hover_links_color":"","ocean_disable_title":"default","ocean_disable_heading":"default","ocean_post_title":"","ocean_post_subheading":"","ocean_post_title_style":"","ocean_post_title_background_color":"","ocean_post_title_background":0,"ocean_post_title_bg_image_position":"","ocean_post_title_bg_image_attachment":"","ocean_post_title_bg_image_repeat":"","ocean_post_title_bg_image_size":"","ocean_post_title_height":0,"ocean_post_title_bg_overlay":0.5,"ocean_post_title_bg_overlay_color":"","ocean_disable_breadcrumbs":"default","ocean_breadcrumbs_color":"","ocean_breadcrumbs_separator_color":"","ocean_breadcrumbs_links_color":"","ocean_breadcrumbs_links_hover_color":"","ocean_display_footer_widgets":"default","ocean_display_footer_bottom":"default","ocean_custom_footer_template":"0","footnotes":""},"class_list":["post-984","page","type-page","status-publish","hentry","entry"],"yoast_head":"<!-- This site is optimized with the Yoast SEO plugin v27.5 - https:\/\/yoast.com\/product\/yoast-seo-wordpress\/ -->\n<title>Galerie Kunstobjekte - Kuhnle Gmbh<\/title>\n<meta name=\"description\" content=\"Im Bereich Biegen, Walzen und Laser-\/Plasmaschneiden von Stahl und Edelstahl werden auch mit unserer Hilfe Kunstobjekte hergestellt.\" \/>\n<meta name=\"robots\" content=\"index, follow, max-snippet:-1, max-image-preview:large, max-video-preview:-1\" \/>\n<link rel=\"canonical\" href=\"https:\/\/cms.easyhvs.de\/kuhnlegmbhdev\/galerie-kunstobjekte\/\" \/>\n<meta property=\"og:locale\" content=\"en_US\" \/>\n<meta property=\"og:type\" content=\"article\" \/>\n<meta property=\"og:title\" content=\"Galerie Kunstobjekte - Kuhnle Gmbh\" \/>\n<meta property=\"og:description\" content=\"Im Bereich Biegen, Walzen und Laser-\/Plasmaschneiden von Stahl und Edelstahl werden auch mit unserer Hilfe Kunstobjekte hergestellt.\" \/>\n<meta property=\"og:url\" content=\"https:\/\/cms.easyhvs.de\/kuhnlegmbhdev\/galerie-kunstobjekte\/\" \/>\n<meta property=\"og:site_name\" content=\"Kuhnle Gmbh\" \/>\n<meta property=\"article:modified_time\" content=\"2022-01-14T12:07:02+00:00\" \/>\n<meta name=\"twitter:card\" content=\"summary_large_image\" \/>\n<meta name=\"twitter:label1\" content=\"Est. reading time\" \/>\n\t<meta name=\"twitter:data1\" content=\"1 minute\" \/>\n<script type=\"application\/ld+json\" class=\"yoast-schema-graph\">{\"@context\":\"https:\\\/\\\/schema.org\",\"@graph\":[{\"@type\":\"WebPage\",\"@id\":\"https:\\\/\\\/cms.easyhvs.de\\\/kuhnlegmbhdev\\\/galerie-kunstobjekte\\\/\",\"url\":\"https:\\\/\\\/cms.easyhvs.de\\\/kuhnlegmbhdev\\\/galerie-kunstobjekte\\\/\",\"name\":\"Galerie Kunstobjekte - Kuhnle Gmbh\",\"isPartOf\":{\"@id\":\"https:\\\/\\\/cms.easyhvs.de\\\/kuhnlegmbhdev\\\/#website\"},\"datePublished\":\"2022-01-14T12:07:01+00:00\",\"dateModified\":\"2022-01-14T12:07:02+00:00\",\"description\":\"Im Bereich Biegen, Walzen und Laser-\\\/Plasmaschneiden von Stahl und Edelstahl werden auch mit unserer Hilfe Kunstobjekte hergestellt.\",\"breadcrumb\":{\"@id\":\"https:\\\/\\\/cms.easyhvs.de\\\/kuhnlegmbhdev\\\/galerie-kunstobjekte\\\/#breadcrumb\"},\"inLanguage\":\"en-US\",\"potentialAction\":[{\"@type\":\"ReadAction\",\"target\":[\"https:\\\/\\\/cms.easyhvs.de\\\/kuhnlegmbhdev\\\/galerie-kunstobjekte\\\/\"]}]},{\"@type\":\"BreadcrumbList\",\"@id\":\"https:\\\/\\\/cms.easyhvs.de\\\/kuhnlegmbhdev\\\/galerie-kunstobjekte\\\/#breadcrumb\",\"itemListElement\":[{\"@type\":\"ListItem\",\"position\":1,\"name\":\"Home\",\"item\":\"https:\\\/\\\/kuhnlegmbh.de\\\/\"},{\"@type\":\"ListItem\",\"position\":2,\"name\":\"Galerie Kunstobjekte\"}]},{\"@type\":\"WebSite\",\"@id\":\"https:\\\/\\\/cms.easyhvs.de\\\/kuhnlegmbhdev\\\/#website\",\"url\":\"https:\\\/\\\/cms.easyhvs.de\\\/kuhnlegmbhdev\\\/\",\"name\":\"Kuhnle Gmbh\",\"description\":\"Biegen und Walzen von Stahlprofilen, Rohren und Blechen, sowie Rohr-Laserschneiden\",\"publisher\":{\"@id\":\"https:\\\/\\\/cms.easyhvs.de\\\/kuhnlegmbhdev\\\/#organization\"},\"potentialAction\":[{\"@type\":\"SearchAction\",\"target\":{\"@type\":\"EntryPoint\",\"urlTemplate\":\"https:\\\/\\\/cms.easyhvs.de\\\/kuhnlegmbhdev\\\/?s={search_term_string}\"},\"query-input\":{\"@type\":\"PropertyValueSpecification\",\"valueRequired\":true,\"valueName\":\"search_term_string\"}}],\"inLanguage\":\"en-US\"},{\"@type\":\"Organization\",\"@id\":\"https:\\\/\\\/cms.easyhvs.de\\\/kuhnlegmbhdev\\\/#organization\",\"name\":\"Kuhnle Gmbh\",\"url\":\"https:\\\/\\\/cms.easyhvs.de\\\/kuhnlegmbhdev\\\/\",\"logo\":{\"@type\":\"ImageObject\",\"inLanguage\":\"en-US\",\"@id\":\"https:\\\/\\\/cms.easyhvs.de\\\/kuhnlegmbhdev\\\/#\\\/schema\\\/logo\\\/image\\\/\",\"url\":\"https:\\\/\\\/cms.easyhvs.de\\\/kuhnlegmbhdev\\\/wp-content\\\/uploads\\\/sites\\\/20\\\/2021\\\/02\\\/weku_banner_mobile.png\",\"contentUrl\":\"https:\\\/\\\/cms.easyhvs.de\\\/kuhnlegmbhdev\\\/wp-content\\\/uploads\\\/sites\\\/20\\\/2021\\\/02\\\/weku_banner_mobile.png\",\"width\":529,\"height\":198,\"caption\":\"Kuhnle Gmbh\"},\"image\":{\"@id\":\"https:\\\/\\\/cms.easyhvs.de\\\/kuhnlegmbhdev\\\/#\\\/schema\\\/logo\\\/image\\\/\"}}]}<\/script>\n<!-- \/ Yoast SEO plugin. -->","yoast_head_json":{"title":"Galerie Kunstobjekte - Kuhnle Gmbh","description":"Im Bereich Biegen, Walzen und Laser-\/Plasmaschneiden von Stahl und Edelstahl werden auch mit unserer Hilfe Kunstobjekte hergestellt.","robots":{"index":"index","follow":"follow","max-snippet":"max-snippet:-1","max-image-preview":"max-image-preview:large","max-video-preview":"max-video-preview:-1"},"canonical":"https:\/\/cms.easyhvs.de\/kuhnlegmbhdev\/galerie-kunstobjekte\/","og_locale":"en_US","og_type":"article","og_title":"Galerie Kunstobjekte - Kuhnle Gmbh","og_description":"Im Bereich Biegen, Walzen und Laser-\/Plasmaschneiden von Stahl und Edelstahl werden auch mit unserer Hilfe Kunstobjekte hergestellt.","og_url":"https:\/\/cms.easyhvs.de\/kuhnlegmbhdev\/galerie-kunstobjekte\/","og_site_name":"Kuhnle Gmbh","article_modified_time":"2022-01-14T12:07:02+00:00","twitter_card":"summary_large_image","twitter_misc":{"Est. reading time":"1 minute"},"schema":{"@context":"https:\/\/schema.org","@graph":[{"@type":"WebPage","@id":"https:\/\/cms.easyhvs.de\/kuhnlegmbhdev\/galerie-kunstobjekte\/","url":"https:\/\/cms.easyhvs.de\/kuhnlegmbhdev\/galerie-kunstobjekte\/","name":"Galerie Kunstobjekte - Kuhnle Gmbh","isPartOf":{"@id":"https:\/\/cms.easyhvs.de\/kuhnlegmbhdev\/#website"},"datePublished":"2022-01-14T12:07:01+00:00","dateModified":"2022-01-14T12:07:02+00:00","description":"Im Bereich Biegen, Walzen und Laser-\/Plasmaschneiden von Stahl und Edelstahl werden auch mit unserer Hilfe Kunstobjekte hergestellt.","breadcrumb":{"@id":"https:\/\/cms.easyhvs.de\/kuhnlegmbhdev\/galerie-kunstobjekte\/#breadcrumb"},"inLanguage":"en-US","potentialAction":[{"@type":"ReadAction","target":["https:\/\/cms.easyhvs.de\/kuhnlegmbhdev\/galerie-kunstobjekte\/"]}]},{"@type":"BreadcrumbList","@id":"https:\/\/cms.easyhvs.de\/kuhnlegmbhdev\/galerie-kunstobjekte\/#breadcrumb","itemListElement":[{"@type":"ListItem","position":1,"name":"Home","item":"https:\/\/kuhnlegmbh.de\/"},{"@type":"ListItem","position":2,"name":"Galerie Kunstobjekte"}]},{"@type":"WebSite","@id":"https:\/\/cms.easyhvs.de\/kuhnlegmbhdev\/#website","url":"https:\/\/cms.easyhvs.de\/kuhnlegmbhdev\/","name":"Kuhnle Gmbh","description":"Biegen und Walzen von Stahlprofilen, Rohren und Blechen, sowie Rohr-Laserschneiden","publisher":{"@id":"https:\/\/cms.easyhvs.de\/kuhnlegmbhdev\/#organization"},"potentialAction":[{"@type":"SearchAction","target":{"@type":"EntryPoint","urlTemplate":"https:\/\/cms.easyhvs.de\/kuhnlegmbhdev\/?s={search_term_string}"},"query-input":{"@type":"PropertyValueSpecification","valueRequired":true,"valueName":"search_term_string"}}],"inLanguage":"en-US"},{"@type":"Organization","@id":"https:\/\/cms.easyhvs.de\/kuhnlegmbhdev\/#organization","name":"Kuhnle Gmbh","url":"https:\/\/cms.easyhvs.de\/kuhnlegmbhdev\/","logo":{"@type":"ImageObject","inLanguage":"en-US","@id":"https:\/\/cms.easyhvs.de\/kuhnlegmbhdev\/#\/schema\/logo\/image\/","url":"https:\/\/cms.easyhvs.de\/kuhnlegmbhdev\/wp-content\/uploads\/sites\/20\/2021\/02\/weku_banner_mobile.png","contentUrl":"https:\/\/cms.easyhvs.de\/kuhnlegmbhdev\/wp-content\/uploads\/sites\/20\/2021\/02\/weku_banner_mobile.png","width":529,"height":198,"caption":"Kuhnle Gmbh"},"image":{"@id":"https:\/\/cms.easyhvs.de\/kuhnlegmbhdev\/#\/schema\/logo\/image\/"}}]}},"_links":{"self":[{"href":"https:\/\/cms.easyhvs.de\/kuhnlegmbhdev\/wp-json\/wp\/v2\/pages\/984","targetHints":{"allow":["GET"]}}],"collection":[{"href":"https:\/\/cms.easyhvs.de\/kuhnlegmbhdev\/wp-json\/wp\/v2\/pages"}],"about":[{"href":"https:\/\/cms.easyhvs.de\/kuhnlegmbhdev\/wp-json\/wp\/v2\/types\/page"}],"author":[{"embeddable":true,"href":"https:\/\/cms.easyhvs.de\/kuhnlegmbhdev\/wp-json\/wp\/v2\/users\/10"}],"replies":[{"embeddable":true,"href":"https:\/\/cms.easyhvs.de\/kuhnlegmbhdev\/wp-json\/wp\/v2\/comments?post=984"}],"version-history":[{"count":1,"href":"https:\/\/cms.easyhvs.de\/kuhnlegmbhdev\/wp-json\/wp\/v2\/pages\/984\/revisions"}],"predecessor-version":[{"id":985,"href":"https:\/\/cms.easyhvs.de\/kuhnlegmbhdev\/wp-json\/wp\/v2\/pages\/984\/revisions\/985"}],"wp:attachment":[{"href":"https:\/\/cms.easyhvs.de\/kuhnlegmbhdev\/wp-json\/wp\/v2\/media?parent=984"}],"curies":[{"name":"wp","href":"https:\/\/api.w.org\/{rel}","templated":true}]}}