{"id":9,"date":"2021-02-11T21:21:43","date_gmt":"2021-02-11T20:21:43","guid":{"rendered":"https:\/\/cms.easyhvs.de\/kuhnlegmbh\/?page_id=9"},"modified":"2022-01-14T11:25:41","modified_gmt":"2022-01-14T11:25:41","slug":"welcome","status":"publish","type":"page","link":"https:\/\/cms.easyhvs.de\/kuhnlegmbhdev\/","title":{"rendered":"Wir \u00fcber uns"},"content":{"rendered":"<p>Die Firma Kuhnle GmbH ist ein Handelshaus mit jahrelanger Erfahrung in den Bereichen Stahlrohre, Profilst\u00e4hle und Bleche. Probleml\u00f6sungen in diesen Bereichen sind f\u00fcr uns im Tagesgesch\u00e4ft Routine.<\/p>\n<p>Mit unseren Zulieferbetrieben, mit \u00fcber 35-j\u00e4hriger Erfahrung im Bereich Stahlbau, mit \u00fcber 25-j\u00e4hriger Erfahrung in den Bereichen Biegen und Walzen von Stahlprofilen, Rohren und Blechen, sowie im Rohr-Laserschneiden, liefern diese Firmen fachlich und qualitativ fundierte Arbeiten ab.<\/p>\n<p>Unsere fachliche Kompetenz im Bereich Profilbiegen liegt auch bei unseren gut ausgebildeten Mitarbeitern. Mit unserem modernen, technisch auf dem neuesten Stand arbeitenden Maschinenpark l\u00f6sen wir auch die schwierigsten Probleme.<\/p>\n<p>Im Bereich Biegen von Profilen und Rohren sowie beim Walzen von Blechen arbeiten wir mit Biege- und Walzanlagen auf dem aktuellen technischen Stand.<\/p>\n<p>Bei der Rohr-<u>Endenbearbeitung<\/u> u.a. beim Thermischen Trennen und Laserschneiden von Profilen, Rund-, Quadrat- und Rechteckrohren schneiden wir mit gesteuertem Brennkopf, 2 D oder 3 D Geometrie, auf dem neuesten techn. Standard, mit engen Toleranzen.<\/p>\n<p>Wir verf\u00fcgen \u00fcber eine gro\u00dfe Palette von Profilbiegeanlagen, darunter eine der gr\u00f6\u00dften Biegeanlagen Europas im Kaltbiegebereich. M\u00f6glichkeiten beim Kalt-biegen von Rundrohren bis zu einem Durchmesser von <strong>D = 813 mm.&nbsp; <\/strong><\/p>\n<p>Mit unseren S\u00e4geanlagen und Bearbeitungsm\u00f6glichkeiten k\u00f6nnen wir Ihre Profile und Rohre auf Segmentl\u00e4ngen schneiden.<\/p>\n<p>Unsere Kundschaft sch\u00e4tzt unseren p\u00fcnktlichen und kurzfristigen franko Haus Service durch die Zusammenarbeit mit zuverl\u00e4ssigen Speditionen.<\/p>\n<p>Unser Fertigungsstandort in der Region Grand Est (Elsass u. Lothringen) im Herzen Europas, erm\u00f6glicht schnellste Belieferung durch namhafte Europ\u00e4ische&nbsp; Stahlh\u00e4ndler in den Bereichen Stahlrohre, Profilst\u00e4hle und Bleche.<\/p>\n<p>Die Erfahrung unserer Biege- und Laser-Spezialisten erm\u00f6glicht es, Biegevorg\u00e4nge und das Laserschneiden in h\u00f6chster Pr\u00e4zision mit engen Toleranzen auszuf\u00fchren.<\/p>\n<p>Sprechen Sie uns an.<\/p>\n<p>Gerne erwarten wir im Bedarfsfall Ihre Kontaktaufnahme mit unserem B\u00fcro.<\/p>\n<p><strong>Ihre KUHNLE GMBH<\/strong><\/p>\n","protected":false},"excerpt":{"rendered":"<p>Die Firma Kuhnle GmbH ist ein Handelshaus mit jahrelanger Erfahrung in den Bereichen Stahlrohre, Profilst\u00e4hle und Bleche. Probleml\u00f6sungen in diesen Bereichen sind f\u00fcr uns im Tagesgesch\u00e4ft Routine. Mit unseren Zulieferbetrieben, mit \u00fcber 35-j\u00e4hriger Erfahrung im Bereich Stahlbau, mit \u00fcber 25-j\u00e4hriger Erfahrung in den Bereichen Biegen und Walzen von Stahlprofilen, Rohren und Blechen, sowie im Rohr-Laserschneiden, [&hellip;]<\/p>\n","protected":false},"author":2,"featured_media":0,"parent":0,"menu_order":0,"comment_status":"closed","ping_status":"closed","template":"","meta":{"ocean_post_layout":"","ocean_both_sidebars_style":"","ocean_both_sidebars_content_width":0,"ocean_both_sidebars_sidebars_width":0,"ocean_sidebar":"0","ocean_second_sidebar":"0","ocean_disable_margins":"enable","ocean_add_body_class":"","ocean_shortcode_before_top_bar":"","ocean_shortcode_after_top_bar":"","ocean_shortcode_before_header":"","ocean_shortcode_after_header":"","ocean_has_shortcode":"","ocean_shortcode_after_title":"","ocean_shortcode_before_footer_widgets":"","ocean_shortcode_after_footer_widgets":"","ocean_shortcode_before_footer_bottom":"","ocean_shortcode_after_footer_bottom":"","ocean_display_top_bar":"default","ocean_display_header":"default","ocean_header_style":"","ocean_center_header_left_menu":"0","ocean_custom_header_template":"0","ocean_custom_logo":0,"ocean_custom_retina_logo":0,"ocean_custom_logo_max_width":0,"ocean_custom_logo_tablet_max_width":0,"ocean_custom_logo_mobile_max_width":0,"ocean_custom_logo_max_height":0,"ocean_custom_logo_tablet_max_height":0,"ocean_custom_logo_mobile_max_height":0,"ocean_header_custom_menu":"0","ocean_menu_typo_font_family":"0","ocean_menu_typo_font_subset":"","ocean_menu_typo_font_size":0,"ocean_menu_typo_font_size_tablet":0,"ocean_menu_typo_font_size_mobile":0,"ocean_menu_typo_font_size_unit":"px","ocean_menu_typo_font_weight":"","ocean_menu_typo_font_weight_tablet":"","ocean_menu_typo_font_weight_mobile":"","ocean_menu_typo_transform":"","ocean_menu_typo_transform_tablet":"","ocean_menu_typo_transform_mobile":"","ocean_menu_typo_line_height":0,"ocean_menu_typo_line_height_tablet":0,"ocean_menu_typo_line_height_mobile":0,"ocean_menu_typo_line_height_unit":"","ocean_menu_typo_spacing":0,"ocean_menu_typo_spacing_tablet":0,"ocean_menu_typo_spacing_mobile":0,"ocean_menu_typo_spacing_unit":"","ocean_menu_link_color":"","ocean_menu_link_color_hover":"","ocean_menu_link_color_active":"","ocean_menu_link_background":"","ocean_menu_link_hover_background":"","ocean_menu_link_active_background":"","ocean_menu_social_links_bg":"","ocean_menu_social_hover_links_bg":"","ocean_menu_social_links_color":"","ocean_menu_social_hover_links_color":"","ocean_disable_title":"default","ocean_disable_heading":"default","ocean_post_title":"","ocean_post_subheading":"","ocean_post_title_style":"","ocean_post_title_background_color":"","ocean_post_title_background":0,"ocean_post_title_bg_image_position":"","ocean_post_title_bg_image_attachment":"","ocean_post_title_bg_image_repeat":"","ocean_post_title_bg_image_size":"","ocean_post_title_height":0,"ocean_post_title_bg_overlay":0.5,"ocean_post_title_bg_overlay_color":"","ocean_disable_breadcrumbs":"default","ocean_breadcrumbs_color":"","ocean_breadcrumbs_separator_color":"","ocean_breadcrumbs_links_color":"","ocean_breadcrumbs_links_hover_color":"","ocean_display_footer_widgets":"default","ocean_display_footer_bottom":"default","ocean_custom_footer_template":"0","footnotes":""},"class_list":["post-9","page","type-page","status-publish","hentry","entry"],"yoast_head":"<!-- This site is optimized with the Yoast SEO plugin v27.6 - https:\/\/yoast.com\/product\/yoast-seo-wordpress\/ -->\n<title>Wir \u00fcber uns - Kuhnle Gmbh<\/title>\n<meta name=\"description\" content=\"Die Firma Kuhnle GmbH ist im Bereich Walzen, Laserschneiden, Biegen und Metallverarbeitung von Stahlrohren, Edelstahl in vielen Gr\u00f6\u00dfen und St\u00e4rken bekannt.\" \/>\n<meta name=\"robots\" content=\"index, follow, max-snippet:-1, max-image-preview:large, max-video-preview:-1\" \/>\n<link rel=\"canonical\" href=\"https:\/\/www.kuhnlegmbh.de\/\" \/>\n<meta property=\"og:locale\" content=\"en_US\" \/>\n<meta property=\"og:type\" content=\"article\" \/>\n<meta property=\"og:title\" content=\"Wir \u00fcber uns - Kuhnle Gmbh\" \/>\n<meta property=\"og:description\" content=\"Die Firma Kuhnle GmbH ist im Bereich Walzen, Laserschneiden, Biegen und Metallverarbeitung von Stahlrohren, Edelstahl in vielen Gr\u00f6\u00dfen und St\u00e4rken bekannt.\" \/>\n<meta property=\"og:url\" content=\"https:\/\/www.kuhnlegmbh.de\/\" \/>\n<meta property=\"og:site_name\" content=\"Kuhnle Gmbh\" \/>\n<meta property=\"article:modified_time\" content=\"2022-01-14T11:25:41+00:00\" \/>\n<meta name=\"twitter:card\" content=\"summary_large_image\" \/>\n<meta name=\"twitter:label1\" content=\"Est. reading time\" \/>\n\t<meta name=\"twitter:data1\" content=\"2 minutes\" \/>\n<script type=\"application\/ld+json\" class=\"yoast-schema-graph\">{\"@context\":\"https:\\\/\\\/schema.org\",\"@graph\":[{\"@type\":\"WebPage\",\"@id\":\"https:\\\/\\\/www.kuhnlegmbh.de\\\/\",\"url\":\"https:\\\/\\\/www.kuhnlegmbh.de\\\/\",\"name\":\"Wir \u00fcber uns - Kuhnle Gmbh\",\"isPartOf\":{\"@id\":\"https:\\\/\\\/kuhnlegmbh.de\\\/#website\"},\"datePublished\":\"2021-02-11T20:21:43+00:00\",\"dateModified\":\"2022-01-14T11:25:41+00:00\",\"description\":\"Die Firma Kuhnle GmbH ist im Bereich Walzen, Laserschneiden, Biegen und Metallverarbeitung von Stahlrohren, Edelstahl in vielen Gr\u00f6\u00dfen und St\u00e4rken bekannt.\",\"breadcrumb\":{\"@id\":\"https:\\\/\\\/www.kuhnlegmbh.de\\\/#breadcrumb\"},\"inLanguage\":\"en-US\",\"potentialAction\":[{\"@type\":\"ReadAction\",\"target\":[\"https:\\\/\\\/www.kuhnlegmbh.de\\\/\"]}]},{\"@type\":\"BreadcrumbList\",\"@id\":\"https:\\\/\\\/www.kuhnlegmbh.de\\\/#breadcrumb\",\"itemListElement\":[{\"@type\":\"ListItem\",\"position\":1,\"name\":\"Home\",\"item\":\"https:\\\/\\\/www.kuhnlegmbh.de\\\/\"},{\"@type\":\"ListItem\",\"position\":2,\"name\":\"Wir \u00fcber uns\"}]},{\"@type\":\"WebSite\",\"@id\":\"https:\\\/\\\/kuhnlegmbh.de\\\/#website\",\"url\":\"https:\\\/\\\/kuhnlegmbh.de\\\/\",\"name\":\"Kuhnle Gmbh\",\"description\":\"Biegen und Walzen von Stahlprofilen, Rohren und Blechen, sowie Rohr-Laserschneiden\",\"publisher\":{\"@id\":\"https:\\\/\\\/kuhnlegmbh.de\\\/#organization\"},\"potentialAction\":[{\"@type\":\"SearchAction\",\"target\":{\"@type\":\"EntryPoint\",\"urlTemplate\":\"https:\\\/\\\/kuhnlegmbh.de\\\/?s={search_term_string}\"},\"query-input\":{\"@type\":\"PropertyValueSpecification\",\"valueRequired\":true,\"valueName\":\"search_term_string\"}}],\"inLanguage\":\"en-US\"},{\"@type\":\"Organization\",\"@id\":\"https:\\\/\\\/kuhnlegmbh.de\\\/#organization\",\"name\":\"Kuhnle Gmbh\",\"url\":\"https:\\\/\\\/kuhnlegmbh.de\\\/\",\"logo\":{\"@type\":\"ImageObject\",\"inLanguage\":\"en-US\",\"@id\":\"https:\\\/\\\/kuhnlegmbh.de\\\/#\\\/schema\\\/logo\\\/image\\\/\",\"url\":\"https:\\\/\\\/cms.easyhvs.de\\\/kuhnlegmbhdev\\\/wp-content\\\/uploads\\\/sites\\\/20\\\/2021\\\/02\\\/weku_banner_mobile.png\",\"contentUrl\":\"https:\\\/\\\/cms.easyhvs.de\\\/kuhnlegmbhdev\\\/wp-content\\\/uploads\\\/sites\\\/20\\\/2021\\\/02\\\/weku_banner_mobile.png\",\"width\":529,\"height\":198,\"caption\":\"Kuhnle Gmbh\"},\"image\":{\"@id\":\"https:\\\/\\\/kuhnlegmbh.de\\\/#\\\/schema\\\/logo\\\/image\\\/\"}}]}<\/script>\n<!-- \/ Yoast SEO plugin. -->","yoast_head_json":{"title":"Wir \u00fcber uns - Kuhnle Gmbh","description":"Die Firma Kuhnle GmbH ist im Bereich Walzen, Laserschneiden, Biegen und Metallverarbeitung von Stahlrohren, Edelstahl in vielen Gr\u00f6\u00dfen und St\u00e4rken bekannt.","robots":{"index":"index","follow":"follow","max-snippet":"max-snippet:-1","max-image-preview":"max-image-preview:large","max-video-preview":"max-video-preview:-1"},"canonical":"https:\/\/www.kuhnlegmbh.de\/","og_locale":"en_US","og_type":"article","og_title":"Wir \u00fcber uns - Kuhnle Gmbh","og_description":"Die Firma Kuhnle GmbH ist im Bereich Walzen, Laserschneiden, Biegen und Metallverarbeitung von Stahlrohren, Edelstahl in vielen Gr\u00f6\u00dfen und St\u00e4rken bekannt.","og_url":"https:\/\/www.kuhnlegmbh.de\/","og_site_name":"Kuhnle Gmbh","article_modified_time":"2022-01-14T11:25:41+00:00","twitter_card":"summary_large_image","twitter_misc":{"Est. reading time":"2 minutes"},"schema":{"@context":"https:\/\/schema.org","@graph":[{"@type":"WebPage","@id":"https:\/\/www.kuhnlegmbh.de\/","url":"https:\/\/www.kuhnlegmbh.de\/","name":"Wir \u00fcber uns - Kuhnle Gmbh","isPartOf":{"@id":"https:\/\/kuhnlegmbh.de\/#website"},"datePublished":"2021-02-11T20:21:43+00:00","dateModified":"2022-01-14T11:25:41+00:00","description":"Die Firma Kuhnle GmbH ist im Bereich Walzen, Laserschneiden, Biegen und Metallverarbeitung von Stahlrohren, Edelstahl in vielen Gr\u00f6\u00dfen und St\u00e4rken bekannt.","breadcrumb":{"@id":"https:\/\/www.kuhnlegmbh.de\/#breadcrumb"},"inLanguage":"en-US","potentialAction":[{"@type":"ReadAction","target":["https:\/\/www.kuhnlegmbh.de\/"]}]},{"@type":"BreadcrumbList","@id":"https:\/\/www.kuhnlegmbh.de\/#breadcrumb","itemListElement":[{"@type":"ListItem","position":1,"name":"Home","item":"https:\/\/www.kuhnlegmbh.de\/"},{"@type":"ListItem","position":2,"name":"Wir \u00fcber uns"}]},{"@type":"WebSite","@id":"https:\/\/kuhnlegmbh.de\/#website","url":"https:\/\/kuhnlegmbh.de\/","name":"Kuhnle Gmbh","description":"Biegen und Walzen von Stahlprofilen, Rohren und Blechen, sowie Rohr-Laserschneiden","publisher":{"@id":"https:\/\/kuhnlegmbh.de\/#organization"},"potentialAction":[{"@type":"SearchAction","target":{"@type":"EntryPoint","urlTemplate":"https:\/\/kuhnlegmbh.de\/?s={search_term_string}"},"query-input":{"@type":"PropertyValueSpecification","valueRequired":true,"valueName":"search_term_string"}}],"inLanguage":"en-US"},{"@type":"Organization","@id":"https:\/\/kuhnlegmbh.de\/#organization","name":"Kuhnle Gmbh","url":"https:\/\/kuhnlegmbh.de\/","logo":{"@type":"ImageObject","inLanguage":"en-US","@id":"https:\/\/kuhnlegmbh.de\/#\/schema\/logo\/image\/","url":"https:\/\/cms.easyhvs.de\/kuhnlegmbhdev\/wp-content\/uploads\/sites\/20\/2021\/02\/weku_banner_mobile.png","contentUrl":"https:\/\/cms.easyhvs.de\/kuhnlegmbhdev\/wp-content\/uploads\/sites\/20\/2021\/02\/weku_banner_mobile.png","width":529,"height":198,"caption":"Kuhnle Gmbh"},"image":{"@id":"https:\/\/kuhnlegmbh.de\/#\/schema\/logo\/image\/"}}]}},"_links":{"self":[{"href":"https:\/\/cms.easyhvs.de\/kuhnlegmbhdev\/wp-json\/wp\/v2\/pages\/9","targetHints":{"allow":["GET"]}}],"collection":[{"href":"https:\/\/cms.easyhvs.de\/kuhnlegmbhdev\/wp-json\/wp\/v2\/pages"}],"about":[{"href":"https:\/\/cms.easyhvs.de\/kuhnlegmbhdev\/wp-json\/wp\/v2\/types\/page"}],"author":[{"embeddable":true,"href":"https:\/\/cms.easyhvs.de\/kuhnlegmbhdev\/wp-json\/wp\/v2\/users\/2"}],"replies":[{"embeddable":true,"href":"https:\/\/cms.easyhvs.de\/kuhnlegmbhdev\/wp-json\/wp\/v2\/comments?post=9"}],"version-history":[{"count":6,"href":"https:\/\/cms.easyhvs.de\/kuhnlegmbhdev\/wp-json\/wp\/v2\/pages\/9\/revisions"}],"predecessor-version":[{"id":934,"href":"https:\/\/cms.easyhvs.de\/kuhnlegmbhdev\/wp-json\/wp\/v2\/pages\/9\/revisions\/934"}],"wp:attachment":[{"href":"https:\/\/cms.easyhvs.de\/kuhnlegmbhdev\/wp-json\/wp\/v2\/media?parent=9"}],"curies":[{"name":"wp","href":"https:\/\/api.w.org\/{rel}","templated":true}]}}