{"id":242,"date":"2021-02-23T15:38:58","date_gmt":"2021-02-23T14:38:58","guid":{"rendered":"https:\/\/cms.easyhvs.de\/kuhnlegmbh\/?page_id=242"},"modified":"2021-02-23T15:38:58","modified_gmt":"2021-02-23T14:38:58","slug":"impressum","status":"publish","type":"page","link":"https:\/\/cms.easyhvs.de\/kuhnlegmbhdev\/impressum\/","title":{"rendered":"Impressum"},"content":{"rendered":"[fsn_row][fsn_column width=&#8221;12&#8243;][fsn_text padding=&#8221;{#fsnquot;top#fsnquot;:#fsnquot;20px#fsnquot;,#fsnquot;bottom#fsnquot;:#fsnquot;20px#fsnquot;}&#8221;]\n<h2>Impressum<\/h2>\n<p><strong>Verantwortlich f\u00fcr den Inhalt:<\/strong><\/p>\n<p>Kuhnle GmbH, Metall- Stahlrohrtechnik<br \/>\nWerner Kuhnle<\/p>\n<p>Schillerstr. 58, 75417 M\u00fchlacker<br \/>\nTelefon: +49 (0) 7041 2657<br \/>\nTelefax: +49 (0) 7041 860362<br \/>\nMobil: +49 (0) 172 7376143<br \/>\nE-Mail: info@kuhnlegmbh.de<\/p>\n<p>Registergericht: Amtsgericht Freiburg<br \/>\nRegisternummer:<\/p>\n<p><strong>Haftungsausschluss:<\/strong><\/p>\n<p>Trotz sorgf\u00e4ltiger inhaltlicher Kontrolle externer Links \u00fcbernehmen wir f\u00fcr deren Inhalte keine Haftung. F\u00fcr die Inhalte der verlinkten Seiten sind ausschlie\u00dflich deren Betreiber verantwortlich.<\/p>\n[\/fsn_text][\/fsn_column][\/fsn_row]\n","protected":false},"excerpt":{"rendered":"<p>[fsn_row][fsn_column width=&#8221;12&#8243;][fsn_text padding=&#8221;{#fsnquot;top#fsnquot;:#fsnquot;20px#fsnquot;,#fsnquot;bottom#fsnquot;:#fsnquot;20px#fsnquot;}&#8221;] Impressum Verantwortlich f\u00fcr den Inhalt: Kuhnle GmbH, Metall- Stahlrohrtechnik Werner Kuhnle Schillerstr. 58, 75417 M\u00fchlacker Telefon: +49 (0) 7041 2657 Telefax: +49 (0) 7041 860362 Mobil: +49 (0) 172 7376143 E-Mail: info@kuhnlegmbh.de Registergericht: Amtsgericht Freiburg Registernummer: Haftungsausschluss: Trotz sorgf\u00e4ltiger inhaltlicher Kontrolle externer Links \u00fcbernehmen wir f\u00fcr deren Inhalte keine Haftung. F\u00fcr die [&hellip;]<\/p>\n","protected":false},"author":2,"featured_media":0,"parent":0,"menu_order":0,"comment_status":"closed","ping_status":"closed","template":"","meta":{"ocean_post_layout":"","ocean_both_sidebars_style":"","ocean_both_sidebars_content_width":0,"ocean_both_sidebars_sidebars_width":0,"ocean_sidebar":"","ocean_second_sidebar":"","ocean_disable_margins":"enable","ocean_add_body_class":"","ocean_shortcode_before_top_bar":"","ocean_shortcode_after_top_bar":"","ocean_shortcode_before_header":"","ocean_shortcode_after_header":"","ocean_has_shortcode":"","ocean_shortcode_after_title":"","ocean_shortcode_before_footer_widgets":"","ocean_shortcode_after_footer_widgets":"","ocean_shortcode_before_footer_bottom":"","ocean_shortcode_after_footer_bottom":"","ocean_display_top_bar":"default","ocean_display_header":"default","ocean_header_style":"","ocean_center_header_left_menu":"","ocean_custom_header_template":"","ocean_custom_logo":0,"ocean_custom_retina_logo":0,"ocean_custom_logo_max_width":0,"ocean_custom_logo_tablet_max_width":0,"ocean_custom_logo_mobile_max_width":0,"ocean_custom_logo_max_height":0,"ocean_custom_logo_tablet_max_height":0,"ocean_custom_logo_mobile_max_height":0,"ocean_header_custom_menu":"","ocean_menu_typo_font_family":"","ocean_menu_typo_font_subset":"","ocean_menu_typo_font_size":0,"ocean_menu_typo_font_size_tablet":0,"ocean_menu_typo_font_size_mobile":0,"ocean_menu_typo_font_size_unit":"px","ocean_menu_typo_font_weight":"","ocean_menu_typo_font_weight_tablet":"","ocean_menu_typo_font_weight_mobile":"","ocean_menu_typo_transform":"","ocean_menu_typo_transform_tablet":"","ocean_menu_typo_transform_mobile":"","ocean_menu_typo_line_height":0,"ocean_menu_typo_line_height_tablet":0,"ocean_menu_typo_line_height_mobile":0,"ocean_menu_typo_line_height_unit":"","ocean_menu_typo_spacing":0,"ocean_menu_typo_spacing_tablet":0,"ocean_menu_typo_spacing_mobile":0,"ocean_menu_typo_spacing_unit":"","ocean_menu_link_color":"","ocean_menu_link_color_hover":"","ocean_menu_link_color_active":"","ocean_menu_link_background":"","ocean_menu_link_hover_background":"","ocean_menu_link_active_background":"","ocean_menu_social_links_bg":"","ocean_menu_social_hover_links_bg":"","ocean_menu_social_links_color":"","ocean_menu_social_hover_links_color":"","ocean_disable_title":"default","ocean_disable_heading":"default","ocean_post_title":"","ocean_post_subheading":"","ocean_post_title_style":"","ocean_post_title_background_color":"","ocean_post_title_background":0,"ocean_post_title_bg_image_position":"","ocean_post_title_bg_image_attachment":"","ocean_post_title_bg_image_repeat":"","ocean_post_title_bg_image_size":"","ocean_post_title_height":0,"ocean_post_title_bg_overlay":0.5,"ocean_post_title_bg_overlay_color":"","ocean_disable_breadcrumbs":"default","ocean_breadcrumbs_color":"","ocean_breadcrumbs_separator_color":"","ocean_breadcrumbs_links_color":"","ocean_breadcrumbs_links_hover_color":"","ocean_display_footer_widgets":"default","ocean_display_footer_bottom":"default","ocean_custom_footer_template":"","footnotes":""},"class_list":["post-242","page","type-page","status-publish","hentry","entry"],"yoast_head":"<!-- This site is optimized with the Yoast SEO plugin v27.5 - https:\/\/yoast.com\/product\/yoast-seo-wordpress\/ -->\n<title>Impressum - Kuhnle Gmbh<\/title>\n<meta name=\"robots\" content=\"index, follow, max-snippet:-1, max-image-preview:large, max-video-preview:-1\" \/>\n<link rel=\"canonical\" href=\"https:\/\/kuhnlegmbh.de\/impressum\/\" \/>\n<meta property=\"og:locale\" content=\"en_US\" \/>\n<meta property=\"og:type\" content=\"article\" \/>\n<meta property=\"og:title\" content=\"Impressum - Kuhnle Gmbh\" \/>\n<meta property=\"og:description\" content=\"[fsn_row][fsn_column width=&#8221;12&#8243;][fsn_text padding=&#8221;{#fsnquot;top#fsnquot;:#fsnquot;20px#fsnquot;,#fsnquot;bottom#fsnquot;:#fsnquot;20px#fsnquot;}&#8221;] Impressum Verantwortlich f\u00fcr den Inhalt: Kuhnle GmbH, Metall- Stahlrohrtechnik Werner Kuhnle Schillerstr. 58, 75417 M\u00fchlacker Telefon: +49 (0) 7041 2657 Telefax: +49 (0) 7041 860362 Mobil: +49 (0) 172 7376143 E-Mail: info@kuhnlegmbh.de Registergericht: Amtsgericht Freiburg Registernummer: Haftungsausschluss: Trotz sorgf\u00e4ltiger inhaltlicher Kontrolle externer Links \u00fcbernehmen wir f\u00fcr deren Inhalte keine Haftung. F\u00fcr die [&hellip;]\" \/>\n<meta property=\"og:url\" content=\"https:\/\/kuhnlegmbh.de\/impressum\/\" \/>\n<meta property=\"og:site_name\" content=\"Kuhnle Gmbh\" \/>\n<meta name=\"twitter:card\" content=\"summary_large_image\" \/>\n<script type=\"application\/ld+json\" class=\"yoast-schema-graph\">{\"@context\":\"https:\\\/\\\/schema.org\",\"@graph\":[{\"@type\":\"WebPage\",\"@id\":\"https:\\\/\\\/kuhnlegmbh.de\\\/impressum\\\/\",\"url\":\"https:\\\/\\\/kuhnlegmbh.de\\\/impressum\\\/\",\"name\":\"Impressum - Kuhnle Gmbh\",\"isPartOf\":{\"@id\":\"https:\\\/\\\/cms.easyhvs.de\\\/kuhnlegmbhdev\\\/#website\"},\"datePublished\":\"2021-02-23T14:38:58+00:00\",\"breadcrumb\":{\"@id\":\"https:\\\/\\\/kuhnlegmbh.de\\\/impressum\\\/#breadcrumb\"},\"inLanguage\":\"en-US\",\"potentialAction\":[{\"@type\":\"ReadAction\",\"target\":[\"https:\\\/\\\/kuhnlegmbh.de\\\/impressum\\\/\"]}]},{\"@type\":\"BreadcrumbList\",\"@id\":\"https:\\\/\\\/kuhnlegmbh.de\\\/impressum\\\/#breadcrumb\",\"itemListElement\":[{\"@type\":\"ListItem\",\"position\":1,\"name\":\"Home\",\"item\":\"https:\\\/\\\/kuhnlegmbh.de\\\/\"},{\"@type\":\"ListItem\",\"position\":2,\"name\":\"Impressum\"}]},{\"@type\":\"WebSite\",\"@id\":\"https:\\\/\\\/cms.easyhvs.de\\\/kuhnlegmbhdev\\\/#website\",\"url\":\"https:\\\/\\\/cms.easyhvs.de\\\/kuhnlegmbhdev\\\/\",\"name\":\"Kuhnle Gmbh\",\"description\":\"Biegen und Walzen von Stahlprofilen, Rohren und Blechen, sowie Rohr-Laserschneiden\",\"publisher\":{\"@id\":\"https:\\\/\\\/cms.easyhvs.de\\\/kuhnlegmbhdev\\\/#organization\"},\"potentialAction\":[{\"@type\":\"SearchAction\",\"target\":{\"@type\":\"EntryPoint\",\"urlTemplate\":\"https:\\\/\\\/cms.easyhvs.de\\\/kuhnlegmbhdev\\\/?s={search_term_string}\"},\"query-input\":{\"@type\":\"PropertyValueSpecification\",\"valueRequired\":true,\"valueName\":\"search_term_string\"}}],\"inLanguage\":\"en-US\"},{\"@type\":\"Organization\",\"@id\":\"https:\\\/\\\/cms.easyhvs.de\\\/kuhnlegmbhdev\\\/#organization\",\"name\":\"Kuhnle Gmbh\",\"url\":\"https:\\\/\\\/cms.easyhvs.de\\\/kuhnlegmbhdev\\\/\",\"logo\":{\"@type\":\"ImageObject\",\"inLanguage\":\"en-US\",\"@id\":\"https:\\\/\\\/cms.easyhvs.de\\\/kuhnlegmbhdev\\\/#\\\/schema\\\/logo\\\/image\\\/\",\"url\":\"https:\\\/\\\/cms.easyhvs.de\\\/kuhnlegmbhdev\\\/wp-content\\\/uploads\\\/sites\\\/20\\\/2021\\\/02\\\/weku_banner_mobile.png\",\"contentUrl\":\"https:\\\/\\\/cms.easyhvs.de\\\/kuhnlegmbhdev\\\/wp-content\\\/uploads\\\/sites\\\/20\\\/2021\\\/02\\\/weku_banner_mobile.png\",\"width\":529,\"height\":198,\"caption\":\"Kuhnle Gmbh\"},\"image\":{\"@id\":\"https:\\\/\\\/cms.easyhvs.de\\\/kuhnlegmbhdev\\\/#\\\/schema\\\/logo\\\/image\\\/\"}}]}<\/script>\n<!-- \/ Yoast SEO plugin. -->","yoast_head_json":{"title":"Impressum - Kuhnle Gmbh","robots":{"index":"index","follow":"follow","max-snippet":"max-snippet:-1","max-image-preview":"max-image-preview:large","max-video-preview":"max-video-preview:-1"},"canonical":"https:\/\/kuhnlegmbh.de\/impressum\/","og_locale":"en_US","og_type":"article","og_title":"Impressum - Kuhnle Gmbh","og_description":"[fsn_row][fsn_column width=&#8221;12&#8243;][fsn_text padding=&#8221;{#fsnquot;top#fsnquot;:#fsnquot;20px#fsnquot;,#fsnquot;bottom#fsnquot;:#fsnquot;20px#fsnquot;}&#8221;] Impressum Verantwortlich f\u00fcr den Inhalt: Kuhnle GmbH, Metall- Stahlrohrtechnik Werner Kuhnle Schillerstr. 58, 75417 M\u00fchlacker Telefon: +49 (0) 7041 2657 Telefax: +49 (0) 7041 860362 Mobil: +49 (0) 172 7376143 E-Mail: info@kuhnlegmbh.de Registergericht: Amtsgericht Freiburg Registernummer: Haftungsausschluss: Trotz sorgf\u00e4ltiger inhaltlicher Kontrolle externer Links \u00fcbernehmen wir f\u00fcr deren Inhalte keine Haftung. F\u00fcr die [&hellip;]","og_url":"https:\/\/kuhnlegmbh.de\/impressum\/","og_site_name":"Kuhnle Gmbh","twitter_card":"summary_large_image","schema":{"@context":"https:\/\/schema.org","@graph":[{"@type":"WebPage","@id":"https:\/\/kuhnlegmbh.de\/impressum\/","url":"https:\/\/kuhnlegmbh.de\/impressum\/","name":"Impressum - Kuhnle Gmbh","isPartOf":{"@id":"https:\/\/cms.easyhvs.de\/kuhnlegmbhdev\/#website"},"datePublished":"2021-02-23T14:38:58+00:00","breadcrumb":{"@id":"https:\/\/kuhnlegmbh.de\/impressum\/#breadcrumb"},"inLanguage":"en-US","potentialAction":[{"@type":"ReadAction","target":["https:\/\/kuhnlegmbh.de\/impressum\/"]}]},{"@type":"BreadcrumbList","@id":"https:\/\/kuhnlegmbh.de\/impressum\/#breadcrumb","itemListElement":[{"@type":"ListItem","position":1,"name":"Home","item":"https:\/\/kuhnlegmbh.de\/"},{"@type":"ListItem","position":2,"name":"Impressum"}]},{"@type":"WebSite","@id":"https:\/\/cms.easyhvs.de\/kuhnlegmbhdev\/#website","url":"https:\/\/cms.easyhvs.de\/kuhnlegmbhdev\/","name":"Kuhnle Gmbh","description":"Biegen und Walzen von Stahlprofilen, Rohren und Blechen, sowie Rohr-Laserschneiden","publisher":{"@id":"https:\/\/cms.easyhvs.de\/kuhnlegmbhdev\/#organization"},"potentialAction":[{"@type":"SearchAction","target":{"@type":"EntryPoint","urlTemplate":"https:\/\/cms.easyhvs.de\/kuhnlegmbhdev\/?s={search_term_string}"},"query-input":{"@type":"PropertyValueSpecification","valueRequired":true,"valueName":"search_term_string"}}],"inLanguage":"en-US"},{"@type":"Organization","@id":"https:\/\/cms.easyhvs.de\/kuhnlegmbhdev\/#organization","name":"Kuhnle Gmbh","url":"https:\/\/cms.easyhvs.de\/kuhnlegmbhdev\/","logo":{"@type":"ImageObject","inLanguage":"en-US","@id":"https:\/\/cms.easyhvs.de\/kuhnlegmbhdev\/#\/schema\/logo\/image\/","url":"https:\/\/cms.easyhvs.de\/kuhnlegmbhdev\/wp-content\/uploads\/sites\/20\/2021\/02\/weku_banner_mobile.png","contentUrl":"https:\/\/cms.easyhvs.de\/kuhnlegmbhdev\/wp-content\/uploads\/sites\/20\/2021\/02\/weku_banner_mobile.png","width":529,"height":198,"caption":"Kuhnle Gmbh"},"image":{"@id":"https:\/\/cms.easyhvs.de\/kuhnlegmbhdev\/#\/schema\/logo\/image\/"}}]}},"_links":{"self":[{"href":"https:\/\/cms.easyhvs.de\/kuhnlegmbhdev\/wp-json\/wp\/v2\/pages\/242","targetHints":{"allow":["GET"]}}],"collection":[{"href":"https:\/\/cms.easyhvs.de\/kuhnlegmbhdev\/wp-json\/wp\/v2\/pages"}],"about":[{"href":"https:\/\/cms.easyhvs.de\/kuhnlegmbhdev\/wp-json\/wp\/v2\/types\/page"}],"author":[{"embeddable":true,"href":"https:\/\/cms.easyhvs.de\/kuhnlegmbhdev\/wp-json\/wp\/v2\/users\/2"}],"replies":[{"embeddable":true,"href":"https:\/\/cms.easyhvs.de\/kuhnlegmbhdev\/wp-json\/wp\/v2\/comments?post=242"}],"version-history":[{"count":0,"href":"https:\/\/cms.easyhvs.de\/kuhnlegmbhdev\/wp-json\/wp\/v2\/pages\/242\/revisions"}],"wp:attachment":[{"href":"https:\/\/cms.easyhvs.de\/kuhnlegmbhdev\/wp-json\/wp\/v2\/media?parent=242"}],"curies":[{"name":"wp","href":"https:\/\/api.w.org\/{rel}","templated":true}]}}