{"id":209,"date":"2021-02-22T21:09:54","date_gmt":"2021-02-22T20:09:54","guid":{"rendered":"https:\/\/cms.easyhvs.de\/kuhnlegmbh\/?page_id=209"},"modified":"2022-01-14T11:29:03","modified_gmt":"2022-01-14T11:29:03","slug":"leistungsprofile","status":"publish","type":"page","link":"https:\/\/cms.easyhvs.de\/kuhnlegmbhdev\/leistungsprofile\/","title":{"rendered":"Biegen von Stahltr\u00e4gern, Stahlprofilen &amp; Rohren"},"content":{"rendered":"[fsn_image image_id=&#8221;354&#8243; image_align=&#8221;align-left&#8221; image_style=&#8221;img-default&#8221; image_size=&#8221;full&#8221; margin=&#8221;{#fsnquot;bottom#fsnquot;:#fsnquot;30px#fsnquot;}&#8221;][\/fsn_image][fsn_text padding=&#8221;{#fsnquot;bottom#fsnquot;:#fsnquot;20px#fsnquot;}&#8221;]\n<table id=\"resp\">\n<tbody>\n<tr>\n<td width=\"40%\">Stahltr\u00e4ger (schwache Achse)<\/td>\n<td>IPE 80 bis IPE 600<br \/>\nHE 100 bis HE 1000<\/td>\n<\/tr>\n<tr>\n<td>Stahltr\u00e4ger (starke Achse)<\/td>\n<td>IPE 80 bis IPE 600<br \/>\nHEA 100 bis HEA 1000<br \/>\nHEB 100 bis HEB 1000<br \/>\nHEM 100 bis HEM 700<\/td>\n<\/tr>\n<tr>\n<td>U-Profil (Flansche nach innen\/nach au\u00dfen)<\/td>\n<td>UNP 80 bis UNP 400<\/td>\n<\/tr>\n<tr>\n<td>Rundrohre nahtlos o. geschwei\u00dft<\/td>\n<td>D&nbsp;=&nbsp;21.3&nbsp;mm bis D&nbsp;=&nbsp;355.6&nbsp;mm<br \/>\nD&nbsp;=&nbsp;406,4&nbsp;mm; D&nbsp;=&nbsp;457,0&nbsp;mm; D&nbsp;=&nbsp;508&nbsp;mm<br \/>\nD&nbsp;=&nbsp;559,0&nbsp;mm; D&nbsp;=&nbsp;610,0&nbsp;mm;<br \/>\nD&nbsp;=&nbsp;711&nbsp;mm; D&nbsp;=&nbsp;813&nbsp;mm<\/td>\n<\/tr>\n<tr>\n<td>Flachstahl hochkant gerollt (Ringe)<\/td>\n<td>500 mm \u2013 Dicke 150&nbsp;mm<\/td>\n<\/tr>\n<tr>\n<td>Flachstahl hochkant gerollt (Flanschen)<\/td>\n<td>400 mm \u2013 Dicke 200&nbsp;mm<\/td>\n<\/tr>\n<tr>\n<td>Vierkantstahl<\/td>\n<td>300 x 300&nbsp;mm<\/td>\n<\/tr>\n<tr>\n<td>Hohlprofil quadratisch<\/td>\n<td>ab 40 x 40 bis 400&nbsp;x&nbsp;400&nbsp;x&nbsp;20&nbsp;mm<\/td>\n<\/tr>\n<tr>\n<td>Hohlprofil rechteckig<\/td>\n<td>ab 50 x 30 bis 500&nbsp;x&nbsp;300&nbsp;x&nbsp;20&nbsp;mm<\/td>\n<\/tr>\n<tr>\n<td>Winkelprofil (Schenkel nach innen\/nach au\u00dfen)<\/td>\n<td>200 x 200 x 20&nbsp;mm<\/td>\n<\/tr>\n<tr>\n<td>Sonderwalzungen<\/td>\n<td>auf Anfrage<\/td>\n<\/tr>\n<tr>\n<td>Weitere Verarbeitungs\u00adm\u00f6glichkeiten:<\/td>\n<td>T-Profile; halbe Stahltr\u00e4ger, Rundmaterial<\/td>\n<\/tr>\n<tr>\n<td colspan=\"2\">Minimale Radien:<br \/>\nDie Bestimmung oder Ausf\u00fchrung minimaler Radien kann nur anhand von Pr\u00fcfergebnissen erfolgen, die mit Hilfe vorhergehender Produktl\u00f6sungen erstellt werden.<\/td>\n<\/tr>\n<\/tbody>\n<\/table>\n<p><a href=\"https:\/\/cms.easyhvs.de\/kuhnlegmbhdev\/biegen\/\">Galerie Biegen<\/a><\/p>\n","protected":false},"excerpt":{"rendered":"<p>[fsn_image image_id=&#8221;354&#8243; image_align=&#8221;align-left&#8221; image_style=&#8221;img-default&#8221; image_size=&#8221;full&#8221; margin=&#8221;{#fsnquot;bottom#fsnquot;:#fsnquot;30px#fsnquot;}&#8221;][\/fsn_image][fsn_text padding=&#8221;{#fsnquot;bottom#fsnquot;:#fsnquot;20px#fsnquot;}&#8221;] Stahltr\u00e4ger (schwache Achse) IPE 80 bis IPE 600 HE 100 bis HE 1000 Stahltr\u00e4ger (starke Achse) IPE 80 bis IPE 600 HEA 100 bis HEA 1000 HEB 100 bis HEB 1000 HEM 100 bis HEM 700 U-Profil (Flansche nach innen\/nach au\u00dfen) UNP 80 bis UNP 400 Rundrohre nahtlos [&hellip;]<\/p>\n","protected":false},"author":2,"featured_media":0,"parent":0,"menu_order":0,"comment_status":"closed","ping_status":"closed","template":"","meta":{"ocean_post_layout":"","ocean_both_sidebars_style":"","ocean_both_sidebars_content_width":0,"ocean_both_sidebars_sidebars_width":0,"ocean_sidebar":"0","ocean_second_sidebar":"0","ocean_disable_margins":"enable","ocean_add_body_class":"","ocean_shortcode_before_top_bar":"","ocean_shortcode_after_top_bar":"","ocean_shortcode_before_header":"","ocean_shortcode_after_header":"","ocean_has_shortcode":"","ocean_shortcode_after_title":"","ocean_shortcode_before_footer_widgets":"","ocean_shortcode_after_footer_widgets":"","ocean_shortcode_before_footer_bottom":"","ocean_shortcode_after_footer_bottom":"","ocean_display_top_bar":"default","ocean_display_header":"default","ocean_header_style":"","ocean_center_header_left_menu":"0","ocean_custom_header_template":"0","ocean_custom_logo":0,"ocean_custom_retina_logo":0,"ocean_custom_logo_max_width":0,"ocean_custom_logo_tablet_max_width":0,"ocean_custom_logo_mobile_max_width":0,"ocean_custom_logo_max_height":0,"ocean_custom_logo_tablet_max_height":0,"ocean_custom_logo_mobile_max_height":0,"ocean_header_custom_menu":"0","ocean_menu_typo_font_family":"0","ocean_menu_typo_font_subset":"","ocean_menu_typo_font_size":0,"ocean_menu_typo_font_size_tablet":0,"ocean_menu_typo_font_size_mobile":0,"ocean_menu_typo_font_size_unit":"px","ocean_menu_typo_font_weight":"","ocean_menu_typo_font_weight_tablet":"","ocean_menu_typo_font_weight_mobile":"","ocean_menu_typo_transform":"","ocean_menu_typo_transform_tablet":"","ocean_menu_typo_transform_mobile":"","ocean_menu_typo_line_height":0,"ocean_menu_typo_line_height_tablet":0,"ocean_menu_typo_line_height_mobile":0,"ocean_menu_typo_line_height_unit":"","ocean_menu_typo_spacing":0,"ocean_menu_typo_spacing_tablet":0,"ocean_menu_typo_spacing_mobile":0,"ocean_menu_typo_spacing_unit":"","ocean_menu_link_color":"","ocean_menu_link_color_hover":"","ocean_menu_link_color_active":"","ocean_menu_link_background":"","ocean_menu_link_hover_background":"","ocean_menu_link_active_background":"","ocean_menu_social_links_bg":"","ocean_menu_social_hover_links_bg":"","ocean_menu_social_links_color":"","ocean_menu_social_hover_links_color":"","ocean_disable_title":"default","ocean_disable_heading":"default","ocean_post_title":"","ocean_post_subheading":"","ocean_post_title_style":"","ocean_post_title_background_color":"","ocean_post_title_background":0,"ocean_post_title_bg_image_position":"","ocean_post_title_bg_image_attachment":"","ocean_post_title_bg_image_repeat":"","ocean_post_title_bg_image_size":"","ocean_post_title_height":0,"ocean_post_title_bg_overlay":0.5,"ocean_post_title_bg_overlay_color":"","ocean_disable_breadcrumbs":"default","ocean_breadcrumbs_color":"","ocean_breadcrumbs_separator_color":"","ocean_breadcrumbs_links_color":"","ocean_breadcrumbs_links_hover_color":"","ocean_display_footer_widgets":"default","ocean_display_footer_bottom":"default","ocean_custom_footer_template":"0","footnotes":""},"class_list":["post-209","page","type-page","status-publish","hentry","entry"],"yoast_head":"<!-- This site is optimized with the Yoast SEO plugin v27.5 - https:\/\/yoast.com\/product\/yoast-seo-wordpress\/ -->\n<title>Biegen von Stahltr\u00e4gern, Stahlprofilen &amp; Rohren - Kuhnle Gmbh<\/title>\n<meta name=\"description\" content=\"Biegen von Stahltr\u00e4gern, Stahlprofilen und Rohren. Sollten Sie bestimmte Durchmesser oder L\u00e4ngen nicht finden, schicken Sie uns eine Anfrage.\" \/>\n<meta name=\"robots\" content=\"index, follow, max-snippet:-1, max-image-preview:large, max-video-preview:-1\" \/>\n<link rel=\"canonical\" href=\"https:\/\/kuhnlegmbh.de\/leistungsprofile\/\" \/>\n<meta property=\"og:locale\" content=\"en_US\" \/>\n<meta property=\"og:type\" content=\"article\" \/>\n<meta property=\"og:title\" content=\"Biegen von Stahltr\u00e4gern, Stahlprofilen &amp; Rohren - Kuhnle Gmbh\" \/>\n<meta property=\"og:description\" content=\"Biegen von Stahltr\u00e4gern, Stahlprofilen und Rohren. Sollten Sie bestimmte Durchmesser oder L\u00e4ngen nicht finden, schicken Sie uns eine Anfrage.\" \/>\n<meta property=\"og:url\" content=\"https:\/\/kuhnlegmbh.de\/leistungsprofile\/\" \/>\n<meta property=\"og:site_name\" content=\"Kuhnle Gmbh\" \/>\n<meta property=\"article:modified_time\" content=\"2022-01-14T11:29:03+00:00\" \/>\n<meta name=\"twitter:card\" content=\"summary_large_image\" \/>\n<meta name=\"twitter:label1\" content=\"Est. reading time\" \/>\n\t<meta name=\"twitter:data1\" content=\"1 minute\" \/>\n<script type=\"application\/ld+json\" class=\"yoast-schema-graph\">{\"@context\":\"https:\\\/\\\/schema.org\",\"@graph\":[{\"@type\":\"WebPage\",\"@id\":\"https:\\\/\\\/kuhnlegmbh.de\\\/leistungsprofile\\\/\",\"url\":\"https:\\\/\\\/kuhnlegmbh.de\\\/leistungsprofile\\\/\",\"name\":\"Biegen von Stahltr\u00e4gern, Stahlprofilen &amp; Rohren - Kuhnle Gmbh\",\"isPartOf\":{\"@id\":\"https:\\\/\\\/cms.easyhvs.de\\\/kuhnlegmbhdev\\\/#website\"},\"datePublished\":\"2021-02-22T20:09:54+00:00\",\"dateModified\":\"2022-01-14T11:29:03+00:00\",\"description\":\"Biegen von Stahltr\u00e4gern, Stahlprofilen und Rohren. Sollten Sie bestimmte Durchmesser oder L\u00e4ngen nicht finden, schicken Sie uns eine Anfrage.\",\"breadcrumb\":{\"@id\":\"https:\\\/\\\/kuhnlegmbh.de\\\/leistungsprofile\\\/#breadcrumb\"},\"inLanguage\":\"en-US\",\"potentialAction\":[{\"@type\":\"ReadAction\",\"target\":[\"https:\\\/\\\/kuhnlegmbh.de\\\/leistungsprofile\\\/\"]}]},{\"@type\":\"BreadcrumbList\",\"@id\":\"https:\\\/\\\/kuhnlegmbh.de\\\/leistungsprofile\\\/#breadcrumb\",\"itemListElement\":[{\"@type\":\"ListItem\",\"position\":1,\"name\":\"Home\",\"item\":\"https:\\\/\\\/kuhnlegmbh.de\\\/\"},{\"@type\":\"ListItem\",\"position\":2,\"name\":\"Biegen von Stahltr\u00e4gern, Stahlprofilen &amp; Rohren\"}]},{\"@type\":\"WebSite\",\"@id\":\"https:\\\/\\\/cms.easyhvs.de\\\/kuhnlegmbhdev\\\/#website\",\"url\":\"https:\\\/\\\/cms.easyhvs.de\\\/kuhnlegmbhdev\\\/\",\"name\":\"Kuhnle Gmbh\",\"description\":\"Biegen und Walzen von Stahlprofilen, Rohren und Blechen, sowie Rohr-Laserschneiden\",\"publisher\":{\"@id\":\"https:\\\/\\\/cms.easyhvs.de\\\/kuhnlegmbhdev\\\/#organization\"},\"potentialAction\":[{\"@type\":\"SearchAction\",\"target\":{\"@type\":\"EntryPoint\",\"urlTemplate\":\"https:\\\/\\\/cms.easyhvs.de\\\/kuhnlegmbhdev\\\/?s={search_term_string}\"},\"query-input\":{\"@type\":\"PropertyValueSpecification\",\"valueRequired\":true,\"valueName\":\"search_term_string\"}}],\"inLanguage\":\"en-US\"},{\"@type\":\"Organization\",\"@id\":\"https:\\\/\\\/cms.easyhvs.de\\\/kuhnlegmbhdev\\\/#organization\",\"name\":\"Kuhnle Gmbh\",\"url\":\"https:\\\/\\\/cms.easyhvs.de\\\/kuhnlegmbhdev\\\/\",\"logo\":{\"@type\":\"ImageObject\",\"inLanguage\":\"en-US\",\"@id\":\"https:\\\/\\\/cms.easyhvs.de\\\/kuhnlegmbhdev\\\/#\\\/schema\\\/logo\\\/image\\\/\",\"url\":\"https:\\\/\\\/cms.easyhvs.de\\\/kuhnlegmbhdev\\\/wp-content\\\/uploads\\\/sites\\\/20\\\/2021\\\/02\\\/weku_banner_mobile.png\",\"contentUrl\":\"https:\\\/\\\/cms.easyhvs.de\\\/kuhnlegmbhdev\\\/wp-content\\\/uploads\\\/sites\\\/20\\\/2021\\\/02\\\/weku_banner_mobile.png\",\"width\":529,\"height\":198,\"caption\":\"Kuhnle Gmbh\"},\"image\":{\"@id\":\"https:\\\/\\\/cms.easyhvs.de\\\/kuhnlegmbhdev\\\/#\\\/schema\\\/logo\\\/image\\\/\"}}]}<\/script>\n<!-- \/ Yoast SEO plugin. -->","yoast_head_json":{"title":"Biegen von Stahltr\u00e4gern, Stahlprofilen &amp; Rohren - Kuhnle Gmbh","description":"Biegen von Stahltr\u00e4gern, Stahlprofilen und Rohren. Sollten Sie bestimmte Durchmesser oder L\u00e4ngen nicht finden, schicken Sie uns eine Anfrage.","robots":{"index":"index","follow":"follow","max-snippet":"max-snippet:-1","max-image-preview":"max-image-preview:large","max-video-preview":"max-video-preview:-1"},"canonical":"https:\/\/kuhnlegmbh.de\/leistungsprofile\/","og_locale":"en_US","og_type":"article","og_title":"Biegen von Stahltr\u00e4gern, Stahlprofilen &amp; Rohren - Kuhnle Gmbh","og_description":"Biegen von Stahltr\u00e4gern, Stahlprofilen und Rohren. Sollten Sie bestimmte Durchmesser oder L\u00e4ngen nicht finden, schicken Sie uns eine Anfrage.","og_url":"https:\/\/kuhnlegmbh.de\/leistungsprofile\/","og_site_name":"Kuhnle Gmbh","article_modified_time":"2022-01-14T11:29:03+00:00","twitter_card":"summary_large_image","twitter_misc":{"Est. reading time":"1 minute"},"schema":{"@context":"https:\/\/schema.org","@graph":[{"@type":"WebPage","@id":"https:\/\/kuhnlegmbh.de\/leistungsprofile\/","url":"https:\/\/kuhnlegmbh.de\/leistungsprofile\/","name":"Biegen von Stahltr\u00e4gern, Stahlprofilen &amp; Rohren - Kuhnle Gmbh","isPartOf":{"@id":"https:\/\/cms.easyhvs.de\/kuhnlegmbhdev\/#website"},"datePublished":"2021-02-22T20:09:54+00:00","dateModified":"2022-01-14T11:29:03+00:00","description":"Biegen von Stahltr\u00e4gern, Stahlprofilen und Rohren. Sollten Sie bestimmte Durchmesser oder L\u00e4ngen nicht finden, schicken Sie uns eine Anfrage.","breadcrumb":{"@id":"https:\/\/kuhnlegmbh.de\/leistungsprofile\/#breadcrumb"},"inLanguage":"en-US","potentialAction":[{"@type":"ReadAction","target":["https:\/\/kuhnlegmbh.de\/leistungsprofile\/"]}]},{"@type":"BreadcrumbList","@id":"https:\/\/kuhnlegmbh.de\/leistungsprofile\/#breadcrumb","itemListElement":[{"@type":"ListItem","position":1,"name":"Home","item":"https:\/\/kuhnlegmbh.de\/"},{"@type":"ListItem","position":2,"name":"Biegen von Stahltr\u00e4gern, Stahlprofilen &amp; Rohren"}]},{"@type":"WebSite","@id":"https:\/\/cms.easyhvs.de\/kuhnlegmbhdev\/#website","url":"https:\/\/cms.easyhvs.de\/kuhnlegmbhdev\/","name":"Kuhnle Gmbh","description":"Biegen und Walzen von Stahlprofilen, Rohren und Blechen, sowie Rohr-Laserschneiden","publisher":{"@id":"https:\/\/cms.easyhvs.de\/kuhnlegmbhdev\/#organization"},"potentialAction":[{"@type":"SearchAction","target":{"@type":"EntryPoint","urlTemplate":"https:\/\/cms.easyhvs.de\/kuhnlegmbhdev\/?s={search_term_string}"},"query-input":{"@type":"PropertyValueSpecification","valueRequired":true,"valueName":"search_term_string"}}],"inLanguage":"en-US"},{"@type":"Organization","@id":"https:\/\/cms.easyhvs.de\/kuhnlegmbhdev\/#organization","name":"Kuhnle Gmbh","url":"https:\/\/cms.easyhvs.de\/kuhnlegmbhdev\/","logo":{"@type":"ImageObject","inLanguage":"en-US","@id":"https:\/\/cms.easyhvs.de\/kuhnlegmbhdev\/#\/schema\/logo\/image\/","url":"https:\/\/cms.easyhvs.de\/kuhnlegmbhdev\/wp-content\/uploads\/sites\/20\/2021\/02\/weku_banner_mobile.png","contentUrl":"https:\/\/cms.easyhvs.de\/kuhnlegmbhdev\/wp-content\/uploads\/sites\/20\/2021\/02\/weku_banner_mobile.png","width":529,"height":198,"caption":"Kuhnle Gmbh"},"image":{"@id":"https:\/\/cms.easyhvs.de\/kuhnlegmbhdev\/#\/schema\/logo\/image\/"}}]}},"_links":{"self":[{"href":"https:\/\/cms.easyhvs.de\/kuhnlegmbhdev\/wp-json\/wp\/v2\/pages\/209","targetHints":{"allow":["GET"]}}],"collection":[{"href":"https:\/\/cms.easyhvs.de\/kuhnlegmbhdev\/wp-json\/wp\/v2\/pages"}],"about":[{"href":"https:\/\/cms.easyhvs.de\/kuhnlegmbhdev\/wp-json\/wp\/v2\/types\/page"}],"author":[{"embeddable":true,"href":"https:\/\/cms.easyhvs.de\/kuhnlegmbhdev\/wp-json\/wp\/v2\/users\/2"}],"replies":[{"embeddable":true,"href":"https:\/\/cms.easyhvs.de\/kuhnlegmbhdev\/wp-json\/wp\/v2\/comments?post=209"}],"version-history":[{"count":6,"href":"https:\/\/cms.easyhvs.de\/kuhnlegmbhdev\/wp-json\/wp\/v2\/pages\/209\/revisions"}],"predecessor-version":[{"id":944,"href":"https:\/\/cms.easyhvs.de\/kuhnlegmbhdev\/wp-json\/wp\/v2\/pages\/209\/revisions\/944"}],"wp:attachment":[{"href":"https:\/\/cms.easyhvs.de\/kuhnlegmbhdev\/wp-json\/wp\/v2\/media?parent=209"}],"curies":[{"name":"wp","href":"https:\/\/api.w.org\/{rel}","templated":true}]}}