{"id":13,"date":"2023-04-17T16:11:08","date_gmt":"2023-04-17T16:11:08","guid":{"rendered":"https:\/\/cms.easyhvs.de\/katwebdesign\/?page_id=13"},"modified":"2025-02-24T21:17:11","modified_gmt":"2025-02-24T21:17:11","slug":"datenschutz","status":"publish","type":"page","link":"https:\/\/cms.easyhvs.de\/katwebdesign\/datenschutz\/","title":{"rendered":"Datenschutz"},"content":{"rendered":"\n<p>www.katweb.de nimmt den Schutz Ihrer pers\u00f6nlichen Daten sehr ernst. Wir behandeln personenbezogene Daten vertraulich und entsprechend der gesetzlichen Datenschutzvorschriften sowie dieser Datenschutzerkl\u00e4rung.<\/p>\n\n\n\n<p>Die Nutzung unserer Webseite ist in der Regel ohne Angabe personenbezogener Daten m\u00f6glich. Soweit auf unseren Seiten personenbezogene Daten (beispielsweise Name, Anschrift oder E-Mail-Adressen) erhoben werden, erfolgt dies, soweit m\u00f6glich, stets auf freiwilliger Basis. Diese Daten werden ohne Ihre ausdr\u00fcckliche Zustimmung nicht an Dritte weitergegeben.<\/p>\n\n\n\n<p>Wir weisen darauf hin, dass die Daten\u00fcbertragung im Internet (z.B. bei der Kommunikation per E-Mail) Sicherheitsl\u00fccken aufweisen kann. Ein l\u00fcckenloser Schutz der Daten vor dem Zugriff durch Dritte ist nicht m\u00f6glich.<\/p>\n\n\n\n<p><strong>Cookies<\/strong><\/p>\n\n\n\n<p>Die Internetseiten verwenden teilweise sogenannte Cookies. Cookies richten auf Ihrem Rechner keinen Schaden an und enthalten keine Viren. Cookies dienen dazu, unser Angebot nutzerfreundlicher, effektiver und sicherer zu machen. Cookies sind kleine Textdateien, die auf Ihrem Rechner abgelegt werden und die Ihr Browser speichert.<\/p>\n\n\n\n<p>Die meisten der von uns verwendeten Cookies sind sogenannte \u201eSession-Cookies\u201c. Sie werden nach Ende Ihres Besuchs automatisch gel\u00f6scht. Andere Cookies bleiben auf Ihrem Endger\u00e4t gespeichert, bis Sie diese l\u00f6schen. Diese Cookies erm\u00f6glichen es uns, Ihren Browser beim n\u00e4chsten Besuch wiederzuerkennen.<\/p>\n\n\n\n<p>Sie k\u00f6nnen Ihren Browser so einstellen, dass Sie \u00fcber das Setzen von Cookies informiert werden und Cookies nur im Einzelfall erlauben, die Annahme von Cookies f\u00fcr bestimmte F\u00e4lle oder generell ausschlie\u00dfen sowie das automatische L\u00f6schen der Cookies beim Schlie\u00dfen des Browsers aktivieren. Bei der Deaktivierung von Cookies kann die Funktionalit\u00e4t dieser Website eingeschr\u00e4nkt sein.<\/p>\n\n\n\n<p><strong>Server-Log-Files<\/strong><\/p>\n\n\n\n<p>Diese Seite wird von der Firma M. Schidlo EDV Dienstleistungen, Eichrodstr. 2, 79117 Freiburg im Auftrag von katweb.de gehostet. Diese Seite erhebt und speichert automatisch Informationen in sogenannten Server-Log Files, die Ihr Browser automatisch beim Seitenaufruf \u00fcbermittelt. Dies sind:<\/p>\n\n\n\n<p>Browsertyp\/Browserversion<br>verwendetes Betriebssystem<br>Referrer URL<br>Hostname des zugreifenden Rechners<br>Uhrzeit der Serveranfrage<\/p>\n\n\n\n<p>Diese Daten sind nicht bestimmten Personen zuordenbar. Eine Zusammenf\u00fchrung dieser Daten mit anderen Datenquellen wird nicht vorgenommen. Wir behalten uns vor, diese Daten nachtr\u00e4glich zu pr\u00fcfen, wenn uns konkrete Anhaltspunkte f\u00fcr eine rechtswidrige Nutzung bekannt werden. Grundlage f\u00fcr die Datenverarbeitung ist Art. 6 Abs. 1 lit. B DSGVO, der die Verarbeitung von Daten zur Erf\u00fcllung eines Vertrages oder vorvertraglicher Ma\u00dfnahmen gestattet.<\/p>\n\n\n\n<p><strong>SSL-Verschl\u00fcsselung<\/strong><\/p>\n\n\n\n<p>Um die Sicherheit Ihrer Daten bei der \u00dcbertragung zu sch\u00fctzen, verwenden wir dem aktuellen Stand der Technik entsprechende Verschl\u00fcsselungsverfahren (z.B. SSL) \u00fcber HTTPS.<\/p>\n\n\n\n<p><strong>Einsatz von Matomo<\/strong><\/p>\n\n\n\n<p>Auf dieser Website werden unter Einsatz der Webanalysedienst-Software Matomo (www.matomo.org), einem Dienst des Anbieters InnoCraft Ltd., 150 Willis St, 6011 Wellington, Neuseeland, (\u201eMataomo\u201c) auf Basis unseres berechtigten Interesses an der statistischen Analyse des Nutzerverhaltens zu Optimierungs- und Marketingzwecken gem\u00e4\u00df Art. 6 Abs. 1 lit. f DSGVO Daten gesammelt und gespeichert. Aus diesen Daten k\u00f6nnen zum selben Zweck pseudonymisierte Nutzungsprofile erstellt und ausgewertet werden. Hierzu k\u00f6nnen Cookies eingesetzt werden. Bei Cookies handelt es sich um kleine Textdateien, die lokal im Zwischenspeicher des Internet-Browsers des Seitenbesuchers gespeichert werden. Die Cookies erm\u00f6glichen unter anderem die Wiedererkennung des Internet-Browsers. Die mit der Matomo-Technologie erhobenen Daten (einschlie\u00dflich Ihrer pseudonymisierten IP-Adresse) werden auf unseren Servern verarbeitet. .<br>Die durch das Cookie erzeugten Informationen im pseudonymen Nutzerprofil werden nicht dazu benutzt, den Besucher dieser Website pers\u00f6nlich zu identifizieren und nicht mit personenbezogenen Daten \u00fcber den Tr\u00e4ger des Pseudonyms zusammengef\u00fchrt.<br>Wenn Sie mit der Speicherung und Auswertung dieser Daten aus Ihrem Besuch nicht einverstanden sind, dann k\u00f6nnen Sie der Speicherung und Nutzung nachfolgend per Mausklick jederzeit widersprechen. In diesem Fall wird in Ihrem Browser ein sog. Opt-Out-Cookie abgelegt, was zur Folge hat, dass Matomo keinerlei Sitzungsdaten erhebt. Bitte beachten Sie, dass die vollst\u00e4ndige L\u00f6schung Ihrer Cookies zur Folge hat, dass auch das Opt-Out-Cookie gel\u00f6scht wird und ggf. von Ihnen erneut aktiviert werden muss.<\/p>\n\n\n\n<figure class=\"wp-block-embed\"><div class=\"wp-block-embed__wrapper\">\nhttps:\/\/ms06.easyhvs.de\/piwik\/index.php?module=CoreAdminHome&#038;action=optOut&#038;language=de\n<\/div><\/figure>\n\n\n\n<p><\/p>\n\n\n\n<p><strong>Auskunft, Berichtigung, Sperrung, L\u00f6schung und Widerspruch<\/strong><\/p>\n\n\n\n<p>Sie haben das Recht, jederzeit Auskunft \u00fcber Ihre bei uns gespeicherten personenbezogenen Daten zu erhalten. Ebenso haben Sie das Recht auf Berichtigung, Sperrung oder, abgesehen von der vorgeschriebenen Datenspeicherung zur Gesch\u00e4ftsabwicklung, L\u00f6schung Ihrer personenbezogenen Daten. Sie k\u00f6nnen \u00c4nderungen oder den Widerruf einer Einwilligung durch entsprechende Mitteilung an uns mit Wirkung f\u00fcr die Zukunft vornehmen. Bitte wenden Sie sich dazu an uns bzw. den Verantwortlichen f\u00fcr diese Webseite. Die Kontaktdaten finden Sie ganz unten.<\/p>\n\n\n\n<p><strong>\u00c4nderung unserer Datenschutzbestimmungen<\/strong><\/p>\n\n\n\n<p>Wir behalten uns vor, diese Datenschutzerkl\u00e4rung gelegentlich anzupassen, damit sie stets den aktuellen rechtlichen Anforderungen entspricht oder um \u00c4nderungen unserer Leistungen in der Datenschutzerkl\u00e4rung umzusetzen, z.B. bei der Einf\u00fchrung neuer Services. F\u00fcr Ihren erneuten Besuch gilt dann die neue Datenschutzerkl\u00e4rung.<\/p>\n\n\n\n<p><strong>Verantwortlichkeit<\/strong><\/p>\n\n\n\n<p>Betreiber dieser Website und verantwortlich f\u00fcr die Erhebung, Verarbeitung und Nutzung Ihrer pers\u00f6nlichen Daten nach Ma\u00dfgabe der Datenschutzgrundverordnung (DSGVO) und des Telemediengesetzes (TMG) ist katweb.de, vertreten durch<\/p>\n\n\n\n<p>Katalin Schidlo-Zajzon<br>Webdesignerin<\/p>\n\n\n\n<p>Homburg 4a<br>79761 Waldshut-Tiengen<br>www.katweb.de<\/p>\n","protected":false},"excerpt":{"rendered":"<p>www.katweb.de nimmt den Schutz Ihrer pers\u00f6nlichen Daten sehr ernst. Wir behandeln personenbezogene Daten vertraulich und entsprechend der gesetzlichen Datenschutzvorschriften sowie dieser Datenschutzerkl\u00e4rung. Die Nutzung unserer Webseite ist in der Regel ohne Angabe personenbezogener Daten m\u00f6glich. Soweit auf unseren Seiten personenbezogene Daten (beispielsweise Name, Anschrift oder E-Mail-Adressen) erhoben werden, erfolgt dies, soweit m\u00f6glich, stets auf freiwilliger [&hellip;]<\/p>\n","protected":false},"author":2,"featured_media":0,"parent":0,"menu_order":0,"comment_status":"closed","ping_status":"closed","template":"","meta":{"ocean_post_layout":"","ocean_both_sidebars_style":"","ocean_both_sidebars_content_width":0,"ocean_both_sidebars_sidebars_width":0,"ocean_sidebar":"0","ocean_second_sidebar":"0","ocean_disable_margins":"enable","ocean_add_body_class":"","ocean_shortcode_before_top_bar":"","ocean_shortcode_after_top_bar":"","ocean_shortcode_before_header":"","ocean_shortcode_after_header":"","ocean_has_shortcode":"","ocean_shortcode_after_title":"","ocean_shortcode_before_footer_widgets":"","ocean_shortcode_after_footer_widgets":"","ocean_shortcode_before_footer_bottom":"","ocean_shortcode_after_footer_bottom":"","ocean_display_top_bar":"default","ocean_display_header":"default","ocean_header_style":"","ocean_center_header_left_menu":"0","ocean_custom_header_template":"0","ocean_custom_logo":0,"ocean_custom_retina_logo":0,"ocean_custom_logo_max_width":0,"ocean_custom_logo_tablet_max_width":0,"ocean_custom_logo_mobile_max_width":0,"ocean_custom_logo_max_height":0,"ocean_custom_logo_tablet_max_height":0,"ocean_custom_logo_mobile_max_height":0,"ocean_header_custom_menu":"0","ocean_menu_typo_font_family":"0","ocean_menu_typo_font_subset":"","ocean_menu_typo_font_size":0,"ocean_menu_typo_font_size_tablet":0,"ocean_menu_typo_font_size_mobile":0,"ocean_menu_typo_font_size_unit":"px","ocean_menu_typo_font_weight":"","ocean_menu_typo_font_weight_tablet":"","ocean_menu_typo_font_weight_mobile":"","ocean_menu_typo_transform":"","ocean_menu_typo_transform_tablet":"","ocean_menu_typo_transform_mobile":"","ocean_menu_typo_line_height":0,"ocean_menu_typo_line_height_tablet":0,"ocean_menu_typo_line_height_mobile":0,"ocean_menu_typo_line_height_unit":"","ocean_menu_typo_spacing":0,"ocean_menu_typo_spacing_tablet":0,"ocean_menu_typo_spacing_mobile":0,"ocean_menu_typo_spacing_unit":"","ocean_menu_link_color":"","ocean_menu_link_color_hover":"","ocean_menu_link_color_active":"","ocean_menu_link_background":"","ocean_menu_link_hover_background":"","ocean_menu_link_active_background":"","ocean_menu_social_links_bg":"","ocean_menu_social_hover_links_bg":"","ocean_menu_social_links_color":"","ocean_menu_social_hover_links_color":"","ocean_disable_title":"default","ocean_disable_heading":"default","ocean_post_title":"","ocean_post_subheading":"","ocean_post_title_style":"","ocean_post_title_background_color":"","ocean_post_title_background":0,"ocean_post_title_bg_image_position":"","ocean_post_title_bg_image_attachment":"","ocean_post_title_bg_image_repeat":"","ocean_post_title_bg_image_size":"","ocean_post_title_height":0,"ocean_post_title_bg_overlay":0.5,"ocean_post_title_bg_overlay_color":"","ocean_disable_breadcrumbs":"default","ocean_breadcrumbs_color":"","ocean_breadcrumbs_separator_color":"","ocean_breadcrumbs_links_color":"","ocean_breadcrumbs_links_hover_color":"","ocean_display_footer_widgets":"default","ocean_display_footer_bottom":"default","ocean_custom_footer_template":"0","footnotes":""},"class_list":["post-13","page","type-page","status-publish","hentry","entry"],"yoast_head":"<!-- This site is optimized with the Yoast SEO plugin v27.4 - https:\/\/yoast.com\/product\/yoast-seo-wordpress\/ -->\n<title>Datenschutz - KAT-Web Design<\/title>\n<meta name=\"robots\" content=\"index, follow, max-snippet:-1, max-image-preview:large, max-video-preview:-1\" \/>\n<link rel=\"canonical\" href=\"https:\/\/www.katweb.de\/datenschutz\/\" \/>\n<meta property=\"og:locale\" content=\"en_US\" \/>\n<meta property=\"og:type\" content=\"article\" \/>\n<meta property=\"og:title\" content=\"Datenschutz - KAT-Web Design\" \/>\n<meta property=\"og:description\" content=\"www.katweb.de nimmt den Schutz Ihrer pers\u00f6nlichen Daten sehr ernst. Wir behandeln personenbezogene Daten vertraulich und entsprechend der gesetzlichen Datenschutzvorschriften sowie dieser Datenschutzerkl\u00e4rung. Die Nutzung unserer Webseite ist in der Regel ohne Angabe personenbezogener Daten m\u00f6glich. Soweit auf unseren Seiten personenbezogene Daten (beispielsweise Name, Anschrift oder E-Mail-Adressen) erhoben werden, erfolgt dies, soweit m\u00f6glich, stets auf freiwilliger [&hellip;]\" \/>\n<meta property=\"og:url\" content=\"https:\/\/www.katweb.de\/datenschutz\/\" \/>\n<meta property=\"og:site_name\" content=\"KAT-Web Design\" \/>\n<meta property=\"article:modified_time\" content=\"2025-02-24T21:17:11+00:00\" \/>\n<meta name=\"twitter:card\" content=\"summary_large_image\" \/>\n<meta name=\"twitter:label1\" content=\"Est. reading time\" \/>\n\t<meta name=\"twitter:data1\" content=\"4 minutes\" \/>\n<script type=\"application\/ld+json\" class=\"yoast-schema-graph\">{\"@context\":\"https:\\\/\\\/schema.org\",\"@graph\":[{\"@type\":\"WebPage\",\"@id\":\"https:\\\/\\\/www.katweb.de\\\/datenschutz\\\/\",\"url\":\"https:\\\/\\\/www.katweb.de\\\/datenschutz\\\/\",\"name\":\"Datenschutz - KAT-Web Design\",\"isPartOf\":{\"@id\":\"https:\\\/\\\/katweb.de\\\/#website\"},\"datePublished\":\"2023-04-17T16:11:08+00:00\",\"dateModified\":\"2025-02-24T21:17:11+00:00\",\"breadcrumb\":{\"@id\":\"https:\\\/\\\/www.katweb.de\\\/datenschutz\\\/#breadcrumb\"},\"inLanguage\":\"en-US\",\"potentialAction\":[{\"@type\":\"ReadAction\",\"target\":[\"https:\\\/\\\/www.katweb.de\\\/datenschutz\\\/\"]}]},{\"@type\":\"BreadcrumbList\",\"@id\":\"https:\\\/\\\/www.katweb.de\\\/datenschutz\\\/#breadcrumb\",\"itemListElement\":[{\"@type\":\"ListItem\",\"position\":1,\"name\":\"Home\",\"item\":\"https:\\\/\\\/www.katweb.de\\\/\"},{\"@type\":\"ListItem\",\"position\":2,\"name\":\"Datenschutz\"}]},{\"@type\":\"WebSite\",\"@id\":\"https:\\\/\\\/katweb.de\\\/#website\",\"url\":\"https:\\\/\\\/katweb.de\\\/\",\"name\":\"KAT-Web Design\",\"description\":\"\",\"publisher\":{\"@id\":\"https:\\\/\\\/katweb.de\\\/#organization\"},\"potentialAction\":[{\"@type\":\"SearchAction\",\"target\":{\"@type\":\"EntryPoint\",\"urlTemplate\":\"https:\\\/\\\/katweb.de\\\/?s={search_term_string}\"},\"query-input\":{\"@type\":\"PropertyValueSpecification\",\"valueRequired\":true,\"valueName\":\"search_term_string\"}}],\"inLanguage\":\"en-US\"},{\"@type\":\"Organization\",\"@id\":\"https:\\\/\\\/katweb.de\\\/#organization\",\"name\":\"KAT-Web Design\",\"url\":\"https:\\\/\\\/katweb.de\\\/\",\"logo\":{\"@type\":\"ImageObject\",\"inLanguage\":\"en-US\",\"@id\":\"https:\\\/\\\/katweb.de\\\/#\\\/schema\\\/logo\\\/image\\\/\",\"url\":\"https:\\\/\\\/cms.easyhvs.de\\\/katwebdesign\\\/wp-content\\\/uploads\\\/sites\\\/24\\\/2023\\\/04\\\/cropped-Cica_logo_02_480px.png\",\"contentUrl\":\"https:\\\/\\\/cms.easyhvs.de\\\/katwebdesign\\\/wp-content\\\/uploads\\\/sites\\\/24\\\/2023\\\/04\\\/cropped-Cica_logo_02_480px.png\",\"width\":385,\"height\":160,\"caption\":\"KAT-Web Design\"},\"image\":{\"@id\":\"https:\\\/\\\/katweb.de\\\/#\\\/schema\\\/logo\\\/image\\\/\"}}]}<\/script>\n<!-- \/ Yoast SEO plugin. -->","yoast_head_json":{"title":"Datenschutz - KAT-Web Design","robots":{"index":"index","follow":"follow","max-snippet":"max-snippet:-1","max-image-preview":"max-image-preview:large","max-video-preview":"max-video-preview:-1"},"canonical":"https:\/\/www.katweb.de\/datenschutz\/","og_locale":"en_US","og_type":"article","og_title":"Datenschutz - KAT-Web Design","og_description":"www.katweb.de nimmt den Schutz Ihrer pers\u00f6nlichen Daten sehr ernst. Wir behandeln personenbezogene Daten vertraulich und entsprechend der gesetzlichen Datenschutzvorschriften sowie dieser Datenschutzerkl\u00e4rung. Die Nutzung unserer Webseite ist in der Regel ohne Angabe personenbezogener Daten m\u00f6glich. Soweit auf unseren Seiten personenbezogene Daten (beispielsweise Name, Anschrift oder E-Mail-Adressen) erhoben werden, erfolgt dies, soweit m\u00f6glich, stets auf freiwilliger [&hellip;]","og_url":"https:\/\/www.katweb.de\/datenschutz\/","og_site_name":"KAT-Web Design","article_modified_time":"2025-02-24T21:17:11+00:00","twitter_card":"summary_large_image","twitter_misc":{"Est. reading time":"4 minutes"},"schema":{"@context":"https:\/\/schema.org","@graph":[{"@type":"WebPage","@id":"https:\/\/www.katweb.de\/datenschutz\/","url":"https:\/\/www.katweb.de\/datenschutz\/","name":"Datenschutz - KAT-Web Design","isPartOf":{"@id":"https:\/\/katweb.de\/#website"},"datePublished":"2023-04-17T16:11:08+00:00","dateModified":"2025-02-24T21:17:11+00:00","breadcrumb":{"@id":"https:\/\/www.katweb.de\/datenschutz\/#breadcrumb"},"inLanguage":"en-US","potentialAction":[{"@type":"ReadAction","target":["https:\/\/www.katweb.de\/datenschutz\/"]}]},{"@type":"BreadcrumbList","@id":"https:\/\/www.katweb.de\/datenschutz\/#breadcrumb","itemListElement":[{"@type":"ListItem","position":1,"name":"Home","item":"https:\/\/www.katweb.de\/"},{"@type":"ListItem","position":2,"name":"Datenschutz"}]},{"@type":"WebSite","@id":"https:\/\/katweb.de\/#website","url":"https:\/\/katweb.de\/","name":"KAT-Web Design","description":"","publisher":{"@id":"https:\/\/katweb.de\/#organization"},"potentialAction":[{"@type":"SearchAction","target":{"@type":"EntryPoint","urlTemplate":"https:\/\/katweb.de\/?s={search_term_string}"},"query-input":{"@type":"PropertyValueSpecification","valueRequired":true,"valueName":"search_term_string"}}],"inLanguage":"en-US"},{"@type":"Organization","@id":"https:\/\/katweb.de\/#organization","name":"KAT-Web Design","url":"https:\/\/katweb.de\/","logo":{"@type":"ImageObject","inLanguage":"en-US","@id":"https:\/\/katweb.de\/#\/schema\/logo\/image\/","url":"https:\/\/cms.easyhvs.de\/katwebdesign\/wp-content\/uploads\/sites\/24\/2023\/04\/cropped-Cica_logo_02_480px.png","contentUrl":"https:\/\/cms.easyhvs.de\/katwebdesign\/wp-content\/uploads\/sites\/24\/2023\/04\/cropped-Cica_logo_02_480px.png","width":385,"height":160,"caption":"KAT-Web Design"},"image":{"@id":"https:\/\/katweb.de\/#\/schema\/logo\/image\/"}}]}},"_links":{"self":[{"href":"https:\/\/cms.easyhvs.de\/katwebdesign\/wp-json\/wp\/v2\/pages\/13","targetHints":{"allow":["GET"]}}],"collection":[{"href":"https:\/\/cms.easyhvs.de\/katwebdesign\/wp-json\/wp\/v2\/pages"}],"about":[{"href":"https:\/\/cms.easyhvs.de\/katwebdesign\/wp-json\/wp\/v2\/types\/page"}],"author":[{"embeddable":true,"href":"https:\/\/cms.easyhvs.de\/katwebdesign\/wp-json\/wp\/v2\/users\/2"}],"replies":[{"embeddable":true,"href":"https:\/\/cms.easyhvs.de\/katwebdesign\/wp-json\/wp\/v2\/comments?post=13"}],"version-history":[{"count":6,"href":"https:\/\/cms.easyhvs.de\/katwebdesign\/wp-json\/wp\/v2\/pages\/13\/revisions"}],"predecessor-version":[{"id":77,"href":"https:\/\/cms.easyhvs.de\/katwebdesign\/wp-json\/wp\/v2\/pages\/13\/revisions\/77"}],"wp:attachment":[{"href":"https:\/\/cms.easyhvs.de\/katwebdesign\/wp-json\/wp\/v2\/media?parent=13"}],"curies":[{"name":"wp","href":"https:\/\/api.w.org\/{rel}","templated":true}]}}